{"id":9357,"date":"2025-03-28T17:07:10","date_gmt":"2025-03-28T15:07:10","guid":{"rendered":"https:\/\/heatex.vdisain.dev\/toode\/%d0%bd%d0%b0%d0%b3%d1%80%d0%b5%d0%b2%d0%b0%d1%82%d0%b5%d0%bb%d1%8c%d0%bd%d1%8b%d0%b5-%d1%8d%d0%bb%d0%b5%d0%bc%d0%b5%d0%bd%d1%82%d1%8b-%d0%b4%d0%bb%d1%8f-%d0%b1%d0%be%d1%87%d0%be%d0%bd%d0%ba%d0%be\/"},"modified":"2025-12-19T10:57:03","modified_gmt":"2025-12-19T08:57:03","slug":"nagrevatelnye-elementy-dlya-bochonko","status":"publish","type":"product","link":"https:\/\/heatex.ee\/ru\/toode\/nagrevatelnye-elementy-dlya-bochonko\/","title":{"rendered":"\u041d\u0430\u0433\u0440\u0435\u0432\u0430\u0442\u0435\u043b\u044c\u043d\u044b\u0435 \u044d\u043b\u0435\u043c\u0435\u043d\u0442\u044b \u0434\u043b\u044f \u0431\u043e\u0447\u043e\u043d\u043a\u043e\u0432"},"content":{"rendered":"<p>\u041d\u0430\u0433\u0440\u0435\u0432\u0430\u0442\u0435\u043b\u0438 \u0434\u043b\u044f \u043f\u043e\u0434\u043e\u0433\u0440\u0435\u0432\u0430 \u0431\u043e\u0447\u0435\u043a \u0432\u044b\u043f\u0443\u0441\u043a\u0430\u044e\u0442\u0441\u044f \u0432 \u0442\u0440\u0435\u0445 \u0441\u0442\u0430\u043d\u0434\u0430\u0440\u0442\u043d\u044b\u0445 \u0432\u0430\u0440\u0438\u0430\u043d\u0442\u0430\u0445 \u043c\u043e\u0449\u043d\u043e\u0441\u0442\u0438: 1000 \u0412\u0442, 1500 \u0412\u0442 \u0438 2000 \u0412\u0442 \u0441\u043e\u043e\u0442\u0432\u0435\u0442\u0441\u0442\u0432\u0435\u043d\u043d\u043e. \u0412 \u043e\u0441\u043d\u043e\u0432\u043d\u043e\u043c \u043e\u043d\u0438 \u0438\u0441\u043f\u043e\u043b\u044c\u0437\u0443\u044e\u0442\u0441\u044f \u0434\u043b\u044f \u043d\u0430\u0433\u0440\u0435\u0432\u0430 \u043c\u0430\u0441\u043b\u0430 \u0438 \u0434\u0440\u0443\u0433\u0438\u0445 \u0436\u0438\u0434\u043a\u043e\u0441\u0442\u0435\u0439 \u0432 \u0431\u043e\u0447\u043a\u0430\u0445.<\/p>\n<p>\u041d\u0430\u0433\u0440\u0435\u0432\u0430\u0442\u0435\u043b\u044c \u043e\u0441\u043d\u0430\u0449\u0435\u043d \u0442\u0435\u0440\u043c\u043e\u0441\u0442\u0430\u0442\u043e\u043c \u0441 \u0434\u0438\u0430\u043f\u0430\u0437\u043e\u043d\u043e\u043c \u0442\u0435\u043c\u043f\u0435\u0440\u0430\u0442\u0443\u0440 30-110\u00b0C \u0438 \u0442\u0435\u0440\u043c\u043e\u0437\u0430\u0449\u0438\u0442\u043e\u0439 165\u00b0C. \u0412 \u043a\u043e\u043c\u043f\u043b\u0435\u043a\u0442 \u0432\u0445\u043e\u0434\u0438\u0442 \u0448\u043d\u0443\u0440 \u043f\u0438\u0442\u0430\u043d\u0438\u044f \u0434\u043b\u0438\u043d\u043e\u0439 3 \u043c \u0441 \u043d\u0430\u0441\u0430\u0434\u043a\u043e\u0439.<\/p>\n<p>\u0423\u0441\u0442\u0430\u043d\u0430\u0432\u043b\u0438\u0432\u0430\u0435\u0442\u0441\u044f \u0438 \u0438\u0441\u043f\u043e\u043b\u044c\u0437\u0443\u0435\u0442\u0441\u044f \u0432 \u0441\u0443\u0445\u0438\u0445 \u0443\u0441\u043b\u043e\u0432\u0438\u044f\u0445. \u041d\u0430\u0433\u0440\u0435\u0432\u0430\u0442\u0435\u043b\u044c \u0441\u043b\u0435\u0434\u0443\u0435\u0442 \u0440\u0430\u0437\u043c\u0435\u0449\u0430\u0442\u044c \u0432 \u043d\u0438\u0436\u043d\u0435\u0439 \u0438\u043b\u0438 \u0441\u0440\u0435\u0434\u043d\u0435\u0439 \u0442\u0440\u0435\u0442\u0438 \u0431\u043e\u0447\u043a\u0438, \u0442\u0430\u043a \u043a\u0430\u043a \u043d\u0430\u0433\u0440\u0435\u0442\u0430\u044f \u0436\u0438\u0434\u043a\u043e\u0441\u0442\u044c \u043f\u043e\u0434\u043d\u0438\u043c\u0430\u0435\u0442\u0441\u044f \u043a \u0432\u0435\u0440\u0445\u0443.<\/p>\n<p>\u0418\u0441\u043f\u043e\u043b\u044c\u0437\u043e\u0432\u0430\u043d\u0438\u0435 \u043d\u0430\u0433\u0440\u0435\u0432\u0430\u0442\u0435\u043b\u044c\u043d\u044b\u0445 \u044d\u043b\u0435\u043c\u0435\u043d\u0442\u043e\u0432 \u043e\u0441\u043e\u0431\u0435\u043d\u043d\u043e \u0440\u0430\u0441\u043f\u0440\u043e\u0441\u0442\u0440\u0430\u043d\u0435\u043d\u043e \u0437\u0438\u043c\u043e\u0439, \u043a\u043e\u0433\u0434\u0430 \u0440\u0438\u0441\u043a \u0437\u0430\u043c\u0435\u0440\u0437\u0430\u043d\u0438\u044f \u043d\u0430\u0438\u0431\u043e\u043b\u0435\u0435 \u0432\u044b\u0441\u043e\u043a.<\/p>\n<p>Heakskiit: EN 60-335-1<\/p>\n<table width=\"100%\">\n<tbody>\n<tr>\n<td width=\"82\"><strong>\u041a\u043e\u0434<\/strong><\/td>\n<td width=\"92\"><strong>\u041c\u043e\u0449\u043d\u043e\u0441\u0442\u044c (\u0412\u0442)<\/strong><\/td>\n<td width=\"99\"><strong>\u0420\u0430\u0437\u043c\u0435\u0440\u044b (\u043c\u043c)<\/strong><\/td>\n<td width=\"104\"><strong>\u041e\u0431\u044a\u0435\u043c \u0431\u043e\u0447\u043a\u0438 (L)<\/strong><\/td>\n<td width=\"64\"><strong>\u041d\u0430\u043f\u0440\u044f\u0436\u0435\u043d\u0438\u0435<\/strong><\/td>\n<\/tr>\n<tr>\n<td>56800113<\/td>\n<td>1000<\/td>\n<td>580 x 200<\/td>\n<td>200<\/td>\n<td>230V<\/td>\n<\/tr>\n<tr>\n<td>56800121<\/td>\n<td>1500<\/td>\n<td>580 x 200<\/td>\n<td>200<\/td>\n<td>230V<\/td>\n<\/tr>\n<tr>\n<td>56800139<\/td>\n<td>2000<\/td>\n<td>580 x 200<\/td>\n<td>200<\/td>\n<td>230V<\/td>\n<\/tr>\n<tr>\n<td>721103<\/td>\n<td>300<\/td>\n<td>125 x 800<\/td>\n<td>25<\/td>\n<td>230V<\/td>\n<\/tr>\n<tr>\n<td>721105<\/td>\n<td>500<\/td>\n<td>125 x 940<\/td>\n<td>50<\/td>\n<td>230V<\/td>\n<\/tr>\n<tr>\n<td>721108<\/td>\n<td>800<\/td>\n<td>125 x 1300<\/td>\n<td>105<\/td>\n<td>230V<\/td>\n<\/tr>\n<tr>\n<td>721110<\/td>\n<td>1000<\/td>\n<td>125 x 1665<\/td>\n<td>200<\/td>\n<td>230V<\/td>\n<\/tr>\n<tr>\n<td>721115<\/td>\n<td>1500<\/td>\n<td>180 x 1665<\/td>\n<td>200<\/td>\n<td>230V<\/td>\n<\/tr>\n<tr>\n<td>720025<\/td>\n<td>3200<\/td>\n<td>650 x 975<\/td>\n<td>200<\/td>\n<td>230V<\/td>\n<\/tr>\n<tr>\n<td>720040<\/td>\n<td>4000<\/td>\n<td>650 x 975<\/td>\n<td>200<\/td>\n<td>400V<\/td>\n<\/tr>\n<tr>\n<td>710006<\/td>\n<td>1000<\/td>\n<td>580 x 250<\/td>\n<td>200<\/td>\n<td>230V<\/td>\n<\/tr>\n<\/tbody>\n<\/table>\n","protected":false},"excerpt":{"rendered":"<p>\u041d\u0430\u0433\u0440\u0435\u0432\u0430\u0442\u0435\u043b\u0438 \u0434\u043b\u044f \u043f\u043e\u0434\u043e\u0433\u0440\u0435\u0432\u0430 \u0431\u043e\u0447\u0435\u043a \u0432\u044b\u043f\u0443\u0441\u043a\u0430\u044e\u0442\u0441\u044f \u0432 \u0442\u0440\u0435\u0445 \u0441\u0442\u0430\u043d\u0434\u0430\u0440\u0442\u043d\u044b\u0445 \u0432\u0430\u0440\u0438\u0430\u043d\u0442\u0430\u0445 \u043c\u043e\u0449\u043d\u043e\u0441\u0442\u0438: 1000 \u0412\u0442, 1500 \u0412\u0442 \u0438 2000 \u0412\u0442 \u0441\u043e\u043e\u0442\u0432\u0435\u0442\u0441\u0442\u0432\u0435\u043d\u043d\u043e. \u0412 \u043e\u0441\u043d\u043e\u0432\u043d\u043e\u043c \u043e\u043d\u0438 \u0438\u0441\u043f\u043e\u043b\u044c\u0437\u0443\u044e\u0442\u0441\u044f \u0434\u043b\u044f \u043d\u0430\u0433\u0440\u0435\u0432\u0430 \u043c\u0430\u0441\u043b\u0430 \u0438 \u0434\u0440\u0443\u0433\u0438\u0445 \u0436\u0438\u0434\u043a\u043e\u0441\u0442\u0435\u0439 \u0432 \u0431\u043e\u0447\u043a\u0430\u0445. \u041d\u0430\u0433\u0440\u0435\u0432\u0430\u0442\u0435\u043b\u044c \u043e\u0441\u043d\u0430\u0449\u0435\u043d \u0442\u0435\u0440\u043c\u043e\u0441\u0442\u0430\u0442\u043e\u043c \u0441 \u0434\u0438\u0430\u043f\u0430\u0437\u043e\u043d\u043e\u043c \u0442\u0435\u043c\u043f\u0435\u0440\u0430\u0442\u0443\u0440 30-110\u00b0C \u0438 \u0442\u0435\u0440\u043c\u043e\u0437\u0430\u0449\u0438\u0442\u043e\u0439 165\u00b0C. \u0412 \u043a\u043e\u043c\u043f\u043b\u0435\u043a\u0442 \u0432\u0445\u043e\u0434\u0438\u0442 \u0448\u043d\u0443\u0440 \u043f\u0438\u0442\u0430\u043d\u0438\u044f \u0434\u043b\u0438\u043d\u043e\u0439 3 \u043c \u0441 \u043d\u0430\u0441\u0430\u0434\u043a\u043e\u0439. \u0423\u0441\u0442\u0430\u043d\u0430\u0432\u043b\u0438\u0432\u0430\u0435\u0442\u0441\u044f \u0438 \u0438\u0441\u043f\u043e\u043b\u044c\u0437\u0443\u0435\u0442\u0441\u044f \u0432 \u0441\u0443\u0445\u0438\u0445 [&hellip;]<\/p>\n","protected":false},"featured_media":6772,"comment_status":"closed","ping_status":"closed","template":"","meta":{"_acf_changed":false},"product_brand":[],"product_cat":[2809],"product_tag":[],"class_list":{"0":"post-9357","1":"product","2":"type-product","3":"status-publish","4":"has-post-thumbnail","6":"product_cat-nagrevateli-dlya-zhidkostej","7":"pa_materjal-ptfe-ru","8":"pa_materjal-teras-ru","9":"pa_materjal-3043","10":"pa_materjal-2811","11":"pa_materjal-3044","12":"pa_pikkus-125x800mm-ru","13":"pa_pikkus-125x940mm-ru","14":"pa_pikkus-125x1300mm-ru","15":"pa_pikkus-125x1665mm-ru","16":"pa_pikkus-370x1650mm-ru","17":"pa_pikkus-400x1020mm-ru","18":"pa_pikkus-450x1950mm-ru","19":"pa_pikkus-460x1250mm-ru","20":"pa_pikkus-800x1950mm-ru","21":"pa_pikkus-850x1950mm-ru","22":"pa_pikkus-880x600mm-ru","23":"pa_pinge-110-240v-ru","24":"pa_pinge-110-230v-ru","25":"pa_pinge-230v-ru","26":"pa_tuup-25l-ru","27":"pa_tuup-50l-ru","28":"pa_tuup-105l-ru","29":"pa_tuup-200l-ru","30":"pa_voimsus-200w-ru","31":"pa_voimsus-250w-ru","32":"pa_voimsus-300w-ru","33":"pa_voimsus-380w-ru","34":"pa_voimsus-400w-ru","35":"pa_voimsus-450w-ru","36":"pa_voimsus-500w-ru","37":"pa_voimsus-700w-ru","38":"pa_voimsus-800w-ru","39":"pa_voimsus-900w-ru","40":"pa_voimsus-1000w-ru","41":"pa_voimsus-1200w-ru","42":"pa_voimsus-1800w-ru","44":"first","45":"instock","46":"taxable","47":"shipping-taxable","48":"purchasable","49":"product-type-variable"},"acf":[],"yoast_head":"<!-- This site is optimized with the Yoast SEO plugin v27.5 - https:\/\/yoast.com\/product\/yoast-seo-wordpress\/ -->\n<title>\u041d\u0430\u0433\u0440\u0435\u0432\u0430\u0442\u0435\u043b\u044c\u043d\u044b\u0435 \u044d\u043b\u0435\u043c\u0435\u043d\u0442\u044b \u0434\u043b\u044f \u0431\u043e\u0447\u043e\u043d\u043a\u043e\u0432 - Heatex.ee k\u00fctteseadmed<\/title>\n<meta name=\"description\" content=\"\u0412 \u043e\u0441\u043d\u043e\u0432\u043d\u043e\u043c \u0438\u0441\u043f\u043e\u043b\u044c\u0437\u0443\u0435\u0442\u0441\u044f \u0434\u043b\u044f \u043f\u043e\u0434\u043e\u0433\u0440\u0435\u0432\u0430 \u043c\u0430\u0441\u043b\u0430, \u0430 \u0442\u0430\u043a\u0436\u0435 \u0434\u0440\u0443\u0433\u0438\u0445 \u0436\u0438\u0434\u043a\u043e\u0441\u0442\u0435\u0439 \u0432 \u0431\u043e\u0447\u043a\u0430\u0445. \u0423\u0441\u0442\u0430\u043d\u0430\u0432\u043b\u0438\u0432\u0430\u0435\u0442\u0441\u044f \u0438 \u0438\u0441\u043f\u043e\u043b\u044c\u0437\u0443\u0435\u0442\u0441\u044f \u0432 \u0441\u0443\u0445\u0438\u0445 \u0443\u0441\u043b\u043e\u0432\u0438\u044f\u0445.\" \/>\n<meta name=\"robots\" content=\"index, follow, max-snippet:-1, max-image-preview:large, max-video-preview:-1\" \/>\n<link rel=\"canonical\" href=\"https:\/\/heatex.ee\/ru\/toode\/nagrevatelnye-elementy-dlya-bochonko\/\" \/>\n<meta property=\"og:locale\" content=\"ru_RU\" \/>\n<meta property=\"og:type\" content=\"article\" \/>\n<meta property=\"og:title\" content=\"\u041d\u0430\u0433\u0440\u0435\u0432\u0430\u0442\u0435\u043b\u044c\u043d\u044b\u0435 \u044d\u043b\u0435\u043c\u0435\u043d\u0442\u044b \u0434\u043b\u044f \u0431\u043e\u0447\u043e\u043d\u043a\u043e\u0432 - Heatex.ee k\u00fctteseadmed\" \/>\n<meta property=\"og:description\" content=\"\u0412 \u043e\u0441\u043d\u043e\u0432\u043d\u043e\u043c \u0438\u0441\u043f\u043e\u043b\u044c\u0437\u0443\u0435\u0442\u0441\u044f \u0434\u043b\u044f \u043f\u043e\u0434\u043e\u0433\u0440\u0435\u0432\u0430 \u043c\u0430\u0441\u043b\u0430, \u0430 \u0442\u0430\u043a\u0436\u0435 \u0434\u0440\u0443\u0433\u0438\u0445 \u0436\u0438\u0434\u043a\u043e\u0441\u0442\u0435\u0439 \u0432 \u0431\u043e\u0447\u043a\u0430\u0445. \u0423\u0441\u0442\u0430\u043d\u0430\u0432\u043b\u0438\u0432\u0430\u0435\u0442\u0441\u044f \u0438 \u0438\u0441\u043f\u043e\u043b\u044c\u0437\u0443\u0435\u0442\u0441\u044f \u0432 \u0441\u0443\u0445\u0438\u0445 \u0443\u0441\u043b\u043e\u0432\u0438\u044f\u0445.\" \/>\n<meta property=\"og:url\" content=\"https:\/\/heatex.ee\/ru\/toode\/nagrevatelnye-elementy-dlya-bochonko\/\" \/>\n<meta property=\"og:site_name\" content=\"Heatex.ee k\u00fctteseadmed\" \/>\n<meta property=\"article:modified_time\" content=\"2025-12-19T08:57:03+00:00\" \/>\n<meta property=\"og:image\" content=\"https:\/\/heatex.ee\/wp-content\/uploads\/2025\/03\/Tunnide-kuttekehad.jpg\" \/>\n\t<meta property=\"og:image:width\" content=\"500\" \/>\n\t<meta property=\"og:image:height\" content=\"500\" \/>\n\t<meta property=\"og:image:type\" content=\"image\/jpeg\" \/>\n<meta name=\"twitter:card\" content=\"summary_large_image\" \/>\n<meta name=\"twitter:label1\" content=\"\u041f\u0440\u0438\u043c\u0435\u0440\u043d\u043e\u0435 \u0432\u0440\u0435\u043c\u044f \u0434\u043b\u044f \u0447\u0442\u0435\u043d\u0438\u044f\" \/>\n\t<meta name=\"twitter:data1\" content=\"2 \u043c\u0438\u043d\u0443\u0442\u044b\" \/>\n<script type=\"application\/ld+json\" class=\"yoast-schema-graph\">{\"@context\":\"https:\\\/\\\/schema.org\",\"@graph\":[{\"@type\":\"WebPage\",\"@id\":\"https:\\\/\\\/heatex.ee\\\/ru\\\/toode\\\/nagrevatelnye-elementy-dlya-bochonko\\\/\",\"url\":\"https:\\\/\\\/heatex.ee\\\/ru\\\/toode\\\/nagrevatelnye-elementy-dlya-bochonko\\\/\",\"name\":\"\u041d\u0430\u0433\u0440\u0435\u0432\u0430\u0442\u0435\u043b\u044c\u043d\u044b\u0435 \u044d\u043b\u0435\u043c\u0435\u043d\u0442\u044b \u0434\u043b\u044f \u0431\u043e\u0447\u043e\u043d\u043a\u043e\u0432 - Heatex.ee k\u00fctteseadmed\",\"isPartOf\":{\"@id\":\"https:\\\/\\\/heatex.ee\\\/ru\\\/#website\"},\"primaryImageOfPage\":{\"@id\":\"https:\\\/\\\/heatex.ee\\\/ru\\\/toode\\\/nagrevatelnye-elementy-dlya-bochonko\\\/#primaryimage\"},\"image\":{\"@id\":\"https:\\\/\\\/heatex.ee\\\/ru\\\/toode\\\/nagrevatelnye-elementy-dlya-bochonko\\\/#primaryimage\"},\"thumbnailUrl\":\"https:\\\/\\\/heatex.ee\\\/wp-content\\\/uploads\\\/2025\\\/03\\\/Tunnide-kuttekehad.jpg\",\"datePublished\":\"2025-03-28T15:07:10+00:00\",\"dateModified\":\"2025-12-19T08:57:03+00:00\",\"description\":\"\u0412 \u043e\u0441\u043d\u043e\u0432\u043d\u043e\u043c \u0438\u0441\u043f\u043e\u043b\u044c\u0437\u0443\u0435\u0442\u0441\u044f \u0434\u043b\u044f \u043f\u043e\u0434\u043e\u0433\u0440\u0435\u0432\u0430 \u043c\u0430\u0441\u043b\u0430, \u0430 \u0442\u0430\u043a\u0436\u0435 \u0434\u0440\u0443\u0433\u0438\u0445 \u0436\u0438\u0434\u043a\u043e\u0441\u0442\u0435\u0439 \u0432 \u0431\u043e\u0447\u043a\u0430\u0445. \u0423\u0441\u0442\u0430\u043d\u0430\u0432\u043b\u0438\u0432\u0430\u0435\u0442\u0441\u044f \u0438 \u0438\u0441\u043f\u043e\u043b\u044c\u0437\u0443\u0435\u0442\u0441\u044f \u0432 \u0441\u0443\u0445\u0438\u0445 \u0443\u0441\u043b\u043e\u0432\u0438\u044f\u0445.\",\"breadcrumb\":{\"@id\":\"https:\\\/\\\/heatex.ee\\\/ru\\\/toode\\\/nagrevatelnye-elementy-dlya-bochonko\\\/#breadcrumb\"},\"inLanguage\":\"ru-RU\",\"potentialAction\":[{\"@type\":\"ReadAction\",\"target\":[\"https:\\\/\\\/heatex.ee\\\/ru\\\/toode\\\/nagrevatelnye-elementy-dlya-bochonko\\\/\"]}]},{\"@type\":\"ImageObject\",\"inLanguage\":\"ru-RU\",\"@id\":\"https:\\\/\\\/heatex.ee\\\/ru\\\/toode\\\/nagrevatelnye-elementy-dlya-bochonko\\\/#primaryimage\",\"url\":\"https:\\\/\\\/heatex.ee\\\/wp-content\\\/uploads\\\/2025\\\/03\\\/Tunnide-kuttekehad.jpg\",\"contentUrl\":\"https:\\\/\\\/heatex.ee\\\/wp-content\\\/uploads\\\/2025\\\/03\\\/Tunnide-kuttekehad.jpg\",\"width\":500,\"height\":500},{\"@type\":\"BreadcrumbList\",\"@id\":\"https:\\\/\\\/heatex.ee\\\/ru\\\/toode\\\/nagrevatelnye-elementy-dlya-bochonko\\\/#breadcrumb\",\"itemListElement\":[{\"@type\":\"ListItem\",\"position\":1,\"name\":\"Home\",\"item\":\"https:\\\/\\\/heatex.ee\\\/ru\\\/\"},{\"@type\":\"ListItem\",\"position\":2,\"name\":\"\u041c\u0430\u0433\u0430\u0437\u0438\u043d\",\"item\":\"https:\\\/\\\/heatex.ee\\\/ru\\\/magazin\\\/\"},{\"@type\":\"ListItem\",\"position\":3,\"name\":\"\u041d\u0430\u0433\u0440\u0435\u0432\u0430\u0442\u0435\u043b\u044c\u043d\u044b\u0435 \u044d\u043b\u0435\u043c\u0435\u043d\u0442\u044b \u0434\u043b\u044f \u0431\u043e\u0447\u043e\u043d\u043a\u043e\u0432\"}]},{\"@type\":\"WebSite\",\"@id\":\"https:\\\/\\\/heatex.ee\\\/ru\\\/#website\",\"url\":\"https:\\\/\\\/heatex.ee\\\/ru\\\/\",\"name\":\"Heatex.ee k\u00fctteseadmed\",\"description\":\"\u0418\u043c\u043f\u043e\u0440\u0442\u0435\u0440 \u044d\u043b\u0435\u043a\u0442\u0440\u0438\u0447\u0435\u0441\u043a\u0438\u0445 \u043e\u0431\u043e\u0433\u0440\u0435\u0432\u0430\u0442\u0435\u043b\u0435\u0439 \u0432 \u042d\u0441\u0442\u043e\u043d\u0438\u0438\",\"publisher\":{\"@id\":\"https:\\\/\\\/heatex.ee\\\/ru\\\/#organization\"},\"alternateName\":\"T\u00f6\u00f6tstuslikud Elektroonilised K\u00fctteseadmed\",\"potentialAction\":[{\"@type\":\"SearchAction\",\"target\":{\"@type\":\"EntryPoint\",\"urlTemplate\":\"https:\\\/\\\/heatex.ee\\\/ru\\\/?s={search_term_string}\"},\"query-input\":{\"@type\":\"PropertyValueSpecification\",\"valueRequired\":true,\"valueName\":\"search_term_string\"}}],\"inLanguage\":\"ru-RU\"},{\"@type\":\"Organization\",\"@id\":\"https:\\\/\\\/heatex.ee\\\/ru\\\/#organization\",\"name\":\"Heatex.ee k\u00fctteseadmed\",\"alternateName\":\"T\u00f6\u00f6tstuslikud Elektroonilised K\u00fctteseadmed\",\"url\":\"https:\\\/\\\/heatex.ee\\\/ru\\\/\",\"logo\":{\"@type\":\"ImageObject\",\"inLanguage\":\"ru-RU\",\"@id\":\"https:\\\/\\\/heatex.ee\\\/ru\\\/#\\\/schema\\\/logo\\\/image\\\/\",\"url\":\"https:\\\/\\\/heatex.ee\\\/wp-content\\\/uploads\\\/2025\\\/03\\\/cropped-Heatex-Logo-2.png\",\"contentUrl\":\"https:\\\/\\\/heatex.ee\\\/wp-content\\\/uploads\\\/2025\\\/03\\\/cropped-Heatex-Logo-2.png\",\"width\":800,\"height\":228,\"caption\":\"Heatex.ee k\u00fctteseadmed\"},\"image\":{\"@id\":\"https:\\\/\\\/heatex.ee\\\/ru\\\/#\\\/schema\\\/logo\\\/image\\\/\"}}]}<\/script>\n<!-- \/ Yoast SEO plugin. -->","yoast_head_json":{"title":"\u041d\u0430\u0433\u0440\u0435\u0432\u0430\u0442\u0435\u043b\u044c\u043d\u044b\u0435 \u044d\u043b\u0435\u043c\u0435\u043d\u0442\u044b \u0434\u043b\u044f \u0431\u043e\u0447\u043e\u043d\u043a\u043e\u0432 - Heatex.ee k\u00fctteseadmed","description":"\u0412 \u043e\u0441\u043d\u043e\u0432\u043d\u043e\u043c \u0438\u0441\u043f\u043e\u043b\u044c\u0437\u0443\u0435\u0442\u0441\u044f \u0434\u043b\u044f \u043f\u043e\u0434\u043e\u0433\u0440\u0435\u0432\u0430 \u043c\u0430\u0441\u043b\u0430, \u0430 \u0442\u0430\u043a\u0436\u0435 \u0434\u0440\u0443\u0433\u0438\u0445 \u0436\u0438\u0434\u043a\u043e\u0441\u0442\u0435\u0439 \u0432 \u0431\u043e\u0447\u043a\u0430\u0445. \u0423\u0441\u0442\u0430\u043d\u0430\u0432\u043b\u0438\u0432\u0430\u0435\u0442\u0441\u044f \u0438 \u0438\u0441\u043f\u043e\u043b\u044c\u0437\u0443\u0435\u0442\u0441\u044f \u0432 \u0441\u0443\u0445\u0438\u0445 \u0443\u0441\u043b\u043e\u0432\u0438\u044f\u0445.","robots":{"index":"index","follow":"follow","max-snippet":"max-snippet:-1","max-image-preview":"max-image-preview:large","max-video-preview":"max-video-preview:-1"},"canonical":"https:\/\/heatex.ee\/ru\/toode\/nagrevatelnye-elementy-dlya-bochonko\/","og_locale":"ru_RU","og_type":"article","og_title":"\u041d\u0430\u0433\u0440\u0435\u0432\u0430\u0442\u0435\u043b\u044c\u043d\u044b\u0435 \u044d\u043b\u0435\u043c\u0435\u043d\u0442\u044b \u0434\u043b\u044f \u0431\u043e\u0447\u043e\u043d\u043a\u043e\u0432 - Heatex.ee k\u00fctteseadmed","og_description":"\u0412 \u043e\u0441\u043d\u043e\u0432\u043d\u043e\u043c \u0438\u0441\u043f\u043e\u043b\u044c\u0437\u0443\u0435\u0442\u0441\u044f \u0434\u043b\u044f \u043f\u043e\u0434\u043e\u0433\u0440\u0435\u0432\u0430 \u043c\u0430\u0441\u043b\u0430, \u0430 \u0442\u0430\u043a\u0436\u0435 \u0434\u0440\u0443\u0433\u0438\u0445 \u0436\u0438\u0434\u043a\u043e\u0441\u0442\u0435\u0439 \u0432 \u0431\u043e\u0447\u043a\u0430\u0445. \u0423\u0441\u0442\u0430\u043d\u0430\u0432\u043b\u0438\u0432\u0430\u0435\u0442\u0441\u044f \u0438 \u0438\u0441\u043f\u043e\u043b\u044c\u0437\u0443\u0435\u0442\u0441\u044f \u0432 \u0441\u0443\u0445\u0438\u0445 \u0443\u0441\u043b\u043e\u0432\u0438\u044f\u0445.","og_url":"https:\/\/heatex.ee\/ru\/toode\/nagrevatelnye-elementy-dlya-bochonko\/","og_site_name":"Heatex.ee k\u00fctteseadmed","article_modified_time":"2025-12-19T08:57:03+00:00","og_image":[{"width":500,"height":500,"url":"https:\/\/heatex.ee\/wp-content\/uploads\/2025\/03\/Tunnide-kuttekehad.jpg","type":"image\/jpeg"}],"twitter_card":"summary_large_image","twitter_misc":{"\u041f\u0440\u0438\u043c\u0435\u0440\u043d\u043e\u0435 \u0432\u0440\u0435\u043c\u044f \u0434\u043b\u044f \u0447\u0442\u0435\u043d\u0438\u044f":"2 \u043c\u0438\u043d\u0443\u0442\u044b"},"schema":{"@context":"https:\/\/schema.org","@graph":[{"@type":"WebPage","@id":"https:\/\/heatex.ee\/ru\/toode\/nagrevatelnye-elementy-dlya-bochonko\/","url":"https:\/\/heatex.ee\/ru\/toode\/nagrevatelnye-elementy-dlya-bochonko\/","name":"\u041d\u0430\u0433\u0440\u0435\u0432\u0430\u0442\u0435\u043b\u044c\u043d\u044b\u0435 \u044d\u043b\u0435\u043c\u0435\u043d\u0442\u044b \u0434\u043b\u044f \u0431\u043e\u0447\u043e\u043d\u043a\u043e\u0432 - Heatex.ee k\u00fctteseadmed","isPartOf":{"@id":"https:\/\/heatex.ee\/ru\/#website"},"primaryImageOfPage":{"@id":"https:\/\/heatex.ee\/ru\/toode\/nagrevatelnye-elementy-dlya-bochonko\/#primaryimage"},"image":{"@id":"https:\/\/heatex.ee\/ru\/toode\/nagrevatelnye-elementy-dlya-bochonko\/#primaryimage"},"thumbnailUrl":"https:\/\/heatex.ee\/wp-content\/uploads\/2025\/03\/Tunnide-kuttekehad.jpg","datePublished":"2025-03-28T15:07:10+00:00","dateModified":"2025-12-19T08:57:03+00:00","description":"\u0412 \u043e\u0441\u043d\u043e\u0432\u043d\u043e\u043c \u0438\u0441\u043f\u043e\u043b\u044c\u0437\u0443\u0435\u0442\u0441\u044f \u0434\u043b\u044f \u043f\u043e\u0434\u043e\u0433\u0440\u0435\u0432\u0430 \u043c\u0430\u0441\u043b\u0430, \u0430 \u0442\u0430\u043a\u0436\u0435 \u0434\u0440\u0443\u0433\u0438\u0445 \u0436\u0438\u0434\u043a\u043e\u0441\u0442\u0435\u0439 \u0432 \u0431\u043e\u0447\u043a\u0430\u0445. \u0423\u0441\u0442\u0430\u043d\u0430\u0432\u043b\u0438\u0432\u0430\u0435\u0442\u0441\u044f \u0438 \u0438\u0441\u043f\u043e\u043b\u044c\u0437\u0443\u0435\u0442\u0441\u044f \u0432 \u0441\u0443\u0445\u0438\u0445 \u0443\u0441\u043b\u043e\u0432\u0438\u044f\u0445.","breadcrumb":{"@id":"https:\/\/heatex.ee\/ru\/toode\/nagrevatelnye-elementy-dlya-bochonko\/#breadcrumb"},"inLanguage":"ru-RU","potentialAction":[{"@type":"ReadAction","target":["https:\/\/heatex.ee\/ru\/toode\/nagrevatelnye-elementy-dlya-bochonko\/"]}]},{"@type":"ImageObject","inLanguage":"ru-RU","@id":"https:\/\/heatex.ee\/ru\/toode\/nagrevatelnye-elementy-dlya-bochonko\/#primaryimage","url":"https:\/\/heatex.ee\/wp-content\/uploads\/2025\/03\/Tunnide-kuttekehad.jpg","contentUrl":"https:\/\/heatex.ee\/wp-content\/uploads\/2025\/03\/Tunnide-kuttekehad.jpg","width":500,"height":500},{"@type":"BreadcrumbList","@id":"https:\/\/heatex.ee\/ru\/toode\/nagrevatelnye-elementy-dlya-bochonko\/#breadcrumb","itemListElement":[{"@type":"ListItem","position":1,"name":"Home","item":"https:\/\/heatex.ee\/ru\/"},{"@type":"ListItem","position":2,"name":"\u041c\u0430\u0433\u0430\u0437\u0438\u043d","item":"https:\/\/heatex.ee\/ru\/magazin\/"},{"@type":"ListItem","position":3,"name":"\u041d\u0430\u0433\u0440\u0435\u0432\u0430\u0442\u0435\u043b\u044c\u043d\u044b\u0435 \u044d\u043b\u0435\u043c\u0435\u043d\u0442\u044b \u0434\u043b\u044f \u0431\u043e\u0447\u043e\u043d\u043a\u043e\u0432"}]},{"@type":"WebSite","@id":"https:\/\/heatex.ee\/ru\/#website","url":"https:\/\/heatex.ee\/ru\/","name":"Heatex.ee k\u00fctteseadmed","description":"\u0418\u043c\u043f\u043e\u0440\u0442\u0435\u0440 \u044d\u043b\u0435\u043a\u0442\u0440\u0438\u0447\u0435\u0441\u043a\u0438\u0445 \u043e\u0431\u043e\u0433\u0440\u0435\u0432\u0430\u0442\u0435\u043b\u0435\u0439 \u0432 \u042d\u0441\u0442\u043e\u043d\u0438\u0438","publisher":{"@id":"https:\/\/heatex.ee\/ru\/#organization"},"alternateName":"T\u00f6\u00f6tstuslikud Elektroonilised K\u00fctteseadmed","potentialAction":[{"@type":"SearchAction","target":{"@type":"EntryPoint","urlTemplate":"https:\/\/heatex.ee\/ru\/?s={search_term_string}"},"query-input":{"@type":"PropertyValueSpecification","valueRequired":true,"valueName":"search_term_string"}}],"inLanguage":"ru-RU"},{"@type":"Organization","@id":"https:\/\/heatex.ee\/ru\/#organization","name":"Heatex.ee k\u00fctteseadmed","alternateName":"T\u00f6\u00f6tstuslikud Elektroonilised K\u00fctteseadmed","url":"https:\/\/heatex.ee\/ru\/","logo":{"@type":"ImageObject","inLanguage":"ru-RU","@id":"https:\/\/heatex.ee\/ru\/#\/schema\/logo\/image\/","url":"https:\/\/heatex.ee\/wp-content\/uploads\/2025\/03\/cropped-Heatex-Logo-2.png","contentUrl":"https:\/\/heatex.ee\/wp-content\/uploads\/2025\/03\/cropped-Heatex-Logo-2.png","width":800,"height":228,"caption":"Heatex.ee k\u00fctteseadmed"},"image":{"@id":"https:\/\/heatex.ee\/ru\/#\/schema\/logo\/image\/"}}]}},"_links":{"self":[{"href":"https:\/\/heatex.ee\/ru\/wp-json\/wp\/v2\/product\/9357","targetHints":{"allow":["GET"]}}],"collection":[{"href":"https:\/\/heatex.ee\/ru\/wp-json\/wp\/v2\/product"}],"about":[{"href":"https:\/\/heatex.ee\/ru\/wp-json\/wp\/v2\/types\/product"}],"replies":[{"embeddable":true,"href":"https:\/\/heatex.ee\/ru\/wp-json\/wp\/v2\/comments?post=9357"}],"wp:featuredmedia":[{"embeddable":true,"href":"https:\/\/heatex.ee\/ru\/wp-json\/wp\/v2\/media\/6772"}],"wp:attachment":[{"href":"https:\/\/heatex.ee\/ru\/wp-json\/wp\/v2\/media?parent=9357"}],"wp:term":[{"taxonomy":"product_brand","embeddable":true,"href":"https:\/\/heatex.ee\/ru\/wp-json\/wp\/v2\/product_brand?post=9357"},{"taxonomy":"product_cat","embeddable":true,"href":"https:\/\/heatex.ee\/ru\/wp-json\/wp\/v2\/product_cat?post=9357"},{"taxonomy":"product_tag","embeddable":true,"href":"https:\/\/heatex.ee\/ru\/wp-json\/wp\/v2\/product_tag?post=9357"}],"curies":[{"name":"wp","href":"https:\/\/api.w.org\/{rel}","templated":true}]}}