{"id":9127,"date":"2025-03-28T17:08:52","date_gmt":"2025-03-28T15:08:52","guid":{"rendered":"https:\/\/heatex.vdisain.dev\/toode\/%d0%bf%d1%80%d1%8f%d0%bc%d1%8b%d0%b5-%d0%bd%d0%b0%d0%b3%d1%80%d0%b5%d0%b2%d0%b0%d1%82%d0%b5%d0%bb%d1%8c%d0%bd%d1%8b%d0%b5-%d1%8d%d0%bb%d0%b5%d0%bc%d0%b5%d0%bd%d1%82%d1%8b\/"},"modified":"2025-12-19T11:07:57","modified_gmt":"2025-12-19T09:07:57","slug":"pryamye-nagrevatelnye-elementy","status":"publish","type":"product","link":"https:\/\/heatex.ee\/ru\/toode\/pryamye-nagrevatelnye-elementy\/","title":{"rendered":"\u041f\u0440\u044f\u043c\u044b\u0435 \u043d\u0430\u0433\u0440\u0435\u0432\u0430\u0442\u0435\u043b\u044c\u043d\u044b\u0435 \u044d\u043b\u0435\u043c\u0435\u043d\u0442\u044b"},"content":{"rendered":"<p>\u041d\u0430\u0433\u0440\u0435\u0432\u0430\u0442\u0435\u043b\u0438 \u0432\u044b\u043f\u0443\u0441\u043a\u0430\u044e\u0442\u0441\u044f \u0440\u0430\u0437\u043b\u0438\u0447\u043d\u043e\u0439 \u0434\u043b\u0438\u043d\u044b \u0438 \u043c\u043e\u0449\u043d\u043e\u0441\u0442\u0438. \u041f\u043e\u0434\u0445\u043e\u0434\u044f\u0442 \u0434\u043b\u044f \u043d\u0430\u0433\u0440\u0435\u0432\u0430 \u0432\u043e\u0437\u0434\u0443\u0445\u0430, \u0432\u043e\u0434\u044b \u0438 \u0430\u0433\u0440\u0435\u0441\u0441\u0438\u0432\u043d\u044b\u0445 \u0436\u0438\u0434\u043a\u043e\u0441\u0442\u0435\u0439.<\/p>\n<p>\u0412\u044b\u043f\u0443\u0441\u043a\u0430\u044e\u0442\u0441\u044f \u0441 \u0444\u043b\u0430\u043d\u0446\u0435\u043c \u0438 \u0440\u0435\u0437\u044c\u0431\u043e\u0439 1&#8243;, 1 \u00bc&#187;, 1 \u00bd&#187;, 2&#8243;, 2 \u00bd&#187;.<\/p>\n<p>\u0414\u043e\u0441\u0442\u0443\u043f\u043d\u044b\u0435 \u043f\u043e\u043a\u0440\u044b\u0442\u0438\u044f \u043f\u043e\u0432\u0435\u0440\u0445\u043d\u043e\u0441\u0442\u0438: AISI304, AISI316, INCOLOY825, \u043d\u0438\u043a\u0435\u043b\u044c.<\/p>\n<p>\u0421\u0422\u0410\u041d\u0414\u0410\u0420\u0422\u0412\u0410\u041b\u0418\u041a:<\/p>\n<table width=\"1374\">\n<tbody>\n<tr>\n<td width=\"87\"><strong>\u0421\u043e\u0441\u0442\u043e\u044f\u043d\u0438\u0435 \u043d\u0438\u0442\u0438<\/strong><\/td>\n<td width=\"84\"><strong>\u041c\u043e\u0449\u043d\u043e\u0441\u0442\u044c \u0412\u0442<\/strong><\/td>\n<td width=\"77\"><strong>\u041d\u0430\u043f\u0440\u044f\u0436\u0435\u043d\u0438\u0435<\/strong><\/td>\n<td width=\"64\"><strong>\u0414\u043b\u0438\u043d\u0430<\/strong><\/td>\n<td width=\"83\"><strong>\u041c\u0430\u0442\u0435\u0440\u0438\u0430\u043b<\/strong><\/td>\n<\/tr>\n<tr>\n<td width=\"87\">2\u2033<\/td>\n<td width=\"84\">2000<\/td>\n<td width=\"77\">3x400V<\/td>\n<td width=\"64\">175<\/td>\n<td width=\"83\">AISI316<\/td>\n<\/tr>\n<tr>\n<td width=\"87\">2\u2033<\/td>\n<td width=\"84\">3000<\/td>\n<td width=\"77\">3x400V<\/td>\n<td width=\"64\">235<\/td>\n<td width=\"83\">AISI316<\/td>\n<\/tr>\n<tr>\n<td width=\"87\">2\u2033<\/td>\n<td width=\"84\">4500<\/td>\n<td width=\"77\">3x400V<\/td>\n<td width=\"64\">335<\/td>\n<td width=\"83\">AISI316<\/td>\n<\/tr>\n<tr>\n<td width=\"87\">2\u2033<\/td>\n<td width=\"84\">6000<\/td>\n<td width=\"77\">3x400V<\/td>\n<td width=\"64\">435<\/td>\n<td width=\"83\">AISI316<\/td>\n<\/tr>\n<tr>\n<td width=\"87\">2\u2033<\/td>\n<td width=\"84\">7500<\/td>\n<td width=\"77\">3x400V<\/td>\n<td width=\"64\">525<\/td>\n<td width=\"83\">AISI316<\/td>\n<\/tr>\n<tr>\n<td width=\"87\">2\u2033<\/td>\n<td width=\"84\">9000<\/td>\n<td width=\"77\">3x400V<\/td>\n<td width=\"64\">625<\/td>\n<td width=\"83\">AISI316<\/td>\n<\/tr>\n<tr>\n<td width=\"87\">2\u2033<\/td>\n<td width=\"84\">9000<\/td>\n<td width=\"77\">3x400V<\/td>\n<td width=\"64\">400<\/td>\n<td width=\"83\">AISI316<\/td>\n<\/tr>\n<tr>\n<td width=\"87\">2\u2033<\/td>\n<td width=\"84\">12000<\/td>\n<td width=\"77\">3&#215;400 \u0412<\/td>\n<td width=\"64\">480<\/td>\n<td width=\"83\">AISI316<\/td>\n<\/tr>\n<tr>\n<td width=\"87\">2\u2033<\/td>\n<td width=\"84\">2000<\/td>\n<td width=\"77\">3x400V<\/td>\n<td width=\"64\">175<\/td>\n<td width=\"83\">INCOLOY825<\/td>\n<\/tr>\n<tr>\n<td width=\"87\">2\u2033<\/td>\n<td width=\"84\">3000<\/td>\n<td width=\"77\">3x400V<\/td>\n<td width=\"64\">235<\/td>\n<td width=\"83\">INCOLOY825<\/td>\n<\/tr>\n<tr>\n<td width=\"87\">2\u2033<\/td>\n<td width=\"84\">4500<\/td>\n<td width=\"77\">3x400V<\/td>\n<td width=\"64\">335<\/td>\n<td width=\"83\">\u0418\u041d\u041a\u041e\u041b\u041e\u0419825<\/td>\n<\/tr>\n<tr>\n<td width=\"87\">2\u2033<\/td>\n<td width=\"84\">6000<\/td>\n<td width=\"77\">3x400V<\/td>\n<td width=\"64\">435<\/td>\n<td width=\"83\">\u0418\u041d\u041a\u041e\u041b\u041e\u0419825<\/td>\n<\/tr>\n<tr>\n<td width=\"87\">2\u2033<\/td>\n<td width=\"84\">7500<\/td>\n<td width=\"77\">3x400V<\/td>\n<td width=\"64\">525<\/td>\n<td width=\"83\">INCOLOY825<\/td>\n<\/tr>\n<tr>\n<td width=\"87\">2\u2033<\/td>\n<td width=\"84\">9000<\/td>\n<td width=\"77\">3x400V<\/td>\n<td width=\"64\">625<\/td>\n<td width=\"83\">\u0418\u041d\u041a\u041e\u041b\u041e\u0419825<\/td>\n<\/tr>\n<tr>\n<td width=\"87\">2\u2033<\/td>\n<td width=\"84\">12000<\/td>\n<td width=\"77\">3x400V<\/td>\n<td width=\"64\">730<\/td>\n<td width=\"83\">INCOLOY825<\/td>\n<\/tr>\n<tr>\n<td width=\"87\">2\u2033<\/td>\n<td width=\"84\">15000<\/td>\n<td width=\"77\">3x400V<\/td>\n<td width=\"64\">905<\/td>\n<td width=\"83\">INCOLOY825<\/td>\n<\/tr>\n<tr>\n<td width=\"87\">2\u2033<\/td>\n<td width=\"84\">20000<\/td>\n<td width=\"77\">3x400V<\/td>\n<td width=\"64\">1150<\/td>\n<td width=\"83\">\u0418\u041d\u041a\u041e\u041b\u041e\u0419825<\/td>\n<\/tr>\n<tr>\n<td width=\"87\">2 \u00bd&#187;<\/td>\n<td width=\"84\">6000<\/td>\n<td width=\"77\">3x400V<\/td>\n<td width=\"64\">255<\/td>\n<td width=\"83\">AISI316<\/td>\n<\/tr>\n<tr>\n<td width=\"87\">2 \u00bd&#187;<\/td>\n<td width=\"84\">7500<\/td>\n<td width=\"77\">3x400V<\/td>\n<td width=\"64\">330<\/td>\n<td width=\"83\">AISI316<\/td>\n<\/tr>\n<tr>\n<td width=\"87\">2 \u00bd&#187;<\/td>\n<td width=\"84\">9000<\/td>\n<td width=\"77\">3x400V<\/td>\n<td width=\"64\">390<\/td>\n<td width=\"83\">AISI316<\/td>\n<\/tr>\n<\/tbody>\n<\/table>\n","protected":false},"excerpt":{"rendered":"<p>\u041d\u0430\u0433\u0440\u0435\u0432\u0430\u0442\u0435\u043b\u0438 \u0432\u044b\u043f\u0443\u0441\u043a\u0430\u044e\u0442\u0441\u044f \u0440\u0430\u0437\u043b\u0438\u0447\u043d\u043e\u0439 \u0434\u043b\u0438\u043d\u044b \u0438 \u043c\u043e\u0449\u043d\u043e\u0441\u0442\u0438. \u041f\u043e\u0434\u0445\u043e\u0434\u044f\u0442 \u0434\u043b\u044f \u043d\u0430\u0433\u0440\u0435\u0432\u0430 \u0432\u043e\u0437\u0434\u0443\u0445\u0430, \u0432\u043e\u0434\u044b \u0438 \u0430\u0433\u0440\u0435\u0441\u0441\u0438\u0432\u043d\u044b\u0445 \u0436\u0438\u0434\u043a\u043e\u0441\u0442\u0435\u0439. \u0412\u044b\u043f\u0443\u0441\u043a\u0430\u044e\u0442\u0441\u044f \u0441 \u0444\u043b\u0430\u043d\u0446\u0435\u043c \u0438 \u0440\u0435\u0437\u044c\u0431\u043e\u0439 1&#8243;, 1 \u00bc&#187;, 1 \u00bd&#187;, 2&#8243;, 2 \u00bd&#187;. \u0414\u043e\u0441\u0442\u0443\u043f\u043d\u044b\u0435 \u043f\u043e\u043a\u0440\u044b\u0442\u0438\u044f \u043f\u043e\u0432\u0435\u0440\u0445\u043d\u043e\u0441\u0442\u0438: AISI304, AISI316, INCOLOY825, \u043d\u0438\u043a\u0435\u043b\u044c. \u0421\u0422\u0410\u041d\u0414\u0410\u0420\u0422\u0412\u0410\u041b\u0418\u041a: \u0421\u043e\u0441\u0442\u043e\u044f\u043d\u0438\u0435 \u043d\u0438\u0442\u0438 \u041c\u043e\u0449\u043d\u043e\u0441\u0442\u044c \u0412\u0442 \u041d\u0430\u043f\u0440\u044f\u0436\u0435\u043d\u0438\u0435 \u0414\u043b\u0438\u043d\u0430 \u041c\u0430\u0442\u0435\u0440\u0438\u0430\u043b 2\u2033 2000 3x400V 175 AISI316 2\u2033 3000 3x400V 235 AISI316 2\u2033 4500 3x400V [&hellip;]<\/p>\n","protected":false},"featured_media":6807,"comment_status":"closed","ping_status":"closed","template":"","meta":{"_acf_changed":false},"product_brand":[],"product_cat":[2402],"product_tag":[],"class_list":{"0":"post-9127","1":"product","2":"type-product","3":"status-publish","4":"has-post-thumbnail","6":"product_cat-nagrevatelnye-elementy","7":"pa_kinnituskohad-1-ru","8":"pa_kinnituskohad-1-1-ru","9":"pa_kinnituskohad-1-2-ru","10":"pa_kinnituskohad-1-5-ru","11":"pa_kinnituskohad-1-6-ru","12":"pa_kinnituskohad-2-1-ru","13":"pa_kinnituskohad-2-3-ru","14":"pa_kinnituskohad-2-4-ru","15":"pa_kinnituskohad-3-1-ru","16":"pa_kinnituskohad-3-2-ru","17":"pa_kinnituskohad-3-4-ru","18":"pa_kinnituskohad-3-6-ru","19":"pa_kinnituskohad-4-6-ru","20":"pa_kinnituskohad-4-7-ru","21":"pa_kinnituskohad-4-8-ru","22":"pa_kinnituskohad-8-1-ru","23":"pa_kinnituskohad-8-2-ru","24":"pa_kinnituskohad-8-4-ru","25":"pa_kinnituskohad-8-9-ru","26":"pa_kinnituskohad-10-4-ru","27":"pa_kinnituskohad-10-7-ru","28":"pa_kinnituskohad-11-ru","29":"pa_kinnituskohad-11-3-ru","30":"pa_kinnituskohad-11-4-ru","31":"pa_kinnituskohad-11-6-ru","32":"pa_kinnituskohad-11-9-ru","33":"pa_kinnituskohad-12-5-ru","34":"pa_kinnituskohad-12-7-ru","35":"pa_materjal-teras-ru","36":"pa_materjal-2848","37":"pa_paringuga-ei-ru","38":"pa_pikkus-1-","40":"pa_pikkus-2-","43":"pa_pinge-3x400v-ru","44":"pa_tellitav-2558","45":"pa_uldpikkus-175-ru","46":"pa_uldpikkus-215-ru","47":"pa_uldpikkus-235-ru","48":"pa_uldpikkus-300-ru","49":"pa_uldpikkus-315-ru","50":"pa_uldpikkus-335-ru","51":"pa_uldpikkus-360-ru","52":"pa_uldpikkus-405-ru","53":"pa_uldpikkus-420-ru","54":"pa_uldpikkus-460-ru","55":"pa_uldpikkus-485-ru","56":"pa_uldpikkus-525-ru","57":"pa_uldpikkus-535-ru","58":"pa_uldpikkus-600-ru","59":"pa_uldpikkus-632-ru","60":"pa_uldpikkus-655-ru","61":"pa_uldpikkus-660-ru","62":"pa_uldpikkus-700-ru","63":"pa_uldpikkus-730-ru","64":"pa_uldpikkus-733-ru","65":"pa_uldpikkus-775-ru","66":"pa_uldpikkus-825-ru","67":"pa_uldpikkus-832-ru","68":"pa_uldpikkus-833-ru","69":"pa_uldpikkus-1025-ru","70":"pa_uldpikkus-1450-ru","71":"pa_voimsus-0-5-ru","72":"pa_voimsus-0-7-ru","73":"pa_voimsus-0-75-ru","74":"pa_voimsus-1-ru","75":"pa_voimsus-1-5-ru","76":"pa_voimsus-2-ru","77":"pa_voimsus-2-1-ru","78":"pa_voimsus-2-5-ru","79":"pa_voimsus-2-25-ru","80":"pa_voimsus-3-ru","81":"pa_voimsus-3-00-ru","82":"pa_voimsus-4-ru","83":"pa_voimsus-4-5-ru","84":"pa_voimsus-6-ru","85":"pa_voimsus-7-5-ru","86":"pa_voimsus-9-ru","87":"pa_voimsus-10-ru","88":"pa_voimsus-12-ru","90":"first","91":"outofstock","92":"taxable","93":"shipping-taxable","94":"purchasable","95":"product-type-variable"},"acf":[],"yoast_head":"<!-- This site is optimized with the Yoast SEO plugin v27.5 - https:\/\/yoast.com\/product\/yoast-seo-wordpress\/ -->\n<title>\u041f\u0440\u044f\u043c\u044b\u0435 \u043d\u0430\u0433\u0440\u0435\u0432\u0430\u0442\u0435\u043b\u044c\u043d\u044b\u0435 \u044d\u043b\u0435\u043c\u0435\u043d\u0442\u044b - Heatex.ee k\u00fctteseadmed<\/title>\n<meta name=\"description\" content=\"\u041d\u0430\u0433\u0440\u0435\u0432\u0430\u0442\u0435\u043b\u044c\u043d\u044b\u0435 \u044d\u043b\u0435\u043c\u0435\u043d\u0442\u044b \u0434\u043e\u0441\u0442\u0443\u043f\u043d\u044b \u0432 \u0440\u0430\u0437\u043b\u0438\u0447\u043d\u044b\u0445 \u0434\u043b\u0438\u043d\u0430\u0445 \u0438 \u043c\u043e\u0449\u043d\u043e\u0441\u0442\u044f\u0445. \u041f\u043e\u0434\u0445\u043e\u0434\u044f\u0442 \u0434\u043b\u044f \u043d\u0430\u0433\u0440\u0435\u0432\u0430 \u0432\u043e\u0437\u0434\u0443\u0445\u0430, \u0432\u043e\u0434\u044b, \u0430 \u0442\u0430\u043a\u0436\u0435 \u0430\u0433\u0440\u0435\u0441\u0441\u0438\u0432\u043d\u044b\u0445 \u0436\u0438\u0434\u043a\u043e\u0441\u0442\u0435\u0439.\" \/>\n<meta name=\"robots\" content=\"index, follow, max-snippet:-1, max-image-preview:large, max-video-preview:-1\" \/>\n<link rel=\"canonical\" href=\"https:\/\/heatex.ee\/ru\/toode\/pryamye-nagrevatelnye-elementy\/\" \/>\n<meta property=\"og:locale\" content=\"ru_RU\" \/>\n<meta property=\"og:type\" content=\"article\" \/>\n<meta property=\"og:title\" content=\"\u041f\u0440\u044f\u043c\u044b\u0435 \u043d\u0430\u0433\u0440\u0435\u0432\u0430\u0442\u0435\u043b\u044c\u043d\u044b\u0435 \u044d\u043b\u0435\u043c\u0435\u043d\u0442\u044b - Heatex.ee k\u00fctteseadmed\" \/>\n<meta property=\"og:description\" content=\"\u041d\u0430\u0433\u0440\u0435\u0432\u0430\u0442\u0435\u043b\u044c\u043d\u044b\u0435 \u044d\u043b\u0435\u043c\u0435\u043d\u0442\u044b \u0434\u043e\u0441\u0442\u0443\u043f\u043d\u044b \u0432 \u0440\u0430\u0437\u043b\u0438\u0447\u043d\u044b\u0445 \u0434\u043b\u0438\u043d\u0430\u0445 \u0438 \u043c\u043e\u0449\u043d\u043e\u0441\u0442\u044f\u0445. \u041f\u043e\u0434\u0445\u043e\u0434\u044f\u0442 \u0434\u043b\u044f \u043d\u0430\u0433\u0440\u0435\u0432\u0430 \u0432\u043e\u0437\u0434\u0443\u0445\u0430, \u0432\u043e\u0434\u044b, \u0430 \u0442\u0430\u043a\u0436\u0435 \u0430\u0433\u0440\u0435\u0441\u0441\u0438\u0432\u043d\u044b\u0445 \u0436\u0438\u0434\u043a\u043e\u0441\u0442\u0435\u0439.\" \/>\n<meta property=\"og:url\" content=\"https:\/\/heatex.ee\/ru\/toode\/pryamye-nagrevatelnye-elementy\/\" \/>\n<meta property=\"og:site_name\" content=\"Heatex.ee k\u00fctteseadmed\" \/>\n<meta property=\"article:modified_time\" content=\"2025-12-19T09:07:57+00:00\" \/>\n<meta property=\"og:image\" content=\"https:\/\/heatex.ee\/wp-content\/uploads\/2025\/03\/Sirged-kutteelemendid-2.jpg\" \/>\n\t<meta property=\"og:image:width\" content=\"950\" \/>\n\t<meta property=\"og:image:height\" content=\"892\" \/>\n\t<meta property=\"og:image:type\" content=\"image\/jpeg\" \/>\n<meta name=\"twitter:card\" content=\"summary_large_image\" \/>\n<meta name=\"twitter:label1\" content=\"\u041f\u0440\u0438\u043c\u0435\u0440\u043d\u043e\u0435 \u0432\u0440\u0435\u043c\u044f \u0434\u043b\u044f \u0447\u0442\u0435\u043d\u0438\u044f\" \/>\n\t<meta name=\"twitter:data1\" content=\"1 \u043c\u0438\u043d\u0443\u0442\u0430\" \/>\n<script type=\"application\/ld+json\" class=\"yoast-schema-graph\">{\"@context\":\"https:\\\/\\\/schema.org\",\"@graph\":[{\"@type\":\"WebPage\",\"@id\":\"https:\\\/\\\/heatex.ee\\\/ru\\\/toode\\\/pryamye-nagrevatelnye-elementy\\\/\",\"url\":\"https:\\\/\\\/heatex.ee\\\/ru\\\/toode\\\/pryamye-nagrevatelnye-elementy\\\/\",\"name\":\"\u041f\u0440\u044f\u043c\u044b\u0435 \u043d\u0430\u0433\u0440\u0435\u0432\u0430\u0442\u0435\u043b\u044c\u043d\u044b\u0435 \u044d\u043b\u0435\u043c\u0435\u043d\u0442\u044b - Heatex.ee k\u00fctteseadmed\",\"isPartOf\":{\"@id\":\"https:\\\/\\\/heatex.ee\\\/ru\\\/#website\"},\"primaryImageOfPage\":{\"@id\":\"https:\\\/\\\/heatex.ee\\\/ru\\\/toode\\\/pryamye-nagrevatelnye-elementy\\\/#primaryimage\"},\"image\":{\"@id\":\"https:\\\/\\\/heatex.ee\\\/ru\\\/toode\\\/pryamye-nagrevatelnye-elementy\\\/#primaryimage\"},\"thumbnailUrl\":\"https:\\\/\\\/heatex.ee\\\/wp-content\\\/uploads\\\/2025\\\/03\\\/Sirged-kutteelemendid-2.jpg\",\"datePublished\":\"2025-03-28T15:08:52+00:00\",\"dateModified\":\"2025-12-19T09:07:57+00:00\",\"description\":\"\u041d\u0430\u0433\u0440\u0435\u0432\u0430\u0442\u0435\u043b\u044c\u043d\u044b\u0435 \u044d\u043b\u0435\u043c\u0435\u043d\u0442\u044b \u0434\u043e\u0441\u0442\u0443\u043f\u043d\u044b \u0432 \u0440\u0430\u0437\u043b\u0438\u0447\u043d\u044b\u0445 \u0434\u043b\u0438\u043d\u0430\u0445 \u0438 \u043c\u043e\u0449\u043d\u043e\u0441\u0442\u044f\u0445. \u041f\u043e\u0434\u0445\u043e\u0434\u044f\u0442 \u0434\u043b\u044f \u043d\u0430\u0433\u0440\u0435\u0432\u0430 \u0432\u043e\u0437\u0434\u0443\u0445\u0430, \u0432\u043e\u0434\u044b, \u0430 \u0442\u0430\u043a\u0436\u0435 \u0430\u0433\u0440\u0435\u0441\u0441\u0438\u0432\u043d\u044b\u0445 \u0436\u0438\u0434\u043a\u043e\u0441\u0442\u0435\u0439.\",\"breadcrumb\":{\"@id\":\"https:\\\/\\\/heatex.ee\\\/ru\\\/toode\\\/pryamye-nagrevatelnye-elementy\\\/#breadcrumb\"},\"inLanguage\":\"ru-RU\",\"potentialAction\":[{\"@type\":\"ReadAction\",\"target\":[\"https:\\\/\\\/heatex.ee\\\/ru\\\/toode\\\/pryamye-nagrevatelnye-elementy\\\/\"]}]},{\"@type\":\"ImageObject\",\"inLanguage\":\"ru-RU\",\"@id\":\"https:\\\/\\\/heatex.ee\\\/ru\\\/toode\\\/pryamye-nagrevatelnye-elementy\\\/#primaryimage\",\"url\":\"https:\\\/\\\/heatex.ee\\\/wp-content\\\/uploads\\\/2025\\\/03\\\/Sirged-kutteelemendid-2.jpg\",\"contentUrl\":\"https:\\\/\\\/heatex.ee\\\/wp-content\\\/uploads\\\/2025\\\/03\\\/Sirged-kutteelemendid-2.jpg\",\"width\":950,\"height\":892},{\"@type\":\"BreadcrumbList\",\"@id\":\"https:\\\/\\\/heatex.ee\\\/ru\\\/toode\\\/pryamye-nagrevatelnye-elementy\\\/#breadcrumb\",\"itemListElement\":[{\"@type\":\"ListItem\",\"position\":1,\"name\":\"Home\",\"item\":\"https:\\\/\\\/heatex.ee\\\/ru\\\/\"},{\"@type\":\"ListItem\",\"position\":2,\"name\":\"\u041c\u0430\u0433\u0430\u0437\u0438\u043d\",\"item\":\"https:\\\/\\\/heatex.ee\\\/ru\\\/magazin\\\/\"},{\"@type\":\"ListItem\",\"position\":3,\"name\":\"\u041f\u0440\u044f\u043c\u044b\u0435 \u043d\u0430\u0433\u0440\u0435\u0432\u0430\u0442\u0435\u043b\u044c\u043d\u044b\u0435 \u044d\u043b\u0435\u043c\u0435\u043d\u0442\u044b\"}]},{\"@type\":\"WebSite\",\"@id\":\"https:\\\/\\\/heatex.ee\\\/ru\\\/#website\",\"url\":\"https:\\\/\\\/heatex.ee\\\/ru\\\/\",\"name\":\"Heatex.ee k\u00fctteseadmed\",\"description\":\"\u0418\u043c\u043f\u043e\u0440\u0442\u0435\u0440 \u044d\u043b\u0435\u043a\u0442\u0440\u0438\u0447\u0435\u0441\u043a\u0438\u0445 \u043e\u0431\u043e\u0433\u0440\u0435\u0432\u0430\u0442\u0435\u043b\u0435\u0439 \u0432 \u042d\u0441\u0442\u043e\u043d\u0438\u0438\",\"publisher\":{\"@id\":\"https:\\\/\\\/heatex.ee\\\/ru\\\/#organization\"},\"alternateName\":\"T\u00f6\u00f6tstuslikud Elektroonilised K\u00fctteseadmed\",\"potentialAction\":[{\"@type\":\"SearchAction\",\"target\":{\"@type\":\"EntryPoint\",\"urlTemplate\":\"https:\\\/\\\/heatex.ee\\\/ru\\\/?s={search_term_string}\"},\"query-input\":{\"@type\":\"PropertyValueSpecification\",\"valueRequired\":true,\"valueName\":\"search_term_string\"}}],\"inLanguage\":\"ru-RU\"},{\"@type\":\"Organization\",\"@id\":\"https:\\\/\\\/heatex.ee\\\/ru\\\/#organization\",\"name\":\"Heatex.ee k\u00fctteseadmed\",\"alternateName\":\"T\u00f6\u00f6tstuslikud Elektroonilised K\u00fctteseadmed\",\"url\":\"https:\\\/\\\/heatex.ee\\\/ru\\\/\",\"logo\":{\"@type\":\"ImageObject\",\"inLanguage\":\"ru-RU\",\"@id\":\"https:\\\/\\\/heatex.ee\\\/ru\\\/#\\\/schema\\\/logo\\\/image\\\/\",\"url\":\"https:\\\/\\\/heatex.ee\\\/wp-content\\\/uploads\\\/2025\\\/03\\\/cropped-Heatex-Logo-2.png\",\"contentUrl\":\"https:\\\/\\\/heatex.ee\\\/wp-content\\\/uploads\\\/2025\\\/03\\\/cropped-Heatex-Logo-2.png\",\"width\":800,\"height\":228,\"caption\":\"Heatex.ee k\u00fctteseadmed\"},\"image\":{\"@id\":\"https:\\\/\\\/heatex.ee\\\/ru\\\/#\\\/schema\\\/logo\\\/image\\\/\"}}]}<\/script>\n<!-- \/ Yoast SEO plugin. -->","yoast_head_json":{"title":"\u041f\u0440\u044f\u043c\u044b\u0435 \u043d\u0430\u0433\u0440\u0435\u0432\u0430\u0442\u0435\u043b\u044c\u043d\u044b\u0435 \u044d\u043b\u0435\u043c\u0435\u043d\u0442\u044b - Heatex.ee k\u00fctteseadmed","description":"\u041d\u0430\u0433\u0440\u0435\u0432\u0430\u0442\u0435\u043b\u044c\u043d\u044b\u0435 \u044d\u043b\u0435\u043c\u0435\u043d\u0442\u044b \u0434\u043e\u0441\u0442\u0443\u043f\u043d\u044b \u0432 \u0440\u0430\u0437\u043b\u0438\u0447\u043d\u044b\u0445 \u0434\u043b\u0438\u043d\u0430\u0445 \u0438 \u043c\u043e\u0449\u043d\u043e\u0441\u0442\u044f\u0445. \u041f\u043e\u0434\u0445\u043e\u0434\u044f\u0442 \u0434\u043b\u044f \u043d\u0430\u0433\u0440\u0435\u0432\u0430 \u0432\u043e\u0437\u0434\u0443\u0445\u0430, \u0432\u043e\u0434\u044b, \u0430 \u0442\u0430\u043a\u0436\u0435 \u0430\u0433\u0440\u0435\u0441\u0441\u0438\u0432\u043d\u044b\u0445 \u0436\u0438\u0434\u043a\u043e\u0441\u0442\u0435\u0439.","robots":{"index":"index","follow":"follow","max-snippet":"max-snippet:-1","max-image-preview":"max-image-preview:large","max-video-preview":"max-video-preview:-1"},"canonical":"https:\/\/heatex.ee\/ru\/toode\/pryamye-nagrevatelnye-elementy\/","og_locale":"ru_RU","og_type":"article","og_title":"\u041f\u0440\u044f\u043c\u044b\u0435 \u043d\u0430\u0433\u0440\u0435\u0432\u0430\u0442\u0435\u043b\u044c\u043d\u044b\u0435 \u044d\u043b\u0435\u043c\u0435\u043d\u0442\u044b - Heatex.ee k\u00fctteseadmed","og_description":"\u041d\u0430\u0433\u0440\u0435\u0432\u0430\u0442\u0435\u043b\u044c\u043d\u044b\u0435 \u044d\u043b\u0435\u043c\u0435\u043d\u0442\u044b \u0434\u043e\u0441\u0442\u0443\u043f\u043d\u044b \u0432 \u0440\u0430\u0437\u043b\u0438\u0447\u043d\u044b\u0445 \u0434\u043b\u0438\u043d\u0430\u0445 \u0438 \u043c\u043e\u0449\u043d\u043e\u0441\u0442\u044f\u0445. \u041f\u043e\u0434\u0445\u043e\u0434\u044f\u0442 \u0434\u043b\u044f \u043d\u0430\u0433\u0440\u0435\u0432\u0430 \u0432\u043e\u0437\u0434\u0443\u0445\u0430, \u0432\u043e\u0434\u044b, \u0430 \u0442\u0430\u043a\u0436\u0435 \u0430\u0433\u0440\u0435\u0441\u0441\u0438\u0432\u043d\u044b\u0445 \u0436\u0438\u0434\u043a\u043e\u0441\u0442\u0435\u0439.","og_url":"https:\/\/heatex.ee\/ru\/toode\/pryamye-nagrevatelnye-elementy\/","og_site_name":"Heatex.ee k\u00fctteseadmed","article_modified_time":"2025-12-19T09:07:57+00:00","og_image":[{"width":950,"height":892,"url":"https:\/\/heatex.ee\/wp-content\/uploads\/2025\/03\/Sirged-kutteelemendid-2.jpg","type":"image\/jpeg"}],"twitter_card":"summary_large_image","twitter_misc":{"\u041f\u0440\u0438\u043c\u0435\u0440\u043d\u043e\u0435 \u0432\u0440\u0435\u043c\u044f \u0434\u043b\u044f \u0447\u0442\u0435\u043d\u0438\u044f":"1 \u043c\u0438\u043d\u0443\u0442\u0430"},"schema":{"@context":"https:\/\/schema.org","@graph":[{"@type":"WebPage","@id":"https:\/\/heatex.ee\/ru\/toode\/pryamye-nagrevatelnye-elementy\/","url":"https:\/\/heatex.ee\/ru\/toode\/pryamye-nagrevatelnye-elementy\/","name":"\u041f\u0440\u044f\u043c\u044b\u0435 \u043d\u0430\u0433\u0440\u0435\u0432\u0430\u0442\u0435\u043b\u044c\u043d\u044b\u0435 \u044d\u043b\u0435\u043c\u0435\u043d\u0442\u044b - Heatex.ee k\u00fctteseadmed","isPartOf":{"@id":"https:\/\/heatex.ee\/ru\/#website"},"primaryImageOfPage":{"@id":"https:\/\/heatex.ee\/ru\/toode\/pryamye-nagrevatelnye-elementy\/#primaryimage"},"image":{"@id":"https:\/\/heatex.ee\/ru\/toode\/pryamye-nagrevatelnye-elementy\/#primaryimage"},"thumbnailUrl":"https:\/\/heatex.ee\/wp-content\/uploads\/2025\/03\/Sirged-kutteelemendid-2.jpg","datePublished":"2025-03-28T15:08:52+00:00","dateModified":"2025-12-19T09:07:57+00:00","description":"\u041d\u0430\u0433\u0440\u0435\u0432\u0430\u0442\u0435\u043b\u044c\u043d\u044b\u0435 \u044d\u043b\u0435\u043c\u0435\u043d\u0442\u044b \u0434\u043e\u0441\u0442\u0443\u043f\u043d\u044b \u0432 \u0440\u0430\u0437\u043b\u0438\u0447\u043d\u044b\u0445 \u0434\u043b\u0438\u043d\u0430\u0445 \u0438 \u043c\u043e\u0449\u043d\u043e\u0441\u0442\u044f\u0445. \u041f\u043e\u0434\u0445\u043e\u0434\u044f\u0442 \u0434\u043b\u044f \u043d\u0430\u0433\u0440\u0435\u0432\u0430 \u0432\u043e\u0437\u0434\u0443\u0445\u0430, \u0432\u043e\u0434\u044b, \u0430 \u0442\u0430\u043a\u0436\u0435 \u0430\u0433\u0440\u0435\u0441\u0441\u0438\u0432\u043d\u044b\u0445 \u0436\u0438\u0434\u043a\u043e\u0441\u0442\u0435\u0439.","breadcrumb":{"@id":"https:\/\/heatex.ee\/ru\/toode\/pryamye-nagrevatelnye-elementy\/#breadcrumb"},"inLanguage":"ru-RU","potentialAction":[{"@type":"ReadAction","target":["https:\/\/heatex.ee\/ru\/toode\/pryamye-nagrevatelnye-elementy\/"]}]},{"@type":"ImageObject","inLanguage":"ru-RU","@id":"https:\/\/heatex.ee\/ru\/toode\/pryamye-nagrevatelnye-elementy\/#primaryimage","url":"https:\/\/heatex.ee\/wp-content\/uploads\/2025\/03\/Sirged-kutteelemendid-2.jpg","contentUrl":"https:\/\/heatex.ee\/wp-content\/uploads\/2025\/03\/Sirged-kutteelemendid-2.jpg","width":950,"height":892},{"@type":"BreadcrumbList","@id":"https:\/\/heatex.ee\/ru\/toode\/pryamye-nagrevatelnye-elementy\/#breadcrumb","itemListElement":[{"@type":"ListItem","position":1,"name":"Home","item":"https:\/\/heatex.ee\/ru\/"},{"@type":"ListItem","position":2,"name":"\u041c\u0430\u0433\u0430\u0437\u0438\u043d","item":"https:\/\/heatex.ee\/ru\/magazin\/"},{"@type":"ListItem","position":3,"name":"\u041f\u0440\u044f\u043c\u044b\u0435 \u043d\u0430\u0433\u0440\u0435\u0432\u0430\u0442\u0435\u043b\u044c\u043d\u044b\u0435 \u044d\u043b\u0435\u043c\u0435\u043d\u0442\u044b"}]},{"@type":"WebSite","@id":"https:\/\/heatex.ee\/ru\/#website","url":"https:\/\/heatex.ee\/ru\/","name":"Heatex.ee k\u00fctteseadmed","description":"\u0418\u043c\u043f\u043e\u0440\u0442\u0435\u0440 \u044d\u043b\u0435\u043a\u0442\u0440\u0438\u0447\u0435\u0441\u043a\u0438\u0445 \u043e\u0431\u043e\u0433\u0440\u0435\u0432\u0430\u0442\u0435\u043b\u0435\u0439 \u0432 \u042d\u0441\u0442\u043e\u043d\u0438\u0438","publisher":{"@id":"https:\/\/heatex.ee\/ru\/#organization"},"alternateName":"T\u00f6\u00f6tstuslikud Elektroonilised K\u00fctteseadmed","potentialAction":[{"@type":"SearchAction","target":{"@type":"EntryPoint","urlTemplate":"https:\/\/heatex.ee\/ru\/?s={search_term_string}"},"query-input":{"@type":"PropertyValueSpecification","valueRequired":true,"valueName":"search_term_string"}}],"inLanguage":"ru-RU"},{"@type":"Organization","@id":"https:\/\/heatex.ee\/ru\/#organization","name":"Heatex.ee k\u00fctteseadmed","alternateName":"T\u00f6\u00f6tstuslikud Elektroonilised K\u00fctteseadmed","url":"https:\/\/heatex.ee\/ru\/","logo":{"@type":"ImageObject","inLanguage":"ru-RU","@id":"https:\/\/heatex.ee\/ru\/#\/schema\/logo\/image\/","url":"https:\/\/heatex.ee\/wp-content\/uploads\/2025\/03\/cropped-Heatex-Logo-2.png","contentUrl":"https:\/\/heatex.ee\/wp-content\/uploads\/2025\/03\/cropped-Heatex-Logo-2.png","width":800,"height":228,"caption":"Heatex.ee k\u00fctteseadmed"},"image":{"@id":"https:\/\/heatex.ee\/ru\/#\/schema\/logo\/image\/"}}]}},"_links":{"self":[{"href":"https:\/\/heatex.ee\/ru\/wp-json\/wp\/v2\/product\/9127","targetHints":{"allow":["GET"]}}],"collection":[{"href":"https:\/\/heatex.ee\/ru\/wp-json\/wp\/v2\/product"}],"about":[{"href":"https:\/\/heatex.ee\/ru\/wp-json\/wp\/v2\/types\/product"}],"replies":[{"embeddable":true,"href":"https:\/\/heatex.ee\/ru\/wp-json\/wp\/v2\/comments?post=9127"}],"wp:featuredmedia":[{"embeddable":true,"href":"https:\/\/heatex.ee\/ru\/wp-json\/wp\/v2\/media\/6807"}],"wp:attachment":[{"href":"https:\/\/heatex.ee\/ru\/wp-json\/wp\/v2\/media?parent=9127"}],"wp:term":[{"taxonomy":"product_brand","embeddable":true,"href":"https:\/\/heatex.ee\/ru\/wp-json\/wp\/v2\/product_brand?post=9127"},{"taxonomy":"product_cat","embeddable":true,"href":"https:\/\/heatex.ee\/ru\/wp-json\/wp\/v2\/product_cat?post=9127"},{"taxonomy":"product_tag","embeddable":true,"href":"https:\/\/heatex.ee\/ru\/wp-json\/wp\/v2\/product_tag?post=9127"}],"curies":[{"name":"wp","href":"https:\/\/api.w.org\/{rel}","templated":true}]}}