{"id":7380,"date":"2025-03-28T17:09:04","date_gmt":"2025-03-28T15:09:04","guid":{"rendered":"https:\/\/heatex.vdisain.dev\/toode\/%d0%bf%d0%be%d0%b3%d1%80%d1%83%d0%b6%d0%bd%d1%8b%d0%b5-%d0%b8-%d1%81%d0%bf%d0%b5%d1%86%d0%b8%d0%b0%d0%bb%d1%8c%d0%bd%d1%8b%d0%b5-%d1%84%d0%b8%d0%b3%d1%83%d1%80%d0%bd%d1%8b%d0%b5-%d0%bd%d0%b0%d0%b3\/"},"modified":"2025-12-19T11:00:07","modified_gmt":"2025-12-19T09:00:07","slug":"pogruzhnye-i-speczialnye-figurnye-nag","status":"publish","type":"product","link":"https:\/\/heatex.ee\/ru\/toode\/pogruzhnye-i-speczialnye-figurnye-nag\/","title":{"rendered":"\u041f\u043e\u0433\u0440\u0443\u0436\u043d\u044b\u0435 \u0438 \u0441\u043f\u0435\u0446\u0438\u0430\u043b\u044c\u043d\u044b\u0435 \u0444\u0438\u0433\u0443\u0440\u043d\u044b\u0435 \u043d\u0430\u0433\u0440\u0435\u0432\u0430\u0442\u0435\u043b\u0438"},"content":{"rendered":"<div class=\"ql-block\" data-block-id=\"block-a5892461-0fca-49a4-9773-8dd700f63abe\">\u041f\u043e\u0433\u0440\u0443\u0436\u043d\u044b\u0435 \u043d\u0430\u0433\u0440\u0435\u0432\u0430\u0442\u0435\u043b\u0438 &#8212; \u044d\u0442\u043e \u044d\u0444\u0444\u0435\u043a\u0442\u0438\u0432\u043d\u043e\u0435 \u0438 \u043d\u0430\u0434\u0435\u0436\u043d\u043e\u0435 \u0440\u0435\u0448\u0435\u043d\u0438\u0435 \u0434\u043b\u044f \u043d\u0430\u0433\u0440\u0435\u0432\u0430 \u0436\u0438\u0434\u043a\u043e\u0441\u0442\u0435\u0439 \u043f\u0440\u0438 \u043d\u0435\u043f\u043e\u0441\u0440\u0435\u0434\u0441\u0442\u0432\u0435\u043d\u043d\u043e\u043c \u043a\u043e\u043d\u0442\u0430\u043a\u0442\u0435. \u041e\u043d\u0438 \u043f\u0440\u0435\u0434\u043d\u0430\u0437\u043d\u0430\u0447\u0435\u043d\u044b \u0434\u043b\u044f \u0438\u0441\u043f\u043e\u043b\u044c\u0437\u043e\u0432\u0430\u043d\u0438\u044f \u0432 \u0440\u0430\u0437\u043b\u0438\u0447\u043d\u044b\u0445 \u043f\u0440\u043e\u043c\u044b\u0448\u043b\u0435\u043d\u043d\u044b\u0445 \u0438 \u0431\u044b\u0442\u043e\u0432\u044b\u0445 \u0443\u0441\u043b\u043e\u0432\u0438\u044f\u0445, \u0433\u0434\u0435 \u043d\u0435\u043e\u0431\u0445\u043e\u0434\u0438\u043c\u043e \u043d\u0430\u0433\u0440\u0435\u0432\u0430\u0442\u044c \u0432\u043e\u0434\u0443, \u043c\u0430\u0441\u043b\u043e \u0438\u043b\u0438 \u0434\u0440\u0443\u0433\u0438\u0435 \u0436\u0438\u0434\u043a\u043e\u0441\u0442\u0438 &#8212; \u043d\u0430\u043f\u0440\u0438\u043c\u0435\u0440, \u0432 \u0440\u0435\u0437\u0435\u0440\u0432\u0443\u0430\u0440\u0430\u0445, \u0432\u0430\u043d\u043d\u0430\u0445, \u043a\u043e\u0442\u043b\u0430\u0445 \u0438\u043b\u0438 \u0431\u0430\u043a\u0430\u0445.<\/div>\n<div data-block-id=\"block-a5892461-0fca-49a4-9773-8dd700f63abe\">\n<div class=\"ql-block\" data-block-id=\"block-09302840-405b-43a7-8343-ebb5c9e8010f\">\n<p>\u041d\u0430\u0433\u0440\u0435\u0432\u0430\u0442\u0435\u043b\u044c\u043d\u044b\u0435 \u044d\u043b\u0435\u043c\u0435\u043d\u0442\u044b \u0438\u0437\u0433\u043e\u0442\u043e\u0432\u043b\u0435\u043d\u044b \u0438\u0437 \u0432\u044b\u0441\u043e\u043a\u043e\u043a\u0430\u0447\u0435\u0441\u0442\u0432\u0435\u043d\u043d\u044b\u0445 \u043c\u0430\u0442\u0435\u0440\u0438\u0430\u043b\u043e\u0432, \u043a\u043e\u0442\u043e\u0440\u044b\u0435 \u0433\u0430\u0440\u0430\u043d\u0442\u0438\u0440\u0443\u044e\u0442 \u0443\u0441\u0442\u043e\u0439\u0447\u0438\u0432\u043e\u0441\u0442\u044c \u043a \u0432\u044b\u0441\u043e\u043a\u0438\u043c \u0442\u0435\u043c\u043f\u0435\u0440\u0430\u0442\u0443\u0440\u0430\u043c, \u0445\u0438\u043c\u0438\u0447\u0435\u0441\u043a\u043e\u043c\u0443 \u0432\u043e\u0437\u0434\u0435\u0439\u0441\u0442\u0432\u0438\u044e \u0438 \u043a\u043e\u0440\u0440\u043e\u0437\u0438\u0438. \u041a\u043e\u0440\u043f\u0443\u0441 \u043c\u043e\u0436\u0435\u0442 \u0431\u044b\u0442\u044c \u0438\u0437\u0433\u043e\u0442\u043e\u0432\u043b\u0435\u043d \u0438\u0437 \u043d\u0435\u0440\u0436\u0430\u0432\u0435\u044e\u0449\u0435\u0439 \u0441\u0442\u0430\u043b\u0438, \u043c\u0435\u0434\u0438 \u0438\u043b\u0438 \u0434\u0440\u0443\u0433\u0438\u0445 \u0441\u043f\u0435\u0446\u0438\u0430\u043b\u044c\u043d\u044b\u0445 \u043c\u0430\u0442\u0435\u0440\u0438\u0430\u043b\u043e\u0432 \u0432 \u0437\u0430\u0432\u0438\u0441\u0438\u043c\u043e\u0441\u0442\u0438 \u043e\u0442 \u043e\u0431\u043b\u0430\u0441\u0442\u0438 \u043f\u0440\u0438\u043c\u0435\u043d\u0435\u043d\u0438\u044f.<\/p>\n<div data-block-id=\"block-a5892461-0fca-49a4-9773-8dd700f63abe\">\n<p>\u041f\u0440\u0435\u0438\u043c\u0443\u0449\u0435\u0441\u0442\u0432\u0430 \u043f\u043e\u0433\u0440\u0443\u0436\u043d\u044b\u0445 \u043d\u0430\u0433\u0440\u0435\u0432\u0430\u0442\u0435\u043b\u0435\u0439:<\/p>\n<\/div>\n<\/div>\n<div data-block-id=\"block-09302840-405b-43a7-8343-ebb5c9e8010f\">\n<ul>\n<li class=\"ql-block\" data-block-id=\"block-949e5633-a053-4a76-acc5-602292e1b2c2\">\u041f\u0440\u044f\u043c\u0430\u044f \u043f\u0435\u0440\u0435\u0434\u0430\u0447\u0430 \u0442\u0435\u043f\u043b\u0430 \u0436\u0438\u0434\u043a\u043e\u0441\u0442\u0438<\/li>\n<li class=\"ql-block\" data-block-id=\"block-405b8665-8fbc-4358-abac-d8c7881a66f1\">\u0411\u044b\u0441\u0442\u0440\u044b\u0439 \u043d\u0430\u0433\u0440\u0435\u0432 \u0438 \u044d\u043d\u0435\u0440\u0433\u043e\u044d\u0444\u0444\u0435\u043a\u0442\u0438\u0432\u043d\u043e\u0441\u0442\u044c<\/li>\n<li class=\"ql-block\" data-block-id=\"block-0fad125b-43c1-46af-9b46-bf0587ffe659\">\u0428\u0438\u0440\u043e\u043a\u0438\u0439 \u0434\u0438\u0430\u043f\u0430\u0437\u043e\u043d \u043c\u043e\u0449\u043d\u043e\u0441\u0442\u0435\u0439 \u0438 \u0440\u0430\u0437\u043c\u0435\u0440\u043e\u0432<\/li>\n<li class=\"ql-block\" data-block-id=\"block-d3cb35f6-6c87-4e8f-87f9-ddd126a477af\">\u041f\u0440\u043e\u0441\u0442\u0430\u044f \u0443\u0441\u0442\u0430\u043d\u043e\u0432\u043a\u0430 \u0438 \u043e\u0431\u0441\u043b\u0443\u0436\u0438\u0432\u0430\u043d\u0438\u0435<\/li>\n<\/ul>\n<p>\u041f\u043e\u0434\u0445\u043e\u0434\u0438\u0442 \u0434\u043b\u044f \u0438\u0441\u043f\u043e\u043b\u044c\u0437\u043e\u0432\u0430\u043d\u0438\u044f, \u043d\u0430\u043f\u0440\u0438\u043c\u0435\u0440, \u0432 \u043b\u0430\u0431\u043e\u0440\u0430\u0442\u043e\u0440\u0438\u044f\u0445, \u043f\u0440\u043e\u043c\u044b\u0448\u043b\u0435\u043d\u043d\u044b\u0445 \u043f\u0440\u043e\u0446\u0435\u0441\u0441\u0430\u0445, \u0441\u0435\u043b\u044c\u0441\u043a\u043e\u043c \u0445\u043e\u0437\u044f\u0439\u0441\u0442\u0432\u0435, \u0440\u0435\u0437\u0435\u0440\u0432\u0443\u0430\u0440\u0430\u0445 \u0434\u043b\u044f \u0432\u043e\u0434\u044b \u0438 \u0432 \u0431\u044b\u0442\u0443.<\/p>\n<\/div>\n<\/div>\n","protected":false},"excerpt":{"rendered":"<p>\u041f\u043e\u0433\u0440\u0443\u0436\u043d\u044b\u0435 \u043d\u0430\u0433\u0440\u0435\u0432\u0430\u0442\u0435\u043b\u0438 &#8212; \u044d\u0442\u043e \u044d\u0444\u0444\u0435\u043a\u0442\u0438\u0432\u043d\u043e\u0435 \u0438 \u043d\u0430\u0434\u0435\u0436\u043d\u043e\u0435 \u0440\u0435\u0448\u0435\u043d\u0438\u0435 \u0434\u043b\u044f \u043d\u0430\u0433\u0440\u0435\u0432\u0430 \u0436\u0438\u0434\u043a\u043e\u0441\u0442\u0435\u0439 \u043f\u0440\u0438 \u043d\u0435\u043f\u043e\u0441\u0440\u0435\u0434\u0441\u0442\u0432\u0435\u043d\u043d\u043e\u043c \u043a\u043e\u043d\u0442\u0430\u043a\u0442\u0435. \u041e\u043d\u0438 \u043f\u0440\u0435\u0434\u043d\u0430\u0437\u043d\u0430\u0447\u0435\u043d\u044b \u0434\u043b\u044f \u0438\u0441\u043f\u043e\u043b\u044c\u0437\u043e\u0432\u0430\u043d\u0438\u044f \u0432 \u0440\u0430\u0437\u043b\u0438\u0447\u043d\u044b\u0445 \u043f\u0440\u043e\u043c\u044b\u0448\u043b\u0435\u043d\u043d\u044b\u0445 \u0438 \u0431\u044b\u0442\u043e\u0432\u044b\u0445 \u0443\u0441\u043b\u043e\u0432\u0438\u044f\u0445, \u0433\u0434\u0435 \u043d\u0435\u043e\u0431\u0445\u043e\u0434\u0438\u043c\u043e \u043d\u0430\u0433\u0440\u0435\u0432\u0430\u0442\u044c \u0432\u043e\u0434\u0443, \u043c\u0430\u0441\u043b\u043e \u0438\u043b\u0438 \u0434\u0440\u0443\u0433\u0438\u0435 \u0436\u0438\u0434\u043a\u043e\u0441\u0442\u0438 &#8212; \u043d\u0430\u043f\u0440\u0438\u043c\u0435\u0440, \u0432 \u0440\u0435\u0437\u0435\u0440\u0432\u0443\u0430\u0440\u0430\u0445, \u0432\u0430\u043d\u043d\u0430\u0445, \u043a\u043e\u0442\u043b\u0430\u0445 \u0438\u043b\u0438 \u0431\u0430\u043a\u0430\u0445. \u041d\u0430\u0433\u0440\u0435\u0432\u0430\u0442\u0435\u043b\u044c\u043d\u044b\u0435 \u044d\u043b\u0435\u043c\u0435\u043d\u0442\u044b \u0438\u0437\u0433\u043e\u0442\u043e\u0432\u043b\u0435\u043d\u044b \u0438\u0437 \u0432\u044b\u0441\u043e\u043a\u043e\u043a\u0430\u0447\u0435\u0441\u0442\u0432\u0435\u043d\u043d\u044b\u0445 \u043c\u0430\u0442\u0435\u0440\u0438\u0430\u043b\u043e\u0432, \u043a\u043e\u0442\u043e\u0440\u044b\u0435 \u0433\u0430\u0440\u0430\u043d\u0442\u0438\u0440\u0443\u044e\u0442 \u0443\u0441\u0442\u043e\u0439\u0447\u0438\u0432\u043e\u0441\u0442\u044c \u043a \u0432\u044b\u0441\u043e\u043a\u0438\u043c \u0442\u0435\u043c\u043f\u0435\u0440\u0430\u0442\u0443\u0440\u0430\u043c, \u0445\u0438\u043c\u0438\u0447\u0435\u0441\u043a\u043e\u043c\u0443 \u0432\u043e\u0437\u0434\u0435\u0439\u0441\u0442\u0432\u0438\u044e \u0438 [&hellip;]<\/p>\n","protected":false},"featured_media":6826,"comment_status":"closed","ping_status":"closed","template":"","meta":{"_acf_changed":false},"product_brand":[],"product_cat":[2402],"product_tag":[],"class_list":{"0":"post-7380","1":"product","2":"type-product","3":"status-publish","4":"has-post-thumbnail","6":"product_cat-nagrevatelnye-elementy","7":"pa_pinge-230--400--3x400-","9":"first","10":"instock","11":"taxable","12":"shipping-taxable","13":"product-type-simple"},"acf":[],"yoast_head":"<!-- This site is optimized with the Yoast SEO plugin v27.5 - https:\/\/yoast.com\/product\/yoast-seo-wordpress\/ -->\n<title>\u041f\u043e\u0433\u0440\u0443\u0436\u043d\u044b\u0435 \u0438 \u0441\u043f\u0435\u0446\u0438\u0430\u043b\u044c\u043d\u044b\u0435 \u0444\u0438\u0433\u0443\u0440\u043d\u044b\u0435 \u043d\u0430\u0433\u0440\u0435\u0432\u0430\u0442\u0435\u043b\u0438 - Heatex.ee k\u00fctteseadmed<\/title>\n<meta name=\"description\" content=\"\u0412 \u0433\u0430\u043b\u044c\u0432\u0430\u043d\u0438\u043a\u0435 \u0438\u0441\u043f\u043e\u043b\u044c\u0437\u0443\u044e\u0442\u0441\u044f \u043d\u0430\u0433\u0440\u0435\u0432\u0430\u0442\u0435\u043b\u044c\u043d\u044b\u0435 \u044d\u043b\u0435\u043c\u0435\u043d\u0442\u044b \u0441 \u0440\u0430\u0437\u043b\u0438\u0447\u043d\u044b\u043c\u0438 \u0442\u0438\u043f\u0430\u043c\u0438 \u043f\u043e\u043a\u0440\u044b\u0442\u0438\u0439 \u0432 \u0437\u0430\u0432\u0438\u0441\u0438\u043c\u043e\u0441\u0442\u0438 \u043e\u0442 \u0442\u0435\u0445\u043d\u043e\u043b\u043e\u0433\u0438\u0447\u0435\u0441\u043a\u043e\u0433\u043e \u043f\u0440\u043e\u0446\u0435\u0441\u0441\u0430.\" \/>\n<meta name=\"robots\" content=\"index, follow, max-snippet:-1, max-image-preview:large, max-video-preview:-1\" \/>\n<link rel=\"canonical\" href=\"https:\/\/heatex.ee\/ru\/toode\/pogruzhnye-i-speczialnye-figurnye-nag\/\" \/>\n<meta property=\"og:locale\" content=\"ru_RU\" \/>\n<meta property=\"og:type\" content=\"article\" \/>\n<meta property=\"og:title\" content=\"\u041f\u043e\u0433\u0440\u0443\u0436\u043d\u044b\u0435 \u0438 \u0441\u043f\u0435\u0446\u0438\u0430\u043b\u044c\u043d\u044b\u0435 \u0444\u0438\u0433\u0443\u0440\u043d\u044b\u0435 \u043d\u0430\u0433\u0440\u0435\u0432\u0430\u0442\u0435\u043b\u0438 - Heatex.ee k\u00fctteseadmed\" \/>\n<meta property=\"og:description\" content=\"\u0412 \u0433\u0430\u043b\u044c\u0432\u0430\u043d\u0438\u043a\u0435 \u0438\u0441\u043f\u043e\u043b\u044c\u0437\u0443\u044e\u0442\u0441\u044f \u043d\u0430\u0433\u0440\u0435\u0432\u0430\u0442\u0435\u043b\u044c\u043d\u044b\u0435 \u044d\u043b\u0435\u043c\u0435\u043d\u0442\u044b \u0441 \u0440\u0430\u0437\u043b\u0438\u0447\u043d\u044b\u043c\u0438 \u0442\u0438\u043f\u0430\u043c\u0438 \u043f\u043e\u043a\u0440\u044b\u0442\u0438\u0439 \u0432 \u0437\u0430\u0432\u0438\u0441\u0438\u043c\u043e\u0441\u0442\u0438 \u043e\u0442 \u0442\u0435\u0445\u043d\u043e\u043b\u043e\u0433\u0438\u0447\u0435\u0441\u043a\u043e\u0433\u043e \u043f\u0440\u043e\u0446\u0435\u0441\u0441\u0430.\" \/>\n<meta property=\"og:url\" content=\"https:\/\/heatex.ee\/ru\/toode\/pogruzhnye-i-speczialnye-figurnye-nag\/\" \/>\n<meta property=\"og:site_name\" content=\"Heatex.ee k\u00fctteseadmed\" \/>\n<meta property=\"article:modified_time\" content=\"2025-12-19T09:00:07+00:00\" \/>\n<meta property=\"og:image\" content=\"https:\/\/heatex.ee\/wp-content\/uploads\/2025\/04\/Kuttekeha-2000W-230V.jpg\" \/>\n\t<meta property=\"og:image:width\" content=\"1200\" \/>\n\t<meta property=\"og:image:height\" content=\"1600\" \/>\n\t<meta property=\"og:image:type\" content=\"image\/jpeg\" \/>\n<meta name=\"twitter:card\" content=\"summary_large_image\" \/>\n<meta name=\"twitter:label1\" content=\"\u041f\u0440\u0438\u043c\u0435\u0440\u043d\u043e\u0435 \u0432\u0440\u0435\u043c\u044f \u0434\u043b\u044f \u0447\u0442\u0435\u043d\u0438\u044f\" \/>\n\t<meta name=\"twitter:data1\" content=\"1 \u043c\u0438\u043d\u0443\u0442\u0430\" \/>\n<script type=\"application\/ld+json\" class=\"yoast-schema-graph\">{\"@context\":\"https:\\\/\\\/schema.org\",\"@graph\":[{\"@type\":\"WebPage\",\"@id\":\"https:\\\/\\\/heatex.ee\\\/ru\\\/toode\\\/pogruzhnye-i-speczialnye-figurnye-nag\\\/\",\"url\":\"https:\\\/\\\/heatex.ee\\\/ru\\\/toode\\\/pogruzhnye-i-speczialnye-figurnye-nag\\\/\",\"name\":\"\u041f\u043e\u0433\u0440\u0443\u0436\u043d\u044b\u0435 \u0438 \u0441\u043f\u0435\u0446\u0438\u0430\u043b\u044c\u043d\u044b\u0435 \u0444\u0438\u0433\u0443\u0440\u043d\u044b\u0435 \u043d\u0430\u0433\u0440\u0435\u0432\u0430\u0442\u0435\u043b\u0438 - Heatex.ee k\u00fctteseadmed\",\"isPartOf\":{\"@id\":\"https:\\\/\\\/heatex.ee\\\/ru\\\/#website\"},\"primaryImageOfPage\":{\"@id\":\"https:\\\/\\\/heatex.ee\\\/ru\\\/toode\\\/pogruzhnye-i-speczialnye-figurnye-nag\\\/#primaryimage\"},\"image\":{\"@id\":\"https:\\\/\\\/heatex.ee\\\/ru\\\/toode\\\/pogruzhnye-i-speczialnye-figurnye-nag\\\/#primaryimage\"},\"thumbnailUrl\":\"https:\\\/\\\/heatex.ee\\\/wp-content\\\/uploads\\\/2025\\\/04\\\/Kuttekeha-2000W-230V.jpg\",\"datePublished\":\"2025-03-28T15:09:04+00:00\",\"dateModified\":\"2025-12-19T09:00:07+00:00\",\"description\":\"\u0412 \u0433\u0430\u043b\u044c\u0432\u0430\u043d\u0438\u043a\u0435 \u0438\u0441\u043f\u043e\u043b\u044c\u0437\u0443\u044e\u0442\u0441\u044f \u043d\u0430\u0433\u0440\u0435\u0432\u0430\u0442\u0435\u043b\u044c\u043d\u044b\u0435 \u044d\u043b\u0435\u043c\u0435\u043d\u0442\u044b \u0441 \u0440\u0430\u0437\u043b\u0438\u0447\u043d\u044b\u043c\u0438 \u0442\u0438\u043f\u0430\u043c\u0438 \u043f\u043e\u043a\u0440\u044b\u0442\u0438\u0439 \u0432 \u0437\u0430\u0432\u0438\u0441\u0438\u043c\u043e\u0441\u0442\u0438 \u043e\u0442 \u0442\u0435\u0445\u043d\u043e\u043b\u043e\u0433\u0438\u0447\u0435\u0441\u043a\u043e\u0433\u043e \u043f\u0440\u043e\u0446\u0435\u0441\u0441\u0430.\",\"breadcrumb\":{\"@id\":\"https:\\\/\\\/heatex.ee\\\/ru\\\/toode\\\/pogruzhnye-i-speczialnye-figurnye-nag\\\/#breadcrumb\"},\"inLanguage\":\"ru-RU\",\"potentialAction\":[{\"@type\":\"ReadAction\",\"target\":[\"https:\\\/\\\/heatex.ee\\\/ru\\\/toode\\\/pogruzhnye-i-speczialnye-figurnye-nag\\\/\"]}]},{\"@type\":\"ImageObject\",\"inLanguage\":\"ru-RU\",\"@id\":\"https:\\\/\\\/heatex.ee\\\/ru\\\/toode\\\/pogruzhnye-i-speczialnye-figurnye-nag\\\/#primaryimage\",\"url\":\"https:\\\/\\\/heatex.ee\\\/wp-content\\\/uploads\\\/2025\\\/04\\\/Kuttekeha-2000W-230V.jpg\",\"contentUrl\":\"https:\\\/\\\/heatex.ee\\\/wp-content\\\/uploads\\\/2025\\\/04\\\/Kuttekeha-2000W-230V.jpg\",\"width\":1200,\"height\":1600,\"caption\":\"\u0426\u0418\u0424\u0420\u041e\u0412\u0410\u042f \u041a\u0410\u041c\u0415\u0420\u0410 OLYMPUS\"},{\"@type\":\"BreadcrumbList\",\"@id\":\"https:\\\/\\\/heatex.ee\\\/ru\\\/toode\\\/pogruzhnye-i-speczialnye-figurnye-nag\\\/#breadcrumb\",\"itemListElement\":[{\"@type\":\"ListItem\",\"position\":1,\"name\":\"Home\",\"item\":\"https:\\\/\\\/heatex.ee\\\/ru\\\/\"},{\"@type\":\"ListItem\",\"position\":2,\"name\":\"\u041c\u0430\u0433\u0430\u0437\u0438\u043d\",\"item\":\"https:\\\/\\\/heatex.ee\\\/ru\\\/magazin\\\/\"},{\"@type\":\"ListItem\",\"position\":3,\"name\":\"\u041f\u043e\u0433\u0440\u0443\u0436\u043d\u044b\u0435 \u0438 \u0441\u043f\u0435\u0446\u0438\u0430\u043b\u044c\u043d\u044b\u0435 \u0444\u0438\u0433\u0443\u0440\u043d\u044b\u0435 \u043d\u0430\u0433\u0440\u0435\u0432\u0430\u0442\u0435\u043b\u0438\"}]},{\"@type\":\"WebSite\",\"@id\":\"https:\\\/\\\/heatex.ee\\\/ru\\\/#website\",\"url\":\"https:\\\/\\\/heatex.ee\\\/ru\\\/\",\"name\":\"Heatex.ee k\u00fctteseadmed\",\"description\":\"\u0418\u043c\u043f\u043e\u0440\u0442\u0435\u0440 \u044d\u043b\u0435\u043a\u0442\u0440\u0438\u0447\u0435\u0441\u043a\u0438\u0445 \u043e\u0431\u043e\u0433\u0440\u0435\u0432\u0430\u0442\u0435\u043b\u0435\u0439 \u0432 \u042d\u0441\u0442\u043e\u043d\u0438\u0438\",\"publisher\":{\"@id\":\"https:\\\/\\\/heatex.ee\\\/ru\\\/#organization\"},\"alternateName\":\"T\u00f6\u00f6tstuslikud Elektroonilised K\u00fctteseadmed\",\"potentialAction\":[{\"@type\":\"SearchAction\",\"target\":{\"@type\":\"EntryPoint\",\"urlTemplate\":\"https:\\\/\\\/heatex.ee\\\/ru\\\/?s={search_term_string}\"},\"query-input\":{\"@type\":\"PropertyValueSpecification\",\"valueRequired\":true,\"valueName\":\"search_term_string\"}}],\"inLanguage\":\"ru-RU\"},{\"@type\":\"Organization\",\"@id\":\"https:\\\/\\\/heatex.ee\\\/ru\\\/#organization\",\"name\":\"Heatex.ee k\u00fctteseadmed\",\"alternateName\":\"T\u00f6\u00f6tstuslikud Elektroonilised K\u00fctteseadmed\",\"url\":\"https:\\\/\\\/heatex.ee\\\/ru\\\/\",\"logo\":{\"@type\":\"ImageObject\",\"inLanguage\":\"ru-RU\",\"@id\":\"https:\\\/\\\/heatex.ee\\\/ru\\\/#\\\/schema\\\/logo\\\/image\\\/\",\"url\":\"https:\\\/\\\/heatex.ee\\\/wp-content\\\/uploads\\\/2025\\\/03\\\/cropped-Heatex-Logo-2.png\",\"contentUrl\":\"https:\\\/\\\/heatex.ee\\\/wp-content\\\/uploads\\\/2025\\\/03\\\/cropped-Heatex-Logo-2.png\",\"width\":800,\"height\":228,\"caption\":\"Heatex.ee k\u00fctteseadmed\"},\"image\":{\"@id\":\"https:\\\/\\\/heatex.ee\\\/ru\\\/#\\\/schema\\\/logo\\\/image\\\/\"}}]}<\/script>\n<!-- \/ Yoast SEO plugin. -->","yoast_head_json":{"title":"\u041f\u043e\u0433\u0440\u0443\u0436\u043d\u044b\u0435 \u0438 \u0441\u043f\u0435\u0446\u0438\u0430\u043b\u044c\u043d\u044b\u0435 \u0444\u0438\u0433\u0443\u0440\u043d\u044b\u0435 \u043d\u0430\u0433\u0440\u0435\u0432\u0430\u0442\u0435\u043b\u0438 - Heatex.ee k\u00fctteseadmed","description":"\u0412 \u0433\u0430\u043b\u044c\u0432\u0430\u043d\u0438\u043a\u0435 \u0438\u0441\u043f\u043e\u043b\u044c\u0437\u0443\u044e\u0442\u0441\u044f \u043d\u0430\u0433\u0440\u0435\u0432\u0430\u0442\u0435\u043b\u044c\u043d\u044b\u0435 \u044d\u043b\u0435\u043c\u0435\u043d\u0442\u044b \u0441 \u0440\u0430\u0437\u043b\u0438\u0447\u043d\u044b\u043c\u0438 \u0442\u0438\u043f\u0430\u043c\u0438 \u043f\u043e\u043a\u0440\u044b\u0442\u0438\u0439 \u0432 \u0437\u0430\u0432\u0438\u0441\u0438\u043c\u043e\u0441\u0442\u0438 \u043e\u0442 \u0442\u0435\u0445\u043d\u043e\u043b\u043e\u0433\u0438\u0447\u0435\u0441\u043a\u043e\u0433\u043e \u043f\u0440\u043e\u0446\u0435\u0441\u0441\u0430.","robots":{"index":"index","follow":"follow","max-snippet":"max-snippet:-1","max-image-preview":"max-image-preview:large","max-video-preview":"max-video-preview:-1"},"canonical":"https:\/\/heatex.ee\/ru\/toode\/pogruzhnye-i-speczialnye-figurnye-nag\/","og_locale":"ru_RU","og_type":"article","og_title":"\u041f\u043e\u0433\u0440\u0443\u0436\u043d\u044b\u0435 \u0438 \u0441\u043f\u0435\u0446\u0438\u0430\u043b\u044c\u043d\u044b\u0435 \u0444\u0438\u0433\u0443\u0440\u043d\u044b\u0435 \u043d\u0430\u0433\u0440\u0435\u0432\u0430\u0442\u0435\u043b\u0438 - Heatex.ee k\u00fctteseadmed","og_description":"\u0412 \u0433\u0430\u043b\u044c\u0432\u0430\u043d\u0438\u043a\u0435 \u0438\u0441\u043f\u043e\u043b\u044c\u0437\u0443\u044e\u0442\u0441\u044f \u043d\u0430\u0433\u0440\u0435\u0432\u0430\u0442\u0435\u043b\u044c\u043d\u044b\u0435 \u044d\u043b\u0435\u043c\u0435\u043d\u0442\u044b \u0441 \u0440\u0430\u0437\u043b\u0438\u0447\u043d\u044b\u043c\u0438 \u0442\u0438\u043f\u0430\u043c\u0438 \u043f\u043e\u043a\u0440\u044b\u0442\u0438\u0439 \u0432 \u0437\u0430\u0432\u0438\u0441\u0438\u043c\u043e\u0441\u0442\u0438 \u043e\u0442 \u0442\u0435\u0445\u043d\u043e\u043b\u043e\u0433\u0438\u0447\u0435\u0441\u043a\u043e\u0433\u043e \u043f\u0440\u043e\u0446\u0435\u0441\u0441\u0430.","og_url":"https:\/\/heatex.ee\/ru\/toode\/pogruzhnye-i-speczialnye-figurnye-nag\/","og_site_name":"Heatex.ee k\u00fctteseadmed","article_modified_time":"2025-12-19T09:00:07+00:00","og_image":[{"width":1200,"height":1600,"url":"https:\/\/heatex.ee\/wp-content\/uploads\/2025\/04\/Kuttekeha-2000W-230V.jpg","type":"image\/jpeg"}],"twitter_card":"summary_large_image","twitter_misc":{"\u041f\u0440\u0438\u043c\u0435\u0440\u043d\u043e\u0435 \u0432\u0440\u0435\u043c\u044f \u0434\u043b\u044f \u0447\u0442\u0435\u043d\u0438\u044f":"1 \u043c\u0438\u043d\u0443\u0442\u0430"},"schema":{"@context":"https:\/\/schema.org","@graph":[{"@type":"WebPage","@id":"https:\/\/heatex.ee\/ru\/toode\/pogruzhnye-i-speczialnye-figurnye-nag\/","url":"https:\/\/heatex.ee\/ru\/toode\/pogruzhnye-i-speczialnye-figurnye-nag\/","name":"\u041f\u043e\u0433\u0440\u0443\u0436\u043d\u044b\u0435 \u0438 \u0441\u043f\u0435\u0446\u0438\u0430\u043b\u044c\u043d\u044b\u0435 \u0444\u0438\u0433\u0443\u0440\u043d\u044b\u0435 \u043d\u0430\u0433\u0440\u0435\u0432\u0430\u0442\u0435\u043b\u0438 - Heatex.ee k\u00fctteseadmed","isPartOf":{"@id":"https:\/\/heatex.ee\/ru\/#website"},"primaryImageOfPage":{"@id":"https:\/\/heatex.ee\/ru\/toode\/pogruzhnye-i-speczialnye-figurnye-nag\/#primaryimage"},"image":{"@id":"https:\/\/heatex.ee\/ru\/toode\/pogruzhnye-i-speczialnye-figurnye-nag\/#primaryimage"},"thumbnailUrl":"https:\/\/heatex.ee\/wp-content\/uploads\/2025\/04\/Kuttekeha-2000W-230V.jpg","datePublished":"2025-03-28T15:09:04+00:00","dateModified":"2025-12-19T09:00:07+00:00","description":"\u0412 \u0433\u0430\u043b\u044c\u0432\u0430\u043d\u0438\u043a\u0435 \u0438\u0441\u043f\u043e\u043b\u044c\u0437\u0443\u044e\u0442\u0441\u044f \u043d\u0430\u0433\u0440\u0435\u0432\u0430\u0442\u0435\u043b\u044c\u043d\u044b\u0435 \u044d\u043b\u0435\u043c\u0435\u043d\u0442\u044b \u0441 \u0440\u0430\u0437\u043b\u0438\u0447\u043d\u044b\u043c\u0438 \u0442\u0438\u043f\u0430\u043c\u0438 \u043f\u043e\u043a\u0440\u044b\u0442\u0438\u0439 \u0432 \u0437\u0430\u0432\u0438\u0441\u0438\u043c\u043e\u0441\u0442\u0438 \u043e\u0442 \u0442\u0435\u0445\u043d\u043e\u043b\u043e\u0433\u0438\u0447\u0435\u0441\u043a\u043e\u0433\u043e \u043f\u0440\u043e\u0446\u0435\u0441\u0441\u0430.","breadcrumb":{"@id":"https:\/\/heatex.ee\/ru\/toode\/pogruzhnye-i-speczialnye-figurnye-nag\/#breadcrumb"},"inLanguage":"ru-RU","potentialAction":[{"@type":"ReadAction","target":["https:\/\/heatex.ee\/ru\/toode\/pogruzhnye-i-speczialnye-figurnye-nag\/"]}]},{"@type":"ImageObject","inLanguage":"ru-RU","@id":"https:\/\/heatex.ee\/ru\/toode\/pogruzhnye-i-speczialnye-figurnye-nag\/#primaryimage","url":"https:\/\/heatex.ee\/wp-content\/uploads\/2025\/04\/Kuttekeha-2000W-230V.jpg","contentUrl":"https:\/\/heatex.ee\/wp-content\/uploads\/2025\/04\/Kuttekeha-2000W-230V.jpg","width":1200,"height":1600,"caption":"\u0426\u0418\u0424\u0420\u041e\u0412\u0410\u042f \u041a\u0410\u041c\u0415\u0420\u0410 OLYMPUS"},{"@type":"BreadcrumbList","@id":"https:\/\/heatex.ee\/ru\/toode\/pogruzhnye-i-speczialnye-figurnye-nag\/#breadcrumb","itemListElement":[{"@type":"ListItem","position":1,"name":"Home","item":"https:\/\/heatex.ee\/ru\/"},{"@type":"ListItem","position":2,"name":"\u041c\u0430\u0433\u0430\u0437\u0438\u043d","item":"https:\/\/heatex.ee\/ru\/magazin\/"},{"@type":"ListItem","position":3,"name":"\u041f\u043e\u0433\u0440\u0443\u0436\u043d\u044b\u0435 \u0438 \u0441\u043f\u0435\u0446\u0438\u0430\u043b\u044c\u043d\u044b\u0435 \u0444\u0438\u0433\u0443\u0440\u043d\u044b\u0435 \u043d\u0430\u0433\u0440\u0435\u0432\u0430\u0442\u0435\u043b\u0438"}]},{"@type":"WebSite","@id":"https:\/\/heatex.ee\/ru\/#website","url":"https:\/\/heatex.ee\/ru\/","name":"Heatex.ee k\u00fctteseadmed","description":"\u0418\u043c\u043f\u043e\u0440\u0442\u0435\u0440 \u044d\u043b\u0435\u043a\u0442\u0440\u0438\u0447\u0435\u0441\u043a\u0438\u0445 \u043e\u0431\u043e\u0433\u0440\u0435\u0432\u0430\u0442\u0435\u043b\u0435\u0439 \u0432 \u042d\u0441\u0442\u043e\u043d\u0438\u0438","publisher":{"@id":"https:\/\/heatex.ee\/ru\/#organization"},"alternateName":"T\u00f6\u00f6tstuslikud Elektroonilised K\u00fctteseadmed","potentialAction":[{"@type":"SearchAction","target":{"@type":"EntryPoint","urlTemplate":"https:\/\/heatex.ee\/ru\/?s={search_term_string}"},"query-input":{"@type":"PropertyValueSpecification","valueRequired":true,"valueName":"search_term_string"}}],"inLanguage":"ru-RU"},{"@type":"Organization","@id":"https:\/\/heatex.ee\/ru\/#organization","name":"Heatex.ee k\u00fctteseadmed","alternateName":"T\u00f6\u00f6tstuslikud Elektroonilised K\u00fctteseadmed","url":"https:\/\/heatex.ee\/ru\/","logo":{"@type":"ImageObject","inLanguage":"ru-RU","@id":"https:\/\/heatex.ee\/ru\/#\/schema\/logo\/image\/","url":"https:\/\/heatex.ee\/wp-content\/uploads\/2025\/03\/cropped-Heatex-Logo-2.png","contentUrl":"https:\/\/heatex.ee\/wp-content\/uploads\/2025\/03\/cropped-Heatex-Logo-2.png","width":800,"height":228,"caption":"Heatex.ee k\u00fctteseadmed"},"image":{"@id":"https:\/\/heatex.ee\/ru\/#\/schema\/logo\/image\/"}}]}},"_links":{"self":[{"href":"https:\/\/heatex.ee\/ru\/wp-json\/wp\/v2\/product\/7380","targetHints":{"allow":["GET"]}}],"collection":[{"href":"https:\/\/heatex.ee\/ru\/wp-json\/wp\/v2\/product"}],"about":[{"href":"https:\/\/heatex.ee\/ru\/wp-json\/wp\/v2\/types\/product"}],"replies":[{"embeddable":true,"href":"https:\/\/heatex.ee\/ru\/wp-json\/wp\/v2\/comments?post=7380"}],"wp:featuredmedia":[{"embeddable":true,"href":"https:\/\/heatex.ee\/ru\/wp-json\/wp\/v2\/media\/6826"}],"wp:attachment":[{"href":"https:\/\/heatex.ee\/ru\/wp-json\/wp\/v2\/media?parent=7380"}],"wp:term":[{"taxonomy":"product_brand","embeddable":true,"href":"https:\/\/heatex.ee\/ru\/wp-json\/wp\/v2\/product_brand?post=7380"},{"taxonomy":"product_cat","embeddable":true,"href":"https:\/\/heatex.ee\/ru\/wp-json\/wp\/v2\/product_cat?post=7380"},{"taxonomy":"product_tag","embeddable":true,"href":"https:\/\/heatex.ee\/ru\/wp-json\/wp\/v2\/product_tag?post=7380"}],"curies":[{"name":"wp","href":"https:\/\/api.w.org\/{rel}","templated":true}]}}