{"id":7105,"date":"2025-03-28T17:10:22","date_gmt":"2025-03-28T15:10:22","guid":{"rendered":"https:\/\/heatex.vdisain.dev\/toode\/%d0%bf%d1%80%d0%be%d0%bc%d1%8b%d1%88%d0%bb%d0%b5%d0%bd%d0%bd%d1%8b%d0%b5-%d1%80%d0%b0%d0%b4%d0%b8%d0%b0%d1%82%d0%be%d1%80%d1%8b-atex\/"},"modified":"2025-12-19T11:02:00","modified_gmt":"2025-12-19T09:02:00","slug":"promyshlennye-radiatory-atex","status":"publish","type":"product","link":"https:\/\/heatex.ee\/ru\/toode\/promyshlennye-radiatory-atex\/","title":{"rendered":"\u041f\u0440\u043e\u043c\u044b\u0448\u043b\u0435\u043d\u043d\u044b\u0435 \u0440\u0430\u0434\u0438\u0430\u0442\u043e\u0440\u044b ATEX"},"content":{"rendered":"<p>\u0420\u0430\u0434\u0438\u0430\u0442\u043e\u0440\u044b \u0440\u0430\u0437\u043b\u0438\u0447\u043d\u043e\u0439 \u0434\u043b\u0438\u043d\u044b \u0438 \u043c\u043e\u0449\u043d\u043e\u0441\u0442\u0438 \u0441 \u0441\u0435\u0440\u0442\u0438\u0444\u0438\u043a\u0430\u0442\u043e\u043c ATEX \u0438 \u043a\u043b\u0430\u0441\u0441\u043e\u043c \u0437\u0430\u0449\u0438\u0442\u044b IP66.<\/p>\n<p>\u0421\u0435\u0440\u0442\u0438\u0444\u0438\u043a\u0430\u0442 ATEX EN IEC 60079-1\/EN IEC 60079-31 Ex II 2 G Ex db IIC T3\/T4 Gb \/ Ex II 2 D Ex tb IIC T135\u00b0C&#8230;T200\u00b0C Db.<\/p>\n<p><strong>\u041f\u0440\u043e\u043c\u044b\u0448\u043b\u0435\u043d\u043d\u044b\u0435 \u0440\u0430\u0434\u0438\u0430\u0442\u043e\u0440\u044b ATEX<\/strong> &#8212; \u044d\u0442\u043e \u0432\u044b\u0441\u043e\u043a\u043e\u043f\u0440\u043e\u0447\u043d\u044b\u0435 \u0438 \u043d\u0430\u0434\u0435\u0436\u043d\u044b\u0435 \u043e\u0431\u043e\u0433\u0440\u0435\u0432\u0430\u0442\u0435\u043b\u0438, \u043f\u043e\u0434\u0445\u043e\u0434\u044f\u0449\u0438\u0435 \u0434\u043b\u044f \u0441\u0430\u043c\u044b\u0445 \u0441\u0443\u0440\u043e\u0432\u044b\u0445 \u0443\u0441\u043b\u043e\u0432\u0438\u0439. \u041e\u0434\u043d\u0430\u043a\u043e \u0441\u043b\u0435\u0434\u0443\u0435\u0442 \u043f\u043e\u043c\u043d\u0438\u0442\u044c, \u0447\u0442\u043e \u0442\u0435\u043c\u043f\u0435\u0440\u0430\u0442\u0443\u0440\u0430 \u043f\u043e\u0432\u0435\u0440\u0445\u043d\u043e\u0441\u0442\u0438 \u0440\u0430\u0434\u0438\u0430\u0442\u043e\u0440\u0430 \u0434\u043e\u0432\u043e\u043b\u044c\u043d\u043e \u0432\u044b\u0441\u043e\u043a\u0430, \u043f\u043e\u044d\u0442\u043e\u043c\u0443 \u0435\u0433\u043e \u043d\u0435 \u0441\u043b\u0435\u0434\u0443\u0435\u0442 \u0443\u0441\u0442\u0430\u043d\u0430\u0432\u043b\u0438\u0432\u0430\u0442\u044c \u0432 \u043f\u043e\u043c\u0435\u0449\u0435\u043d\u0438\u044f\u0445, \u0433\u0434\u0435 \u0432\u044b\u0441\u043e\u043a \u0440\u0438\u0441\u043a \u0432\u043e\u0437\u0433\u043e\u0440\u0430\u043d\u0438\u044f \u043c\u0430\u0442\u0435\u0440\u0438\u0430\u043b\u043e\u0432.<\/p>\n<p>\u0420\u0430\u0434\u0438\u0430\u0442\u043e\u0440 \u0438\u043c\u0435\u0435\u0442 \u043f\u0440\u043e\u0447\u043d\u0443\u044e \u043a\u043e\u043d\u0441\u0442\u0440\u0443\u043a\u0446\u0438\u044e \u0441 \u043a\u0435\u0440\u0430\u043c\u0438\u0447\u0435\u0441\u043a\u0438\u043c \u043d\u0430\u0433\u0440\u0435\u0432\u0430\u0442\u0435\u043b\u044c\u043d\u044b\u043c \u044d\u043b\u0435\u043c\u0435\u043d\u0442\u043e\u043c \u0432 \u043c\u0435\u0442\u0430\u043b\u043b\u0438\u0447\u0435\u0441\u043a\u043e\u043c \u043a\u043e\u0440\u043f\u0443\u0441\u0435, \u043e\u043a\u0440\u0443\u0436\u0435\u043d\u043d\u044b\u043c \u043c\u0435\u0442\u0430\u043b\u043b\u0438\u0447\u0435\u0441\u043a\u0438\u043c\u0438 \u043e\u0445\u043b\u0430\u0436\u0434\u0430\u044e\u0449\u0438\u043c\u0438 \u0440\u0435\u0431\u0440\u0430\u043c\u0438. \u041f\u043e\u044d\u0442\u043e\u043c\u0443 \u0440\u0430\u0434\u0438\u0430\u0442\u043e\u0440 \u0434\u043e\u043b\u0436\u0435\u043d \u0431\u044b\u0442\u044c \u0443\u0441\u0442\u0430\u043d\u043e\u0432\u043b\u0435\u043d \u0433\u043e\u0440\u0438\u0437\u043e\u043d\u0442\u0430\u043b\u044c\u043d\u043e, \u0447\u0442\u043e\u0431\u044b \u0442\u0435\u043f\u043b\u043e \u0443\u0445\u043e\u0434\u0438\u043b\u043e \u043c\u0435\u0436\u0434\u0443 \u043e\u0445\u043b\u0430\u0436\u0434\u0430\u044e\u0449\u0438\u043c\u0438 \u0440\u0435\u0431\u0440\u0430\u043c\u0438.<\/p>\n<p><strong>\u041f\u0440\u043e\u043c\u044b\u0448\u043b\u0435\u043d\u043d\u044b\u0435 \u0440\u0430\u0434\u0438\u0430\u0442\u043e\u0440\u044b ATEX<\/strong> \u0438\u043c\u0435\u044e\u0442 \u0441\u0442\u0435\u043f\u0435\u043d\u044c \u0437\u0430\u0449\u0438\u0442\u044b IP65 \u0438 \u0432 \u0441\u0442\u0430\u043d\u0434\u0430\u0440\u0442\u043d\u043e\u043c \u0438\u0441\u043f\u043e\u043b\u043d\u0435\u043d\u0438\u0438 \u043d\u0435 \u0438\u043c\u0435\u044e\u0442 \u0442\u0435\u0440\u043c\u043e\u0441\u0442\u0430\u0442\u0430. \u0422\u0430\u043a\u0436\u0435 \u0432\u043e\u0437\u043c\u043e\u0436\u0435\u043d \u0432\u0430\u0440\u0438\u0430\u043d\u0442 \u0440\u0430\u0434\u0438\u0430\u0442\u043e\u0440\u0430 <a href=\"https:\/\/heatex.ee\/ru\/toode\/czifrovye-termostaty\/\">\u0441 \u0442\u0435\u0440\u043c\u043e\u0441\u0442\u0430\u0442\u043e\u043c<\/a>, \u0433\u0434\u0435 \u0432\u043e\u0437\u0434\u0443\u0448\u043d\u044b\u0439 \u0442\u0435\u0440\u043c\u043e\u0441\u0442\u0430\u0442 \u0440\u0430\u0441\u043f\u043e\u043b\u043e\u0436\u0435\u043d \u043d\u0430 \u043a\u043e\u043d\u0446\u0435 \u0440\u0430\u0434\u0438\u0430\u0442\u043e\u0440\u0430. \u041f\u0440\u0438 \u043d\u0435\u043e\u0431\u0445\u043e\u0434\u0438\u043c\u043e\u0441\u0442\u0438 <strong>\u043f\u0440\u043e\u043c\u044b\u0448\u043b\u0435\u043d\u043d\u044b\u0439 \u0440\u0430\u0434\u0438\u0430\u0442\u043e\u0440 ATEX<\/strong> \u043c\u043e\u0436\u0435\u0442 \u0431\u044b\u0442\u044c \u043e\u0441\u043d\u0430\u0449\u0435\u043d <a href=\"https:\/\/www.google.com\/search?q=pt100+temperature+sensor&amp;rlz=1C5CHFA_enEE930EE930&amp;oq=PT100+temperatu&amp;aqs=chrome.0.0j69i57j0l8.3898j0j7&amp;sourceid=chrome&amp;ie=UTF-8\">\u0442\u0435\u043c\u043f\u0435\u0440\u0430\u0442\u0443\u0440\u043d\u044b\u043c \u0434\u0430\u0442\u0447\u0438\u043a\u043e\u043c PT100.<\/a><\/p>\n<p>\u0427\u0442\u043e \u043a\u0430\u0441\u0430\u0435\u0442\u0441\u044f \u043e\u0431\u0440\u0430\u0431\u043e\u0442\u043a\u0438 \u043f\u043e\u0432\u0435\u0440\u0445\u043d\u043e\u0441\u0442\u0438, \u0440\u0430\u0434\u0438\u0430\u0442\u043e\u0440\u044b \u0432\u044b\u043f\u0443\u0441\u043a\u0430\u044e\u0442\u0441\u044f \u0441 \u044d\u043f\u043e\u043a\u0441\u0438\u0434\u043d\u044b\u043c \u043f\u043e\u043a\u0440\u044b\u0442\u0438\u0435\u043c (\u043e\u043a\u0440\u0430\u0448\u0435\u043d\u043d\u044b\u043c), \u043e\u0446\u0438\u043d\u043a\u043e\u0432\u0430\u043d\u043d\u044b\u043c \u043f\u043e\u043a\u0440\u044b\u0442\u0438\u0435\u043c \u0438 \u043f\u043e\u0432\u0435\u0440\u0445\u043d\u043e\u0441\u0442\u044c\u044e \u0438\u0437 \u043d\u0435\u0440\u0436\u0430\u0432\u0435\u044e\u0449\u0435\u0439 \u0441\u0442\u0430\u043b\u0438.<\/p>\n<h4 class=\"\" data-fontsize=\"22\" data-lineheight=\"33px\">\u0412\u044b\u0431\u043e\u0440 \u043c\u0435\u0441\u0442, \u043a\u0443\u0434\u0430 \u0443\u0441\u0442\u0430\u043d\u0430\u0432\u043b\u0438\u0432\u0430\u0435\u0442\u0441\u044f \u0440\u0430\u0434\u0438\u0430\u0442\u043e\u0440:<\/h4>\n<ul>\n<li>\u0421\u0443\u0448\u0438\u043b\u044c\u043d\u044b\u0435 \u043a\u043e\u043c\u043d\u0430\u0442\u044b<\/li>\n<li>\u043c\u0430\u0448\u0438\u043d\u043d\u044b\u0435 \u043e\u0442\u0434\u0435\u043b\u0435\u043d\u0438\u044f<\/li>\n<li>\u043d\u0430\u0441\u043e\u0441<\/li>\n<li>\u041b\u0438\u0444\u0442\u043e\u0432\u044b\u0435 \u0441\u043e\u043a\u0438<\/li>\n<li>\u0441\u0430\u043b\u043e\u043d\u044b<\/li>\n<li>\u0441\u0435\u043c\u0438\u043d\u0430\u0440\u044b<\/li>\n<\/ul>\n<p>\u041f\u0440\u043e\u043c\u044b\u0448\u043b\u0435\u043d\u043d\u044b\u0435 \u0440\u0430\u0434\u0438\u0430\u0442\u043e\u0440\u044b ATEX \u0432\u044b\u043f\u0443\u0441\u043a\u0430\u044e\u0442\u0441\u044f \u0432 \u0442\u0435\u043c\u043f\u0435\u0440\u0430\u0442\u0443\u0440\u043d\u044b\u0445 \u043a\u043b\u0430\u0441\u0441\u0430\u0445 T3 \u0438 T4.<\/p>\n<p>\u0421\u0443\u0449\u0435\u0441\u0442\u0432\u0443\u044e\u0449\u0438\u0435 \u0441\u0435\u0440\u0442\u0438\u0444\u0438\u043a\u0430\u0442\u044b:<\/p>\n<p>&#8212; EN-IEC-60079-1 Ex II 2G Ex db IIC T3\/T4 Gb<br \/>\n&#8212; EN-IEC-60079-31 Ex II 2D Ex tb IIIC T200\u00b0C\/T135\u00b0C Db<\/p>\n<p><strong>\u041f\u0440\u043e\u043c\u044b\u0448\u043b\u0435\u043d\u043d\u044b\u0435 \u0440\u0430\u0434\u0438\u0430\u0442\u043e\u0440\u044b ATEX<\/strong> \u043f\u0440\u043e\u0438\u0437\u0432\u043e\u0434\u044f\u0442\u0441\u044f \u043d\u0430 \u043d\u0430\u0448\u0435\u043c \u0437\u0430\u0432\u043e\u0434\u0435 \u0432 \u0414\u0430\u043d\u0438\u0438, \u043a\u043e\u043c\u043f\u0430\u043d\u0438\u0435\u0439 JEVI A\/S, \u043e\u0444\u0438\u0446\u0438\u0430\u043b\u044c\u043d\u044b\u043c \u043f\u0440\u0435\u0434\u0441\u0442\u0430\u0432\u0438\u0442\u0435\u043b\u0435\u043c \u043a\u043e\u0442\u043e\u0440\u043e\u0439 \u043c\u044b \u044f\u0432\u043b\u044f\u0435\u043c\u0441\u044f \u0432 \u042d\u0441\u0442\u043e\u043d\u0438\u0438. \u0412\u044b \u043c\u043e\u0436\u0435\u0442\u0435 \u043e\u0437\u043d\u0430\u043a\u043e\u043c\u0438\u0442\u044c\u0441\u044f \u0441 \u043f\u043e\u043b\u043d\u044b\u043c \u0430\u0441\u0441\u043e\u0440\u0442\u0438\u043c\u0435\u043d\u0442\u043e\u043c \u043f\u0440\u043e\u0434\u0443\u043a\u0446\u0438\u0438 \u043d\u0430 \u0438\u0445 \u0441\u0430\u0439\u0442\u0435 <a href=\"http:\/\/www.jevi.dk\/\">http:\/\/www.jevi.dk.<\/a><\/p>\n","protected":false},"excerpt":{"rendered":"<p>\u0420\u0430\u0434\u0438\u0430\u0442\u043e\u0440\u044b \u0440\u0430\u0437\u043b\u0438\u0447\u043d\u043e\u0439 \u0434\u043b\u0438\u043d\u044b \u0438 \u043c\u043e\u0449\u043d\u043e\u0441\u0442\u0438 \u0441 \u0441\u0435\u0440\u0442\u0438\u0444\u0438\u043a\u0430\u0442\u043e\u043c ATEX \u0438 \u043a\u043b\u0430\u0441\u0441\u043e\u043c \u0437\u0430\u0449\u0438\u0442\u044b IP66. \u0421\u0435\u0440\u0442\u0438\u0444\u0438\u043a\u0430\u0442 ATEX EN IEC 60079-1\/EN IEC 60079-31 Ex II 2 G Ex db IIC T3\/T4 Gb \/ Ex II 2 D Ex tb IIC T135\u00b0C&#8230;T200\u00b0C Db. \u041f\u0440\u043e\u043c\u044b\u0448\u043b\u0435\u043d\u043d\u044b\u0435 \u0440\u0430\u0434\u0438\u0430\u0442\u043e\u0440\u044b ATEX &#8212; \u044d\u0442\u043e \u0432\u044b\u0441\u043e\u043a\u043e\u043f\u0440\u043e\u0447\u043d\u044b\u0435 \u0438 \u043d\u0430\u0434\u0435\u0436\u043d\u044b\u0435 \u043e\u0431\u043e\u0433\u0440\u0435\u0432\u0430\u0442\u0435\u043b\u0438, \u043f\u043e\u0434\u0445\u043e\u0434\u044f\u0449\u0438\u0435 \u0434\u043b\u044f \u0441\u0430\u043c\u044b\u0445 \u0441\u0443\u0440\u043e\u0432\u044b\u0445 \u0443\u0441\u043b\u043e\u0432\u0438\u0439. \u041e\u0434\u043d\u0430\u043a\u043e \u0441\u043b\u0435\u0434\u0443\u0435\u0442 \u043f\u043e\u043c\u043d\u0438\u0442\u044c, [&hellip;]<\/p>\n","protected":false},"featured_media":6707,"comment_status":"closed","ping_status":"closed","template":"","meta":{"_acf_changed":false},"product_brand":[],"product_cat":[2456],"product_tag":[],"class_list":{"0":"post-7105","1":"product","2":"type-product","3":"status-publish","4":"has-post-thumbnail","6":"product_cat-produkty-atex","7":"pa_pikkus-l650-","8":"pa_pikkus-l850-","9":"pa_pikkus-l1150-","10":"pa_pikkus-l1450-","11":"pa_pikkus-l2050-","12":"pa_pikkus-l2650-","13":"pa_pikkus-l3150-","14":"pa_tuup-t3-ru","15":"pa_tuup-t4-ru","16":"pa_voimsus-150-w-ru","17":"pa_voimsus-230-w-ru","18":"pa_voimsus-300-w-ru","19":"pa_voimsus-320-w-ru","20":"pa_voimsus-350-w-ru","21":"pa_voimsus-400-w-ru","22":"pa_voimsus-450-w-ru","23":"pa_voimsus-460-w-ru","24":"pa_voimsus-470-w-ru","25":"pa_voimsus-500-w-ru","26":"pa_voimsus-600-w-ru","27":"pa_voimsus-675-w-ru","28":"pa_voimsus-700-w-ru","29":"pa_voimsus-750-w-ru","30":"pa_voimsus-880-w-ru","31":"pa_voimsus-930-w-ru","32":"pa_voimsus-950-w-ru","33":"pa_voimsus-1000-w-ru","34":"pa_voimsus-1150-w-ru","35":"pa_voimsus-1160-w-ru","36":"pa_voimsus-1400-w-ru","37":"pa_voimsus-1520-w-ru","38":"pa_voimsus-2000-w-ru","39":"pa_voimsus-2400-w-ru","41":"first","42":"instock","43":"taxable","44":"shipping-taxable","45":"purchasable","46":"product-type-variable"},"acf":[],"yoast_head":"<!-- This site is optimized with the Yoast SEO plugin v27.5 - https:\/\/yoast.com\/product\/yoast-seo-wordpress\/ -->\n<title>\u041f\u0440\u043e\u043c\u044b\u0448\u043b\u0435\u043d\u043d\u044b\u0435 \u0440\u0430\u0434\u0438\u0430\u0442\u043e\u0440\u044b ATEX - Heatex.ee k\u00fctteseadmed<\/title>\n<meta name=\"description\" content=\"\u041f\u0440\u043e\u043c\u044b\u0448\u043b\u0435\u043d\u043d\u044b\u0435 \u0440\u0430\u0434\u0438\u0430\u0442\u043e\u0440\u044b ATEX \u2014 \u044d\u0442\u043e \u043e\u0447\u0435\u043d\u044c \u043f\u0440\u043e\u0447\u043d\u044b\u0435 \u0438 \u043d\u0430\u0434\u0451\u0436\u043d\u044b\u0435 \u043e\u0442\u043e\u043f\u0438\u0442\u0435\u043b\u044c\u043d\u044b\u0435 \u0443\u0441\u0442\u0440\u043e\u0439\u0441\u0442\u0432\u0430, \u043f\u043e\u0434\u0445\u043e\u0434\u044f\u0449\u0438\u0435 \u0434\u0430\u0436\u0435 \u0434\u043b\u044f \u0441\u0430\u043c\u044b\u0445 \u0442\u044f\u0436\u0451\u043b\u044b\u0445 \u0443\u0441\u043b\u043e\u0432\u0438\u0439 \u044d\u043a\u0441\u043f\u043b\u0443\u0430\u0442\u0430\u0446\u0438\u0438.\" \/>\n<meta name=\"robots\" content=\"index, follow, max-snippet:-1, max-image-preview:large, max-video-preview:-1\" \/>\n<link rel=\"canonical\" href=\"https:\/\/heatex.ee\/ru\/toode\/promyshlennye-radiatory-atex\/\" \/>\n<meta property=\"og:locale\" content=\"ru_RU\" \/>\n<meta property=\"og:type\" content=\"article\" \/>\n<meta property=\"og:title\" content=\"\u041f\u0440\u043e\u043c\u044b\u0448\u043b\u0435\u043d\u043d\u044b\u0435 \u0440\u0430\u0434\u0438\u0430\u0442\u043e\u0440\u044b ATEX - Heatex.ee k\u00fctteseadmed\" \/>\n<meta property=\"og:description\" content=\"\u041f\u0440\u043e\u043c\u044b\u0448\u043b\u0435\u043d\u043d\u044b\u0435 \u0440\u0430\u0434\u0438\u0430\u0442\u043e\u0440\u044b ATEX \u2014 \u044d\u0442\u043e \u043e\u0447\u0435\u043d\u044c \u043f\u0440\u043e\u0447\u043d\u044b\u0435 \u0438 \u043d\u0430\u0434\u0451\u0436\u043d\u044b\u0435 \u043e\u0442\u043e\u043f\u0438\u0442\u0435\u043b\u044c\u043d\u044b\u0435 \u0443\u0441\u0442\u0440\u043e\u0439\u0441\u0442\u0432\u0430, \u043f\u043e\u0434\u0445\u043e\u0434\u044f\u0449\u0438\u0435 \u0434\u0430\u0436\u0435 \u0434\u043b\u044f \u0441\u0430\u043c\u044b\u0445 \u0442\u044f\u0436\u0451\u043b\u044b\u0445 \u0443\u0441\u043b\u043e\u0432\u0438\u0439 \u044d\u043a\u0441\u043f\u043b\u0443\u0430\u0442\u0430\u0446\u0438\u0438.\" \/>\n<meta property=\"og:url\" content=\"https:\/\/heatex.ee\/ru\/toode\/promyshlennye-radiatory-atex\/\" \/>\n<meta property=\"og:site_name\" content=\"Heatex.ee k\u00fctteseadmed\" \/>\n<meta property=\"article:modified_time\" content=\"2025-12-19T09:02:00+00:00\" \/>\n<meta property=\"og:image\" content=\"https:\/\/heatex.ee\/wp-content\/uploads\/2025\/03\/ATEX-1.jpg\" \/>\n\t<meta property=\"og:image:width\" content=\"1000\" \/>\n\t<meta property=\"og:image:height\" content=\"902\" \/>\n\t<meta property=\"og:image:type\" content=\"image\/jpeg\" \/>\n<meta name=\"twitter:card\" content=\"summary_large_image\" \/>\n<meta name=\"twitter:label1\" content=\"\u041f\u0440\u0438\u043c\u0435\u0440\u043d\u043e\u0435 \u0432\u0440\u0435\u043c\u044f \u0434\u043b\u044f \u0447\u0442\u0435\u043d\u0438\u044f\" \/>\n\t<meta name=\"twitter:data1\" content=\"2 \u043c\u0438\u043d\u0443\u0442\u044b\" \/>\n<script type=\"application\/ld+json\" class=\"yoast-schema-graph\">{\"@context\":\"https:\\\/\\\/schema.org\",\"@graph\":[{\"@type\":\"WebPage\",\"@id\":\"https:\\\/\\\/heatex.ee\\\/ru\\\/toode\\\/promyshlennye-radiatory-atex\\\/\",\"url\":\"https:\\\/\\\/heatex.ee\\\/ru\\\/toode\\\/promyshlennye-radiatory-atex\\\/\",\"name\":\"\u041f\u0440\u043e\u043c\u044b\u0448\u043b\u0435\u043d\u043d\u044b\u0435 \u0440\u0430\u0434\u0438\u0430\u0442\u043e\u0440\u044b ATEX - Heatex.ee k\u00fctteseadmed\",\"isPartOf\":{\"@id\":\"https:\\\/\\\/heatex.ee\\\/ru\\\/#website\"},\"primaryImageOfPage\":{\"@id\":\"https:\\\/\\\/heatex.ee\\\/ru\\\/toode\\\/promyshlennye-radiatory-atex\\\/#primaryimage\"},\"image\":{\"@id\":\"https:\\\/\\\/heatex.ee\\\/ru\\\/toode\\\/promyshlennye-radiatory-atex\\\/#primaryimage\"},\"thumbnailUrl\":\"https:\\\/\\\/heatex.ee\\\/wp-content\\\/uploads\\\/2025\\\/03\\\/ATEX-1.jpg\",\"datePublished\":\"2025-03-28T15:10:22+00:00\",\"dateModified\":\"2025-12-19T09:02:00+00:00\",\"description\":\"\u041f\u0440\u043e\u043c\u044b\u0448\u043b\u0435\u043d\u043d\u044b\u0435 \u0440\u0430\u0434\u0438\u0430\u0442\u043e\u0440\u044b ATEX \u2014 \u044d\u0442\u043e \u043e\u0447\u0435\u043d\u044c \u043f\u0440\u043e\u0447\u043d\u044b\u0435 \u0438 \u043d\u0430\u0434\u0451\u0436\u043d\u044b\u0435 \u043e\u0442\u043e\u043f\u0438\u0442\u0435\u043b\u044c\u043d\u044b\u0435 \u0443\u0441\u0442\u0440\u043e\u0439\u0441\u0442\u0432\u0430, \u043f\u043e\u0434\u0445\u043e\u0434\u044f\u0449\u0438\u0435 \u0434\u0430\u0436\u0435 \u0434\u043b\u044f \u0441\u0430\u043c\u044b\u0445 \u0442\u044f\u0436\u0451\u043b\u044b\u0445 \u0443\u0441\u043b\u043e\u0432\u0438\u0439 \u044d\u043a\u0441\u043f\u043b\u0443\u0430\u0442\u0430\u0446\u0438\u0438.\",\"breadcrumb\":{\"@id\":\"https:\\\/\\\/heatex.ee\\\/ru\\\/toode\\\/promyshlennye-radiatory-atex\\\/#breadcrumb\"},\"inLanguage\":\"ru-RU\",\"potentialAction\":[{\"@type\":\"ReadAction\",\"target\":[\"https:\\\/\\\/heatex.ee\\\/ru\\\/toode\\\/promyshlennye-radiatory-atex\\\/\"]}]},{\"@type\":\"ImageObject\",\"inLanguage\":\"ru-RU\",\"@id\":\"https:\\\/\\\/heatex.ee\\\/ru\\\/toode\\\/promyshlennye-radiatory-atex\\\/#primaryimage\",\"url\":\"https:\\\/\\\/heatex.ee\\\/wp-content\\\/uploads\\\/2025\\\/03\\\/ATEX-1.jpg\",\"contentUrl\":\"https:\\\/\\\/heatex.ee\\\/wp-content\\\/uploads\\\/2025\\\/03\\\/ATEX-1.jpg\",\"width\":1000,\"height\":902},{\"@type\":\"BreadcrumbList\",\"@id\":\"https:\\\/\\\/heatex.ee\\\/ru\\\/toode\\\/promyshlennye-radiatory-atex\\\/#breadcrumb\",\"itemListElement\":[{\"@type\":\"ListItem\",\"position\":1,\"name\":\"Home\",\"item\":\"https:\\\/\\\/heatex.ee\\\/ru\\\/\"},{\"@type\":\"ListItem\",\"position\":2,\"name\":\"\u041c\u0430\u0433\u0430\u0437\u0438\u043d\",\"item\":\"https:\\\/\\\/heatex.ee\\\/ru\\\/magazin\\\/\"},{\"@type\":\"ListItem\",\"position\":3,\"name\":\"\u041f\u0440\u043e\u043c\u044b\u0448\u043b\u0435\u043d\u043d\u044b\u0435 \u0440\u0430\u0434\u0438\u0430\u0442\u043e\u0440\u044b ATEX\"}]},{\"@type\":\"WebSite\",\"@id\":\"https:\\\/\\\/heatex.ee\\\/ru\\\/#website\",\"url\":\"https:\\\/\\\/heatex.ee\\\/ru\\\/\",\"name\":\"Heatex.ee k\u00fctteseadmed\",\"description\":\"\u0418\u043c\u043f\u043e\u0440\u0442\u0435\u0440 \u044d\u043b\u0435\u043a\u0442\u0440\u0438\u0447\u0435\u0441\u043a\u0438\u0445 \u043e\u0431\u043e\u0433\u0440\u0435\u0432\u0430\u0442\u0435\u043b\u0435\u0439 \u0432 \u042d\u0441\u0442\u043e\u043d\u0438\u0438\",\"publisher\":{\"@id\":\"https:\\\/\\\/heatex.ee\\\/ru\\\/#organization\"},\"alternateName\":\"T\u00f6\u00f6tstuslikud Elektroonilised K\u00fctteseadmed\",\"potentialAction\":[{\"@type\":\"SearchAction\",\"target\":{\"@type\":\"EntryPoint\",\"urlTemplate\":\"https:\\\/\\\/heatex.ee\\\/ru\\\/?s={search_term_string}\"},\"query-input\":{\"@type\":\"PropertyValueSpecification\",\"valueRequired\":true,\"valueName\":\"search_term_string\"}}],\"inLanguage\":\"ru-RU\"},{\"@type\":\"Organization\",\"@id\":\"https:\\\/\\\/heatex.ee\\\/ru\\\/#organization\",\"name\":\"Heatex.ee k\u00fctteseadmed\",\"alternateName\":\"T\u00f6\u00f6tstuslikud Elektroonilised K\u00fctteseadmed\",\"url\":\"https:\\\/\\\/heatex.ee\\\/ru\\\/\",\"logo\":{\"@type\":\"ImageObject\",\"inLanguage\":\"ru-RU\",\"@id\":\"https:\\\/\\\/heatex.ee\\\/ru\\\/#\\\/schema\\\/logo\\\/image\\\/\",\"url\":\"https:\\\/\\\/heatex.ee\\\/wp-content\\\/uploads\\\/2025\\\/03\\\/cropped-Heatex-Logo-2.png\",\"contentUrl\":\"https:\\\/\\\/heatex.ee\\\/wp-content\\\/uploads\\\/2025\\\/03\\\/cropped-Heatex-Logo-2.png\",\"width\":800,\"height\":228,\"caption\":\"Heatex.ee k\u00fctteseadmed\"},\"image\":{\"@id\":\"https:\\\/\\\/heatex.ee\\\/ru\\\/#\\\/schema\\\/logo\\\/image\\\/\"}}]}<\/script>\n<!-- \/ Yoast SEO plugin. -->","yoast_head_json":{"title":"\u041f\u0440\u043e\u043c\u044b\u0448\u043b\u0435\u043d\u043d\u044b\u0435 \u0440\u0430\u0434\u0438\u0430\u0442\u043e\u0440\u044b ATEX - Heatex.ee k\u00fctteseadmed","description":"\u041f\u0440\u043e\u043c\u044b\u0448\u043b\u0435\u043d\u043d\u044b\u0435 \u0440\u0430\u0434\u0438\u0430\u0442\u043e\u0440\u044b ATEX \u2014 \u044d\u0442\u043e \u043e\u0447\u0435\u043d\u044c \u043f\u0440\u043e\u0447\u043d\u044b\u0435 \u0438 \u043d\u0430\u0434\u0451\u0436\u043d\u044b\u0435 \u043e\u0442\u043e\u043f\u0438\u0442\u0435\u043b\u044c\u043d\u044b\u0435 \u0443\u0441\u0442\u0440\u043e\u0439\u0441\u0442\u0432\u0430, \u043f\u043e\u0434\u0445\u043e\u0434\u044f\u0449\u0438\u0435 \u0434\u0430\u0436\u0435 \u0434\u043b\u044f \u0441\u0430\u043c\u044b\u0445 \u0442\u044f\u0436\u0451\u043b\u044b\u0445 \u0443\u0441\u043b\u043e\u0432\u0438\u0439 \u044d\u043a\u0441\u043f\u043b\u0443\u0430\u0442\u0430\u0446\u0438\u0438.","robots":{"index":"index","follow":"follow","max-snippet":"max-snippet:-1","max-image-preview":"max-image-preview:large","max-video-preview":"max-video-preview:-1"},"canonical":"https:\/\/heatex.ee\/ru\/toode\/promyshlennye-radiatory-atex\/","og_locale":"ru_RU","og_type":"article","og_title":"\u041f\u0440\u043e\u043c\u044b\u0448\u043b\u0435\u043d\u043d\u044b\u0435 \u0440\u0430\u0434\u0438\u0430\u0442\u043e\u0440\u044b ATEX - Heatex.ee k\u00fctteseadmed","og_description":"\u041f\u0440\u043e\u043c\u044b\u0448\u043b\u0435\u043d\u043d\u044b\u0435 \u0440\u0430\u0434\u0438\u0430\u0442\u043e\u0440\u044b ATEX \u2014 \u044d\u0442\u043e \u043e\u0447\u0435\u043d\u044c \u043f\u0440\u043e\u0447\u043d\u044b\u0435 \u0438 \u043d\u0430\u0434\u0451\u0436\u043d\u044b\u0435 \u043e\u0442\u043e\u043f\u0438\u0442\u0435\u043b\u044c\u043d\u044b\u0435 \u0443\u0441\u0442\u0440\u043e\u0439\u0441\u0442\u0432\u0430, \u043f\u043e\u0434\u0445\u043e\u0434\u044f\u0449\u0438\u0435 \u0434\u0430\u0436\u0435 \u0434\u043b\u044f \u0441\u0430\u043c\u044b\u0445 \u0442\u044f\u0436\u0451\u043b\u044b\u0445 \u0443\u0441\u043b\u043e\u0432\u0438\u0439 \u044d\u043a\u0441\u043f\u043b\u0443\u0430\u0442\u0430\u0446\u0438\u0438.","og_url":"https:\/\/heatex.ee\/ru\/toode\/promyshlennye-radiatory-atex\/","og_site_name":"Heatex.ee k\u00fctteseadmed","article_modified_time":"2025-12-19T09:02:00+00:00","og_image":[{"width":1000,"height":902,"url":"https:\/\/heatex.ee\/wp-content\/uploads\/2025\/03\/ATEX-1.jpg","type":"image\/jpeg"}],"twitter_card":"summary_large_image","twitter_misc":{"\u041f\u0440\u0438\u043c\u0435\u0440\u043d\u043e\u0435 \u0432\u0440\u0435\u043c\u044f \u0434\u043b\u044f \u0447\u0442\u0435\u043d\u0438\u044f":"2 \u043c\u0438\u043d\u0443\u0442\u044b"},"schema":{"@context":"https:\/\/schema.org","@graph":[{"@type":"WebPage","@id":"https:\/\/heatex.ee\/ru\/toode\/promyshlennye-radiatory-atex\/","url":"https:\/\/heatex.ee\/ru\/toode\/promyshlennye-radiatory-atex\/","name":"\u041f\u0440\u043e\u043c\u044b\u0448\u043b\u0435\u043d\u043d\u044b\u0435 \u0440\u0430\u0434\u0438\u0430\u0442\u043e\u0440\u044b ATEX - Heatex.ee k\u00fctteseadmed","isPartOf":{"@id":"https:\/\/heatex.ee\/ru\/#website"},"primaryImageOfPage":{"@id":"https:\/\/heatex.ee\/ru\/toode\/promyshlennye-radiatory-atex\/#primaryimage"},"image":{"@id":"https:\/\/heatex.ee\/ru\/toode\/promyshlennye-radiatory-atex\/#primaryimage"},"thumbnailUrl":"https:\/\/heatex.ee\/wp-content\/uploads\/2025\/03\/ATEX-1.jpg","datePublished":"2025-03-28T15:10:22+00:00","dateModified":"2025-12-19T09:02:00+00:00","description":"\u041f\u0440\u043e\u043c\u044b\u0448\u043b\u0435\u043d\u043d\u044b\u0435 \u0440\u0430\u0434\u0438\u0430\u0442\u043e\u0440\u044b ATEX \u2014 \u044d\u0442\u043e \u043e\u0447\u0435\u043d\u044c \u043f\u0440\u043e\u0447\u043d\u044b\u0435 \u0438 \u043d\u0430\u0434\u0451\u0436\u043d\u044b\u0435 \u043e\u0442\u043e\u043f\u0438\u0442\u0435\u043b\u044c\u043d\u044b\u0435 \u0443\u0441\u0442\u0440\u043e\u0439\u0441\u0442\u0432\u0430, \u043f\u043e\u0434\u0445\u043e\u0434\u044f\u0449\u0438\u0435 \u0434\u0430\u0436\u0435 \u0434\u043b\u044f \u0441\u0430\u043c\u044b\u0445 \u0442\u044f\u0436\u0451\u043b\u044b\u0445 \u0443\u0441\u043b\u043e\u0432\u0438\u0439 \u044d\u043a\u0441\u043f\u043b\u0443\u0430\u0442\u0430\u0446\u0438\u0438.","breadcrumb":{"@id":"https:\/\/heatex.ee\/ru\/toode\/promyshlennye-radiatory-atex\/#breadcrumb"},"inLanguage":"ru-RU","potentialAction":[{"@type":"ReadAction","target":["https:\/\/heatex.ee\/ru\/toode\/promyshlennye-radiatory-atex\/"]}]},{"@type":"ImageObject","inLanguage":"ru-RU","@id":"https:\/\/heatex.ee\/ru\/toode\/promyshlennye-radiatory-atex\/#primaryimage","url":"https:\/\/heatex.ee\/wp-content\/uploads\/2025\/03\/ATEX-1.jpg","contentUrl":"https:\/\/heatex.ee\/wp-content\/uploads\/2025\/03\/ATEX-1.jpg","width":1000,"height":902},{"@type":"BreadcrumbList","@id":"https:\/\/heatex.ee\/ru\/toode\/promyshlennye-radiatory-atex\/#breadcrumb","itemListElement":[{"@type":"ListItem","position":1,"name":"Home","item":"https:\/\/heatex.ee\/ru\/"},{"@type":"ListItem","position":2,"name":"\u041c\u0430\u0433\u0430\u0437\u0438\u043d","item":"https:\/\/heatex.ee\/ru\/magazin\/"},{"@type":"ListItem","position":3,"name":"\u041f\u0440\u043e\u043c\u044b\u0448\u043b\u0435\u043d\u043d\u044b\u0435 \u0440\u0430\u0434\u0438\u0430\u0442\u043e\u0440\u044b ATEX"}]},{"@type":"WebSite","@id":"https:\/\/heatex.ee\/ru\/#website","url":"https:\/\/heatex.ee\/ru\/","name":"Heatex.ee k\u00fctteseadmed","description":"\u0418\u043c\u043f\u043e\u0440\u0442\u0435\u0440 \u044d\u043b\u0435\u043a\u0442\u0440\u0438\u0447\u0435\u0441\u043a\u0438\u0445 \u043e\u0431\u043e\u0433\u0440\u0435\u0432\u0430\u0442\u0435\u043b\u0435\u0439 \u0432 \u042d\u0441\u0442\u043e\u043d\u0438\u0438","publisher":{"@id":"https:\/\/heatex.ee\/ru\/#organization"},"alternateName":"T\u00f6\u00f6tstuslikud Elektroonilised K\u00fctteseadmed","potentialAction":[{"@type":"SearchAction","target":{"@type":"EntryPoint","urlTemplate":"https:\/\/heatex.ee\/ru\/?s={search_term_string}"},"query-input":{"@type":"PropertyValueSpecification","valueRequired":true,"valueName":"search_term_string"}}],"inLanguage":"ru-RU"},{"@type":"Organization","@id":"https:\/\/heatex.ee\/ru\/#organization","name":"Heatex.ee k\u00fctteseadmed","alternateName":"T\u00f6\u00f6tstuslikud Elektroonilised K\u00fctteseadmed","url":"https:\/\/heatex.ee\/ru\/","logo":{"@type":"ImageObject","inLanguage":"ru-RU","@id":"https:\/\/heatex.ee\/ru\/#\/schema\/logo\/image\/","url":"https:\/\/heatex.ee\/wp-content\/uploads\/2025\/03\/cropped-Heatex-Logo-2.png","contentUrl":"https:\/\/heatex.ee\/wp-content\/uploads\/2025\/03\/cropped-Heatex-Logo-2.png","width":800,"height":228,"caption":"Heatex.ee k\u00fctteseadmed"},"image":{"@id":"https:\/\/heatex.ee\/ru\/#\/schema\/logo\/image\/"}}]}},"_links":{"self":[{"href":"https:\/\/heatex.ee\/ru\/wp-json\/wp\/v2\/product\/7105","targetHints":{"allow":["GET"]}}],"collection":[{"href":"https:\/\/heatex.ee\/ru\/wp-json\/wp\/v2\/product"}],"about":[{"href":"https:\/\/heatex.ee\/ru\/wp-json\/wp\/v2\/types\/product"}],"replies":[{"embeddable":true,"href":"https:\/\/heatex.ee\/ru\/wp-json\/wp\/v2\/comments?post=7105"}],"wp:featuredmedia":[{"embeddable":true,"href":"https:\/\/heatex.ee\/ru\/wp-json\/wp\/v2\/media\/6707"}],"wp:attachment":[{"href":"https:\/\/heatex.ee\/ru\/wp-json\/wp\/v2\/media?parent=7105"}],"wp:term":[{"taxonomy":"product_brand","embeddable":true,"href":"https:\/\/heatex.ee\/ru\/wp-json\/wp\/v2\/product_brand?post=7105"},{"taxonomy":"product_cat","embeddable":true,"href":"https:\/\/heatex.ee\/ru\/wp-json\/wp\/v2\/product_cat?post=7105"},{"taxonomy":"product_tag","embeddable":true,"href":"https:\/\/heatex.ee\/ru\/wp-json\/wp\/v2\/product_tag?post=7105"}],"curies":[{"name":"wp","href":"https:\/\/api.w.org\/{rel}","templated":true}]}}