{"id":7073,"date":"2025-04-25T16:15:04","date_gmt":"2025-04-25T13:15:04","guid":{"rendered":"https:\/\/heatex.vdisain.dev\/toode\/%d0%b1%d0%be%d1%87%d0%ba%d0%b8-%d0%b8-%d0%b3%d0%b0%d0%b7%d0%be%d0%b2%d1%8b%d0%b5-%d0%be%d0%b1%d0%be%d0%b3%d1%80%d0%b5%d0%b2%d0%b0%d1%82%d0%b5%d0%bb%d0%b8-atex\/"},"modified":"2025-04-25T16:15:04","modified_gmt":"2025-04-25T13:15:04","slug":"bochki-i-gazovye-obogrevateli-atex","status":"publish","type":"product","link":"https:\/\/heatex.ee\/ru\/toode\/bochki-i-gazovye-obogrevateli-atex\/","title":{"rendered":"\u0411\u043e\u0447\u043a\u0438 \u0438 \u0433\u0430\u0437\u043e\u0432\u044b\u0435 \u043e\u0431\u043e\u0433\u0440\u0435\u0432\u0430\u0442\u0435\u043b\u0438 ATEX"},"content":{"rendered":"<h3 data-start=\"90\" data-end=\"182\"><strong data-start=\"94\" data-end=\"182\">\u041d\u0430\u0433\u0440\u0435\u0432\u0430\u0442\u0435\u043b\u0438 \u0442\u043e\u043f\u043b\u0438\u0432\u0430 \u0438 \u0433\u0430\u0437\u0430 ATEX &#8212; \u0431\u0435\u0437\u043e\u043f\u0430\u0441\u043d\u044b\u0439 \u0438 \u044d\u0444\u0444\u0435\u043a\u0442\u0438\u0432\u043d\u044b\u0439 \u043e\u0431\u043e\u0433\u0440\u0435\u0432 \u0432 \u043f\u043e\u0442\u0435\u043d\u0446\u0438\u0430\u043b\u044c\u043d\u043e \u0432\u0437\u0440\u044b\u0432\u043e\u043e\u043f\u0430\u0441\u043d\u044b\u0445 \u0441\u0440\u0435\u0434\u0430\u0445<\/strong><\/h3>\n<p data-start=\"184\" data-end=\"389\">\u041d\u0430\u0448\u0438 <strong data-start=\"189\" data-end=\"237\">\u0431\u043e\u0447\u043a\u043e\u0432\u044b\u0435 \u0438 \u0433\u0430\u0437\u043e\u0432\u044b\u0435 \u043d\u0430\u0433\u0440\u0435\u0432\u0430\u0442\u0435\u043b\u0438, \u0441\u0435\u0440\u0442\u0438\u0444\u0438\u0446\u0438\u0440\u043e\u0432\u0430\u043d\u043d\u044b\u0435 \u043f\u043e ATEX<\/strong>, \u0441\u043f\u0435\u0446\u0438\u0430\u043b\u044c\u043d\u043e \u0440\u0430\u0437\u0440\u0430\u0431\u043e\u0442\u0430\u043d\u044b \u0434\u043b\u044f \u0438\u0441\u043f\u043e\u043b\u044c\u0437\u043e\u0432\u0430\u043d\u0438\u044f \u0432\u043e \u0432\u0437\u0440\u044b\u0432\u043e\u043e\u043f\u0430\u0441\u043d\u044b\u0445 \u0441\u0440\u0435\u0434\u0430\u0445, \u0433\u0434\u0435 \u0432\u0430\u0436\u043d\u043e \u043e\u0431\u0435\u0441\u043f\u0435\u0447\u0438\u0442\u044c \u0431\u0435\u0437\u043e\u043f\u0430\u0441\u043d\u0443\u044e \u0438 \u0440\u0430\u0432\u043d\u043e\u043c\u0435\u0440\u043d\u0443\u044e \u043f\u0435\u0440\u0435\u0434\u0430\u0447\u0443 \u0442\u0435\u043f\u043b\u0430 \u0431\u0435\u0437 \u0440\u0438\u0441\u043a\u0430 \u0432\u043e\u0441\u043f\u043b\u0430\u043c\u0435\u043d\u0435\u043d\u0438\u044f.<\/p>\n<h4 data-start=\"391\" data-end=\"420\"><strong data-start=\"396\" data-end=\"420\">\u041f\u0440\u0435\u0438\u043c\u0443\u0449\u0435\u0441\u0442\u0432\u0430 \u0438 \u043e\u0441\u043e\u0431\u0435\u043d\u043d\u043e\u0441\u0442\u0438:<\/strong><\/h4>\n<ul data-start=\"421\" data-end=\"872\">\n<li data-start=\"421\" data-end=\"476\">\n<p data-start=\"423\" data-end=\"476\">\u0421\u043e\u043e\u0442\u0432\u0435\u0442\u0441\u0442\u0432\u0443\u0435\u0442 \u0441\u0442\u0430\u043d\u0434\u0430\u0440\u0442\u0430\u043c \u0432\u0437\u0440\u044b\u0432\u043e\u0431\u0435\u0437\u043e\u043f\u0430\u0441\u043d\u043e\u0441\u0442\u0438 ATEX \u0438 IECEx<\/p>\n<\/li>\n<li data-start=\"477\" data-end=\"556\">\n<p data-start=\"479\" data-end=\"556\">\u041f\u043e\u0434\u0445\u043e\u0434\u0438\u0442 \u0434\u043b\u044f \u0438\u0441\u043f\u043e\u043b\u044c\u0437\u043e\u0432\u0430\u043d\u0438\u044f \u0432 \u0437\u043e\u043d\u0430\u0445 1 \u0438 2 (\u0433\u0430\u0437\u044b) \u0438 \u0437\u043e\u043d\u0430\u0445 21 \u0438 22 (\u043f\u044b\u043b\u044c).<\/p>\n<\/li>\n<li data-start=\"557\" data-end=\"651\">\n<p data-start=\"559\" data-end=\"651\">\u0421\u043f\u0435\u0446\u0438\u0430\u043b\u044c\u043d\u043e \u0440\u0430\u0437\u0440\u0430\u0431\u043e\u0442\u0430\u043d \u0434\u043b\u044f \u043f\u043e\u0434\u043e\u0433\u0440\u0435\u0432\u0430 \u0431\u043e\u0447\u043e\u043d\u043a\u043e\u0432, \u0431\u0430\u043b\u043b\u043e\u043d\u043e\u0432, \u0433\u0430\u0437\u043e\u0432\u044b\u0445 \u0431\u0430\u043b\u043b\u043e\u043d\u043e\u0432 \u0438 \u043a\u043e\u043d\u0442\u0435\u0439\u043d\u0435\u0440\u043e\u0432.<\/p>\n<\/li>\n<li data-start=\"652\" data-end=\"746\">\n<p data-start=\"654\" data-end=\"746\">\u0421\u0442\u0430\u0431\u0438\u043b\u044c\u043d\u043e\u0435 \u043f\u043e\u0434\u0434\u0435\u0440\u0436\u0430\u043d\u0438\u0435 \u0442\u0435\u043c\u043f\u0435\u0440\u0430\u0442\u0443\u0440\u044b &#8212; \u0438\u0437\u0431\u0435\u0433\u0430\u0439\u0442\u0435 \u0437\u0430\u043c\u0435\u0440\u0437\u0430\u043d\u0438\u044f, \u043a\u0440\u0438\u0441\u0442\u0430\u043b\u043b\u0438\u0437\u0430\u0446\u0438\u0438 \u0438\u043b\u0438 \u0438\u0437\u043c\u0435\u043d\u0435\u043d\u0438\u044f \u0432\u044f\u0437\u043a\u043e\u0441\u0442\u0438<\/p>\n<\/li>\n<li data-start=\"747\" data-end=\"808\">\n<p data-start=\"749\" data-end=\"808\">\u0412\u044b\u0431\u043e\u0440 \u043b\u0435\u043d\u0442\u043e\u0447\u043d\u044b\u0445 \u043e\u0431\u043e\u0433\u0440\u0435\u0432\u0430\u0442\u0435\u043b\u0435\u0439, \u043f\u043b\u0438\u043d\u0442\u0443\u0441\u043e\u0432 \u0438 \u043e\u0431\u044a\u0435\u043c\u043d\u044b\u0445 \u043e\u0431\u043e\u0433\u0440\u0435\u0432\u0430\u0442\u0435\u043b\u0435\u0439<\/p>\n<\/li>\n<li data-start=\"809\" data-end=\"872\">\n<p data-start=\"811\" data-end=\"872\">\u0411\u044b\u0441\u0442\u0440\u0430\u044f \u0438 \u043f\u0440\u043e\u0441\u0442\u0430\u044f \u0443\u0441\u0442\u0430\u043d\u043e\u0432\u043a\u0430, \u0442\u0430\u043a\u0436\u0435 \u043f\u043e\u0434\u0445\u043e\u0434\u0438\u0442 \u0434\u043b\u044f \u043c\u043e\u0431\u0438\u043b\u044c\u043d\u043e\u0433\u043e \u043f\u0440\u0438\u043c\u0435\u043d\u0435\u043d\u0438\u044f<\/p>\n<\/li>\n<\/ul>\n<h4 data-start=\"874\" data-end=\"906\"><strong data-start=\"879\" data-end=\"906\">\u0422\u0438\u043f\u0438\u0447\u043d\u043e\u0435 \u043f\u0440\u0438\u043c\u0435\u043d\u0435\u043d\u0438\u0435:<\/strong><\/h4>\n<ul data-start=\"907\" data-end=\"1138\">\n<li data-start=\"907\" data-end=\"937\">\n<p data-start=\"909\" data-end=\"937\">\u0425\u0438\u043c\u0438\u0447\u0435\u0441\u043a\u0430\u044f \u0438 \u0444\u0430\u0440\u043c\u0430\u0446\u0435\u0432\u0442\u0438\u0447\u0435\u0441\u043a\u0430\u044f \u043f\u0440\u043e\u043c\u044b\u0448\u043b\u0435\u043d\u043d\u043e\u0441\u0442\u044c<\/p>\n<\/li>\n<li data-start=\"938\" data-end=\"962\">\n<p data-start=\"940\" data-end=\"962\">\u041d\u0435\u0444\u0442\u044f\u043d\u0430\u044f \u0438 \u0433\u0430\u0437\u043e\u0432\u0430\u044f \u043f\u0440\u043e\u043c\u044b\u0448\u043b\u0435\u043d\u043d\u043e\u0441\u0442\u044c<\/p>\n<\/li>\n<li data-start=\"963\" data-end=\"1024\">\n<p data-start=\"965\" data-end=\"1024\">\u041f\u0438\u0449\u0435\u0432\u0430\u044f \u043f\u0440\u043e\u043c\u044b\u0448\u043b\u0435\u043d\u043d\u043e\u0441\u0442\u044c (\u043d\u0430\u043f\u0440\u0438\u043c\u0435\u0440, \u043d\u0430\u0433\u0440\u0435\u0432\u0430\u043d\u0438\u0435 \u043c\u0435\u0434\u0430, \u0441\u0438\u0440\u043e\u043f\u0430 \u0438\u043b\u0438 \u0436\u0438\u0440\u043e\u0432)<\/p>\n<\/li>\n<li data-start=\"1025\" data-end=\"1067\">\n<p data-start=\"1027\" data-end=\"1067\">\u041f\u0435\u0440\u0435\u0440\u0430\u0431\u043e\u0442\u043a\u0430 \u043a\u0440\u0430\u0441\u043e\u043a, \u0441\u043c\u043e\u043b \u0438 \u0440\u0430\u0441\u0442\u0432\u043e\u0440\u0438\u0442\u0435\u043b\u0435\u0439<\/p>\n<\/li>\n<li data-start=\"1068\" data-end=\"1138\">\n<p data-start=\"1070\" data-end=\"1138\">\u041f\u043e\u0434\u0434\u0435\u0440\u0436\u0430\u043d\u0438\u0435 \u0440\u0430\u0431\u043e\u0447\u0435\u0439 \u0442\u0435\u043c\u043f\u0435\u0440\u0430\u0442\u0443\u0440\u044b \u0436\u0438\u0434\u043a\u043e\u0441\u0442\u0435\u0439 \u0438\u043b\u0438 \u0433\u0430\u0437\u043e\u0432 \u0441 \u0432\u044b\u0441\u043e\u043a\u043e\u0439 \u0432\u044f\u0437\u043a\u043e\u0441\u0442\u044c\u044e<\/p>\n<\/li>\n<\/ul>\n<h4 data-start=\"1140\" data-end=\"1185\"><strong data-start=\"1145\" data-end=\"1185\">\u0422\u0435\u0445\u043d\u0438\u0447\u0435\u0441\u043a\u0430\u044f \u0438\u043d\u0444\u043e\u0440\u043c\u0430\u0446\u0438\u044f (\u0432 \u0437\u0430\u0432\u0438\u0441\u0438\u043c\u043e\u0441\u0442\u0438 \u043e\u0442 \u043c\u043e\u0434\u0435\u043b\u0438):<\/strong><\/h4>\n<ul data-start=\"1186\" data-end=\"1377\">\n<li data-start=\"1186\" data-end=\"1211\">\n<p data-start=\"1188\" data-end=\"1211\">\u0420\u0430\u0431\u043e\u0447\u0435\u0435 \u043d\u0430\u043f\u0440\u044f\u0436\u0435\u043d\u0438\u0435: 230 \u0412 \/ 400 \u0412<\/p>\n<\/li>\n<li data-start=\"1212\" data-end=\"1247\">\n<p data-start=\"1214\" data-end=\"1247\">\u0414\u0438\u0430\u043f\u0430\u0437\u043e\u043d \u0442\u0435\u043c\u043f\u0435\u0440\u0430\u0442\u0443\u0440: \u0434\u043e +200 \u00b0C<\/p>\n<\/li>\n<li data-start=\"1248\" data-end=\"1295\">\n<p data-start=\"1250\" data-end=\"1295\">\u0423\u043f\u0440\u0430\u0432\u043b\u0435\u043d\u0438\u0435 \u0442\u0435\u0440\u043c\u043e\u0441\u0442\u0430\u0442\u043e\u043c \u0438\u043b\u0438 \u0434\u0430\u0442\u0447\u0438\u043a\u043e\u043c \u0442\u0435\u043c\u043f\u0435\u0440\u0430\u0442\u0443\u0440\u044b<\/p>\n<\/li>\n<li data-start=\"1296\" data-end=\"1377\">\n<p data-start=\"1298\" data-end=\"1377\">\u0414\u043e\u0441\u0442\u0443\u043f\u043d\u044b \u043c\u043e\u0434\u0435\u043b\u0438 \u0440\u0430\u0437\u043b\u0438\u0447\u043d\u044b\u0445 \u0434\u0438\u0430\u043c\u0435\u0442\u0440\u043e\u0432 \u0438 \u043e\u0431\u044a\u0435\u043c\u043e\u0432 (\u043d\u0430\u043f\u0440\u0438\u043c\u0435\u0440, \u043c\u043e\u0434\u0435\u043b\u0438, \u043f\u043e\u0434\u0445\u043e\u0434\u044f\u0449\u0438\u0435 \u0434\u043b\u044f 200-\u043b\u0438\u0442\u0440\u043e\u0432\u044b\u0445 \u043a\u0435\u0433).<\/p>\n<\/li>\n<\/ul>\n","protected":false},"excerpt":{"rendered":"<p>\u041d\u0430\u0433\u0440\u0435\u0432\u0430\u0442\u0435\u043b\u0438 \u0442\u043e\u043f\u043b\u0438\u0432\u0430 \u0438 \u0433\u0430\u0437\u0430 ATEX &#8212; \u0431\u0435\u0437\u043e\u043f\u0430\u0441\u043d\u044b\u0439 \u0438 \u044d\u0444\u0444\u0435\u043a\u0442\u0438\u0432\u043d\u044b\u0439 \u043e\u0431\u043e\u0433\u0440\u0435\u0432 \u0432 \u043f\u043e\u0442\u0435\u043d\u0446\u0438\u0430\u043b\u044c\u043d\u043e \u0432\u0437\u0440\u044b\u0432\u043e\u043e\u043f\u0430\u0441\u043d\u044b\u0445 \u0441\u0440\u0435\u0434\u0430\u0445 \u041d\u0430\u0448\u0438 \u0431\u043e\u0447\u043a\u043e\u0432\u044b\u0435 \u0438 \u0433\u0430\u0437\u043e\u0432\u044b\u0435 \u043d\u0430\u0433\u0440\u0435\u0432\u0430\u0442\u0435\u043b\u0438, \u0441\u0435\u0440\u0442\u0438\u0444\u0438\u0446\u0438\u0440\u043e\u0432\u0430\u043d\u043d\u044b\u0435 \u043f\u043e ATEX, \u0441\u043f\u0435\u0446\u0438\u0430\u043b\u044c\u043d\u043e \u0440\u0430\u0437\u0440\u0430\u0431\u043e\u0442\u0430\u043d\u044b \u0434\u043b\u044f \u0438\u0441\u043f\u043e\u043b\u044c\u0437\u043e\u0432\u0430\u043d\u0438\u044f \u0432\u043e \u0432\u0437\u0440\u044b\u0432\u043e\u043e\u043f\u0430\u0441\u043d\u044b\u0445 \u0441\u0440\u0435\u0434\u0430\u0445, \u0433\u0434\u0435 \u0432\u0430\u0436\u043d\u043e \u043e\u0431\u0435\u0441\u043f\u0435\u0447\u0438\u0442\u044c \u0431\u0435\u0437\u043e\u043f\u0430\u0441\u043d\u0443\u044e \u0438 \u0440\u0430\u0432\u043d\u043e\u043c\u0435\u0440\u043d\u0443\u044e \u043f\u0435\u0440\u0435\u0434\u0430\u0447\u0443 \u0442\u0435\u043f\u043b\u0430 \u0431\u0435\u0437 \u0440\u0438\u0441\u043a\u0430 \u0432\u043e\u0441\u043f\u043b\u0430\u043c\u0435\u043d\u0435\u043d\u0438\u044f. \u041f\u0440\u0435\u0438\u043c\u0443\u0449\u0435\u0441\u0442\u0432\u0430 \u0438 \u043e\u0441\u043e\u0431\u0435\u043d\u043d\u043e\u0441\u0442\u0438: \u0421\u043e\u043e\u0442\u0432\u0435\u0442\u0441\u0442\u0432\u0443\u0435\u0442 \u0441\u0442\u0430\u043d\u0434\u0430\u0440\u0442\u0430\u043c \u0432\u0437\u0440\u044b\u0432\u043e\u0431\u0435\u0437\u043e\u043f\u0430\u0441\u043d\u043e\u0441\u0442\u0438 ATEX \u0438 IECEx \u041f\u043e\u0434\u0445\u043e\u0434\u0438\u0442 \u0434\u043b\u044f \u0438\u0441\u043f\u043e\u043b\u044c\u0437\u043e\u0432\u0430\u043d\u0438\u044f \u0432 \u0437\u043e\u043d\u0430\u0445 1 [&hellip;]<\/p>\n","protected":false},"featured_media":6827,"comment_status":"closed","ping_status":"closed","template":"","meta":{"_acf_changed":false},"product_brand":[],"product_cat":[2456],"product_tag":[],"class_list":{"0":"post-7073","1":"product","2":"type-product","3":"status-publish","4":"has-post-thumbnail","6":"product_cat-produkty-atex","7":"pa_pikkus-750-ru","8":"pa_pikkus-1345-ru","9":"pa_pikkus-1350-ru","10":"pa_pinge-230-ru","11":"pa_pinge-400-ru","12":"pa_tuup-elbh-300-ru","13":"pa_tuup-elbh-500-ru","14":"pa_tuup-elbh-800-ru","15":"pa_tuup-elbh-1000-ru","16":"pa_tuup-elbh-1500-ru","17":"pa_tuup-elbo-1500-ru","18":"pa_tuup-elfh-2600-ex-ru","19":"pa_tuup-elfh-3200-ru","20":"pa_tuup-elfh-4000-ru","21":"pa_tuup-elfl-10-ru","22":"pa_tuup-elfl-20-ru","23":"pa_tuup-elfl-40-ru","24":"pa_tuup-elfl-50-ru","25":"pa_tuup-elpw-200-ru","26":"pa_variatsioon-2440","27":"pa_variatsioon-2439","28":"pa_variatsioon-2441","29":"pa_variatsioon-2438","30":"pa_variatsioon-2436","31":"pa_variatsioon-----200","32":"pa_voimsus-300-ru","33":"pa_voimsus-350-ru","34":"pa_voimsus-430-ru","35":"pa_voimsus-500-ru","36":"pa_voimsus-800-ru","37":"pa_voimsus-840-ru","38":"pa_voimsus-1000-ru","39":"pa_voimsus-1500-ru","40":"pa_voimsus-2600-ru","41":"pa_voimsus-3200-ru","42":"pa_voimsus-4000-ru","44":"first","45":"onbackorder","46":"taxable","47":"shipping-taxable","48":"purchasable","49":"product-type-variable"},"acf":[],"yoast_head":"<!-- This site is optimized with the Yoast SEO plugin v27.5 - https:\/\/yoast.com\/product\/yoast-seo-wordpress\/ -->\n<title>\u0411\u043e\u0447\u043a\u0438 \u0438 \u0433\u0430\u0437\u043e\u0432\u044b\u0435 \u043e\u0431\u043e\u0433\u0440\u0435\u0432\u0430\u0442\u0435\u043b\u0438 ATEX - Heatex.ee k\u00fctteseadmed<\/title>\n<meta name=\"description\" content=\"\u0411\u043e\u0447\u043a\u0438 \u0438 \u0433\u0430\u0437\u043e\u0432\u044b\u0435 \u043e\u0431\u043e\u0433\u0440\u0435\u0432\u0430\u0442\u0435\u043b\u0438 ATEX - Heatex.ee k\u00fctteseadmed\" \/>\n<meta name=\"robots\" content=\"index, follow, max-snippet:-1, max-image-preview:large, max-video-preview:-1\" \/>\n<link rel=\"canonical\" href=\"https:\/\/heatex.ee\/ru\/toode\/bochki-i-gazovye-obogrevateli-atex\/\" \/>\n<meta property=\"og:locale\" content=\"ru_RU\" \/>\n<meta property=\"og:type\" content=\"article\" \/>\n<meta property=\"og:title\" content=\"\u0411\u043e\u0447\u043a\u0438 \u0438 \u0433\u0430\u0437\u043e\u0432\u044b\u0435 \u043e\u0431\u043e\u0433\u0440\u0435\u0432\u0430\u0442\u0435\u043b\u0438 ATEX - Heatex.ee k\u00fctteseadmed\" \/>\n<meta property=\"og:description\" content=\"\u0411\u043e\u0447\u043a\u0438 \u0438 \u0433\u0430\u0437\u043e\u0432\u044b\u0435 \u043e\u0431\u043e\u0433\u0440\u0435\u0432\u0430\u0442\u0435\u043b\u0438 ATEX - Heatex.ee k\u00fctteseadmed\" \/>\n<meta property=\"og:url\" content=\"https:\/\/heatex.ee\/ru\/toode\/bochki-i-gazovye-obogrevateli-atex\/\" \/>\n<meta property=\"og:site_name\" content=\"Heatex.ee k\u00fctteseadmed\" \/>\n<meta property=\"og:image\" content=\"https:\/\/heatex.ee\/wp-content\/uploads\/2025\/03\/Vaadi-metall-kute-200L.jpg\" \/>\n\t<meta property=\"og:image:width\" content=\"931\" \/>\n\t<meta property=\"og:image:height\" content=\"772\" \/>\n\t<meta property=\"og:image:type\" content=\"image\/jpeg\" \/>\n<meta name=\"twitter:card\" content=\"summary_large_image\" \/>\n<script type=\"application\/ld+json\" class=\"yoast-schema-graph\">{\"@context\":\"https:\\\/\\\/schema.org\",\"@graph\":[{\"@type\":\"WebPage\",\"@id\":\"https:\\\/\\\/heatex.ee\\\/ru\\\/toode\\\/bochki-i-gazovye-obogrevateli-atex\\\/\",\"url\":\"https:\\\/\\\/heatex.ee\\\/ru\\\/toode\\\/bochki-i-gazovye-obogrevateli-atex\\\/\",\"name\":\"\u0411\u043e\u0447\u043a\u0438 \u0438 \u0433\u0430\u0437\u043e\u0432\u044b\u0435 \u043e\u0431\u043e\u0433\u0440\u0435\u0432\u0430\u0442\u0435\u043b\u0438 ATEX - Heatex.ee k\u00fctteseadmed\",\"isPartOf\":{\"@id\":\"https:\\\/\\\/heatex.ee\\\/ru\\\/#website\"},\"primaryImageOfPage\":{\"@id\":\"https:\\\/\\\/heatex.ee\\\/ru\\\/toode\\\/bochki-i-gazovye-obogrevateli-atex\\\/#primaryimage\"},\"image\":{\"@id\":\"https:\\\/\\\/heatex.ee\\\/ru\\\/toode\\\/bochki-i-gazovye-obogrevateli-atex\\\/#primaryimage\"},\"thumbnailUrl\":\"https:\\\/\\\/heatex.ee\\\/wp-content\\\/uploads\\\/2025\\\/03\\\/Vaadi-metall-kute-200L.jpg\",\"datePublished\":\"2025-04-25T13:15:04+00:00\",\"description\":\"\u0411\u043e\u0447\u043a\u0438 \u0438 \u0433\u0430\u0437\u043e\u0432\u044b\u0435 \u043e\u0431\u043e\u0433\u0440\u0435\u0432\u0430\u0442\u0435\u043b\u0438 ATEX - Heatex.ee k\u00fctteseadmed\",\"breadcrumb\":{\"@id\":\"https:\\\/\\\/heatex.ee\\\/ru\\\/toode\\\/bochki-i-gazovye-obogrevateli-atex\\\/#breadcrumb\"},\"inLanguage\":\"ru-RU\",\"potentialAction\":[{\"@type\":\"ReadAction\",\"target\":[\"https:\\\/\\\/heatex.ee\\\/ru\\\/toode\\\/bochki-i-gazovye-obogrevateli-atex\\\/\"]}]},{\"@type\":\"ImageObject\",\"inLanguage\":\"ru-RU\",\"@id\":\"https:\\\/\\\/heatex.ee\\\/ru\\\/toode\\\/bochki-i-gazovye-obogrevateli-atex\\\/#primaryimage\",\"url\":\"https:\\\/\\\/heatex.ee\\\/wp-content\\\/uploads\\\/2025\\\/03\\\/Vaadi-metall-kute-200L.jpg\",\"contentUrl\":\"https:\\\/\\\/heatex.ee\\\/wp-content\\\/uploads\\\/2025\\\/03\\\/Vaadi-metall-kute-200L.jpg\",\"width\":931,\"height\":772},{\"@type\":\"BreadcrumbList\",\"@id\":\"https:\\\/\\\/heatex.ee\\\/ru\\\/toode\\\/bochki-i-gazovye-obogrevateli-atex\\\/#breadcrumb\",\"itemListElement\":[{\"@type\":\"ListItem\",\"position\":1,\"name\":\"Home\",\"item\":\"https:\\\/\\\/heatex.ee\\\/ru\\\/\"},{\"@type\":\"ListItem\",\"position\":2,\"name\":\"\u041c\u0430\u0433\u0430\u0437\u0438\u043d\",\"item\":\"https:\\\/\\\/heatex.ee\\\/ru\\\/magazin\\\/\"},{\"@type\":\"ListItem\",\"position\":3,\"name\":\"\u0411\u043e\u0447\u043a\u0438 \u0438 \u0433\u0430\u0437\u043e\u0432\u044b\u0435 \u043e\u0431\u043e\u0433\u0440\u0435\u0432\u0430\u0442\u0435\u043b\u0438 ATEX\"}]},{\"@type\":\"WebSite\",\"@id\":\"https:\\\/\\\/heatex.ee\\\/ru\\\/#website\",\"url\":\"https:\\\/\\\/heatex.ee\\\/ru\\\/\",\"name\":\"Heatex.ee k\u00fctteseadmed\",\"description\":\"\u0418\u043c\u043f\u043e\u0440\u0442\u0435\u0440 \u044d\u043b\u0435\u043a\u0442\u0440\u0438\u0447\u0435\u0441\u043a\u0438\u0445 \u043e\u0431\u043e\u0433\u0440\u0435\u0432\u0430\u0442\u0435\u043b\u0435\u0439 \u0432 \u042d\u0441\u0442\u043e\u043d\u0438\u0438\",\"publisher\":{\"@id\":\"https:\\\/\\\/heatex.ee\\\/ru\\\/#organization\"},\"alternateName\":\"T\u00f6\u00f6tstuslikud Elektroonilised K\u00fctteseadmed\",\"potentialAction\":[{\"@type\":\"SearchAction\",\"target\":{\"@type\":\"EntryPoint\",\"urlTemplate\":\"https:\\\/\\\/heatex.ee\\\/ru\\\/?s={search_term_string}\"},\"query-input\":{\"@type\":\"PropertyValueSpecification\",\"valueRequired\":true,\"valueName\":\"search_term_string\"}}],\"inLanguage\":\"ru-RU\"},{\"@type\":\"Organization\",\"@id\":\"https:\\\/\\\/heatex.ee\\\/ru\\\/#organization\",\"name\":\"Heatex.ee k\u00fctteseadmed\",\"alternateName\":\"T\u00f6\u00f6tstuslikud Elektroonilised K\u00fctteseadmed\",\"url\":\"https:\\\/\\\/heatex.ee\\\/ru\\\/\",\"logo\":{\"@type\":\"ImageObject\",\"inLanguage\":\"ru-RU\",\"@id\":\"https:\\\/\\\/heatex.ee\\\/ru\\\/#\\\/schema\\\/logo\\\/image\\\/\",\"url\":\"https:\\\/\\\/heatex.ee\\\/wp-content\\\/uploads\\\/2025\\\/03\\\/cropped-Heatex-Logo-2.png\",\"contentUrl\":\"https:\\\/\\\/heatex.ee\\\/wp-content\\\/uploads\\\/2025\\\/03\\\/cropped-Heatex-Logo-2.png\",\"width\":800,\"height\":228,\"caption\":\"Heatex.ee k\u00fctteseadmed\"},\"image\":{\"@id\":\"https:\\\/\\\/heatex.ee\\\/ru\\\/#\\\/schema\\\/logo\\\/image\\\/\"}}]}<\/script>\n<!-- \/ Yoast SEO plugin. -->","yoast_head_json":{"title":"\u0411\u043e\u0447\u043a\u0438 \u0438 \u0433\u0430\u0437\u043e\u0432\u044b\u0435 \u043e\u0431\u043e\u0433\u0440\u0435\u0432\u0430\u0442\u0435\u043b\u0438 ATEX - Heatex.ee k\u00fctteseadmed","description":"\u0411\u043e\u0447\u043a\u0438 \u0438 \u0433\u0430\u0437\u043e\u0432\u044b\u0435 \u043e\u0431\u043e\u0433\u0440\u0435\u0432\u0430\u0442\u0435\u043b\u0438 ATEX - Heatex.ee k\u00fctteseadmed","robots":{"index":"index","follow":"follow","max-snippet":"max-snippet:-1","max-image-preview":"max-image-preview:large","max-video-preview":"max-video-preview:-1"},"canonical":"https:\/\/heatex.ee\/ru\/toode\/bochki-i-gazovye-obogrevateli-atex\/","og_locale":"ru_RU","og_type":"article","og_title":"\u0411\u043e\u0447\u043a\u0438 \u0438 \u0433\u0430\u0437\u043e\u0432\u044b\u0435 \u043e\u0431\u043e\u0433\u0440\u0435\u0432\u0430\u0442\u0435\u043b\u0438 ATEX - Heatex.ee k\u00fctteseadmed","og_description":"\u0411\u043e\u0447\u043a\u0438 \u0438 \u0433\u0430\u0437\u043e\u0432\u044b\u0435 \u043e\u0431\u043e\u0433\u0440\u0435\u0432\u0430\u0442\u0435\u043b\u0438 ATEX - Heatex.ee k\u00fctteseadmed","og_url":"https:\/\/heatex.ee\/ru\/toode\/bochki-i-gazovye-obogrevateli-atex\/","og_site_name":"Heatex.ee k\u00fctteseadmed","og_image":[{"width":931,"height":772,"url":"https:\/\/heatex.ee\/wp-content\/uploads\/2025\/03\/Vaadi-metall-kute-200L.jpg","type":"image\/jpeg"}],"twitter_card":"summary_large_image","schema":{"@context":"https:\/\/schema.org","@graph":[{"@type":"WebPage","@id":"https:\/\/heatex.ee\/ru\/toode\/bochki-i-gazovye-obogrevateli-atex\/","url":"https:\/\/heatex.ee\/ru\/toode\/bochki-i-gazovye-obogrevateli-atex\/","name":"\u0411\u043e\u0447\u043a\u0438 \u0438 \u0433\u0430\u0437\u043e\u0432\u044b\u0435 \u043e\u0431\u043e\u0433\u0440\u0435\u0432\u0430\u0442\u0435\u043b\u0438 ATEX - Heatex.ee k\u00fctteseadmed","isPartOf":{"@id":"https:\/\/heatex.ee\/ru\/#website"},"primaryImageOfPage":{"@id":"https:\/\/heatex.ee\/ru\/toode\/bochki-i-gazovye-obogrevateli-atex\/#primaryimage"},"image":{"@id":"https:\/\/heatex.ee\/ru\/toode\/bochki-i-gazovye-obogrevateli-atex\/#primaryimage"},"thumbnailUrl":"https:\/\/heatex.ee\/wp-content\/uploads\/2025\/03\/Vaadi-metall-kute-200L.jpg","datePublished":"2025-04-25T13:15:04+00:00","description":"\u0411\u043e\u0447\u043a\u0438 \u0438 \u0433\u0430\u0437\u043e\u0432\u044b\u0435 \u043e\u0431\u043e\u0433\u0440\u0435\u0432\u0430\u0442\u0435\u043b\u0438 ATEX - Heatex.ee k\u00fctteseadmed","breadcrumb":{"@id":"https:\/\/heatex.ee\/ru\/toode\/bochki-i-gazovye-obogrevateli-atex\/#breadcrumb"},"inLanguage":"ru-RU","potentialAction":[{"@type":"ReadAction","target":["https:\/\/heatex.ee\/ru\/toode\/bochki-i-gazovye-obogrevateli-atex\/"]}]},{"@type":"ImageObject","inLanguage":"ru-RU","@id":"https:\/\/heatex.ee\/ru\/toode\/bochki-i-gazovye-obogrevateli-atex\/#primaryimage","url":"https:\/\/heatex.ee\/wp-content\/uploads\/2025\/03\/Vaadi-metall-kute-200L.jpg","contentUrl":"https:\/\/heatex.ee\/wp-content\/uploads\/2025\/03\/Vaadi-metall-kute-200L.jpg","width":931,"height":772},{"@type":"BreadcrumbList","@id":"https:\/\/heatex.ee\/ru\/toode\/bochki-i-gazovye-obogrevateli-atex\/#breadcrumb","itemListElement":[{"@type":"ListItem","position":1,"name":"Home","item":"https:\/\/heatex.ee\/ru\/"},{"@type":"ListItem","position":2,"name":"\u041c\u0430\u0433\u0430\u0437\u0438\u043d","item":"https:\/\/heatex.ee\/ru\/magazin\/"},{"@type":"ListItem","position":3,"name":"\u0411\u043e\u0447\u043a\u0438 \u0438 \u0433\u0430\u0437\u043e\u0432\u044b\u0435 \u043e\u0431\u043e\u0433\u0440\u0435\u0432\u0430\u0442\u0435\u043b\u0438 ATEX"}]},{"@type":"WebSite","@id":"https:\/\/heatex.ee\/ru\/#website","url":"https:\/\/heatex.ee\/ru\/","name":"Heatex.ee k\u00fctteseadmed","description":"\u0418\u043c\u043f\u043e\u0440\u0442\u0435\u0440 \u044d\u043b\u0435\u043a\u0442\u0440\u0438\u0447\u0435\u0441\u043a\u0438\u0445 \u043e\u0431\u043e\u0433\u0440\u0435\u0432\u0430\u0442\u0435\u043b\u0435\u0439 \u0432 \u042d\u0441\u0442\u043e\u043d\u0438\u0438","publisher":{"@id":"https:\/\/heatex.ee\/ru\/#organization"},"alternateName":"T\u00f6\u00f6tstuslikud Elektroonilised K\u00fctteseadmed","potentialAction":[{"@type":"SearchAction","target":{"@type":"EntryPoint","urlTemplate":"https:\/\/heatex.ee\/ru\/?s={search_term_string}"},"query-input":{"@type":"PropertyValueSpecification","valueRequired":true,"valueName":"search_term_string"}}],"inLanguage":"ru-RU"},{"@type":"Organization","@id":"https:\/\/heatex.ee\/ru\/#organization","name":"Heatex.ee k\u00fctteseadmed","alternateName":"T\u00f6\u00f6tstuslikud Elektroonilised K\u00fctteseadmed","url":"https:\/\/heatex.ee\/ru\/","logo":{"@type":"ImageObject","inLanguage":"ru-RU","@id":"https:\/\/heatex.ee\/ru\/#\/schema\/logo\/image\/","url":"https:\/\/heatex.ee\/wp-content\/uploads\/2025\/03\/cropped-Heatex-Logo-2.png","contentUrl":"https:\/\/heatex.ee\/wp-content\/uploads\/2025\/03\/cropped-Heatex-Logo-2.png","width":800,"height":228,"caption":"Heatex.ee k\u00fctteseadmed"},"image":{"@id":"https:\/\/heatex.ee\/ru\/#\/schema\/logo\/image\/"}}]}},"_links":{"self":[{"href":"https:\/\/heatex.ee\/ru\/wp-json\/wp\/v2\/product\/7073","targetHints":{"allow":["GET"]}}],"collection":[{"href":"https:\/\/heatex.ee\/ru\/wp-json\/wp\/v2\/product"}],"about":[{"href":"https:\/\/heatex.ee\/ru\/wp-json\/wp\/v2\/types\/product"}],"replies":[{"embeddable":true,"href":"https:\/\/heatex.ee\/ru\/wp-json\/wp\/v2\/comments?post=7073"}],"wp:featuredmedia":[{"embeddable":true,"href":"https:\/\/heatex.ee\/ru\/wp-json\/wp\/v2\/media\/6827"}],"wp:attachment":[{"href":"https:\/\/heatex.ee\/ru\/wp-json\/wp\/v2\/media?parent=7073"}],"wp:term":[{"taxonomy":"product_brand","embeddable":true,"href":"https:\/\/heatex.ee\/ru\/wp-json\/wp\/v2\/product_brand?post=7073"},{"taxonomy":"product_cat","embeddable":true,"href":"https:\/\/heatex.ee\/ru\/wp-json\/wp\/v2\/product_cat?post=7073"},{"taxonomy":"product_tag","embeddable":true,"href":"https:\/\/heatex.ee\/ru\/wp-json\/wp\/v2\/product_tag?post=7073"}],"curies":[{"name":"wp","href":"https:\/\/api.w.org\/{rel}","templated":true}]}}