{"id":6982,"date":"2025-03-28T17:10:40","date_gmt":"2025-03-28T15:10:40","guid":{"rendered":"https:\/\/heatex.vdisain.dev\/toode\/%d0%ba%d0%b5%d1%80%d0%b0%d0%bc%d0%b8%d1%87%d0%b5%d1%81%d0%ba%d0%b8%d0%b5-%d0%ba%d0%bb%d0%b5%d0%bc%d0%bc%d1%8b\/"},"modified":"2025-12-19T10:48:46","modified_gmt":"2025-12-19T08:48:46","slug":"keramicheskie-klemmy","status":"publish","type":"product","link":"https:\/\/heatex.ee\/ru\/toode\/keramicheskie-klemmy\/","title":{"rendered":"\u041a\u0435\u0440\u0430\u043c\u0438\u0447\u0435\u0441\u043a\u0438\u0435 \u043a\u043b\u0435\u043c\u043c\u044b"},"content":{"rendered":"<h3 data-start=\"99\" data-end=\"176\"><strong data-start=\"103\" data-end=\"176\">\u041a\u0435\u0440\u0430\u043c\u0438\u0447\u0435\u0441\u043a\u0438\u0435 \u043a\u043b\u0435\u043c\u043c\u044b &#8212; \u0443\u0441\u0442\u043e\u0439\u0447\u0438\u0432\u043e\u0435 \u0440\u0435\u0448\u0435\u043d\u0438\u0435 \u0434\u043b\u044f \u0432\u044b\u0441\u043e\u043a\u0438\u0445 \u0442\u0435\u043c\u043f\u0435\u0440\u0430\u0442\u0443\u0440<\/strong><\/h3>\n<p data-start=\"178\" data-end=\"499\"><strong data-start=\"178\" data-end=\"202\">\u041a\u0435\u0440\u0430\u043c\u0438\u0447\u0435\u0441\u043a\u0438\u0435 \u043a\u043b\u0435\u043c\u043c\u044b<\/strong> \u043f\u0440\u0435\u0434\u043d\u0430\u0437\u043d\u0430\u0447\u0435\u043d\u044b \u0434\u043b\u044f \u044d\u043b\u0435\u043a\u0442\u0440\u0438\u0447\u0435\u0441\u043a\u0438\u0445 \u0441\u043e\u0435\u0434\u0438\u043d\u0435\u043d\u0438\u0439 \u0432 \u0443\u0441\u043b\u043e\u0432\u0438\u044f\u0445, \u043a\u043e\u0433\u0434\u0430 \u043e\u0431\u044b\u0447\u043d\u044b\u0435 \u043f\u043b\u0430\u0441\u0442\u0438\u043a\u043e\u0432\u044b\u0435 \u043c\u0430\u0442\u0435\u0440\u0438\u0430\u043b\u044b \u043d\u0435 \u0432\u044b\u0434\u0435\u0440\u0436\u0438\u0432\u0430\u044e\u0442 \u043d\u0430\u0433\u0440\u0435\u0432\u0430\u043d\u0438\u044f \u0438\u043b\u0438 \u043c\u0435\u0445\u0430\u043d\u0438\u0447\u0435\u0441\u043a\u0438\u0445 \u043d\u0430\u0433\u0440\u0443\u0437\u043e\u043a. \u0412\u044b\u0441\u043e\u043a\u0430\u044f \u0442\u0435\u043f\u043b\u043e- \u0438 \u0445\u0438\u043c\u0438\u0447\u0435\u0441\u043a\u0430\u044f \u0441\u0442\u043e\u0439\u043a\u043e\u0441\u0442\u044c \u0434\u0435\u043b\u0430\u0435\u0442 \u0438\u0445 \u0438\u0434\u0435\u0430\u043b\u044c\u043d\u044b\u043c\u0438 \u0434\u043b\u044f \u043f\u0440\u043e\u043c\u044b\u0448\u043b\u0435\u043d\u043d\u044b\u0445 \u0441\u0438\u0441\u0442\u0435\u043c \u043e\u0442\u043e\u043f\u043b\u0435\u043d\u0438\u044f, \u043f\u0435\u0447\u0435\u0439, \u0441\u0443\u0448\u0438\u043b\u043e\u043a \u0438 \u0434\u0440\u0443\u0433\u0438\u0445 \u0433\u043e\u0440\u044f\u0447\u0438\u0445 \u0441\u0440\u0435\u0434.<\/p>\n<h4 data-start=\"501\" data-end=\"527\"><strong data-start=\"506\" data-end=\"527\">\u041a\u043b\u044e\u0447\u0435\u0432\u044b\u0435 \u043f\u0440\u0435\u0438\u043c\u0443\u0449\u0435\u0441\u0442\u0432\u0430:<\/strong><\/h4>\n<ul data-start=\"528\" data-end=\"881\">\n<li data-start=\"528\" data-end=\"595\">\n<p data-start=\"530\" data-end=\"595\">\u0418\u0437\u0433\u043e\u0442\u043e\u0432\u043b\u0435\u043d\u044b \u0438\u0437 \u0432\u044b\u0441\u043e\u043a\u043e\u043a\u0430\u0447\u0435\u0441\u0442\u0432\u0435\u043d\u043d\u043e\u0439 \u043a\u0435\u0440\u0430\u043c\u0438\u043a\u0438 (\u043d\u0430\u043f\u0440\u0438\u043c\u0435\u0440, \u0441\u0442\u0435\u0430\u0442\u0438\u0442\u0430 \u0438\u043b\u0438 \u0444\u0430\u0440\u0444\u043e\u0440\u0430)<\/p>\n<\/li>\n<li data-start=\"596\" data-end=\"660\">\n<p data-start=\"598\" data-end=\"660\">\u0412\u044b\u0434\u0435\u0440\u0436\u0438\u0432\u0430\u0435\u0442 \u0432\u044b\u0441\u043e\u043a\u0438\u0435 \u0440\u0430\u0431\u043e\u0447\u0438\u0435 \u0442\u0435\u043c\u043f\u0435\u0440\u0430\u0442\u0443\u0440\u044b (\u0434\u043e 850 \u00b0C \u0432 \u0437\u0430\u0432\u0438\u0441\u0438\u043c\u043e\u0441\u0442\u0438 \u043e\u0442 \u043c\u043e\u0434\u0435\u043b\u0438)<\/p>\n<\/li>\n<li data-start=\"661\" data-end=\"718\">\n<p data-start=\"663\" data-end=\"718\">\u041d\u0435 \u043f\u043b\u0430\u0432\u0438\u0442\u0441\u044f \u0438 \u043d\u0435 \u0432\u043e\u0441\u043f\u043b\u0430\u043c\u0435\u043d\u044f\u0435\u0442\u0441\u044f &#8212; \u043f\u043e\u0434\u0445\u043e\u0434\u0438\u0442 \u0434\u043b\u044f \u043b\u0435\u0433\u043a\u043e\u0432\u043e\u0441\u043f\u043b\u0430\u043c\u0435\u043d\u044f\u044e\u0449\u0438\u0445\u0441\u044f \u0441\u0440\u0435\u0434<\/p>\n<\/li>\n<li data-start=\"719\" data-end=\"764\">\n<p data-start=\"721\" data-end=\"764\">\u0425\u0438\u043c\u0438\u0447\u0435\u0441\u043a\u0438 \u043d\u0435\u0439\u0442\u0440\u0430\u043b\u044c\u043d\u044b \u0438 \u0443\u0441\u0442\u043e\u0439\u0447\u0438\u0432\u044b \u043a \u043a\u043e\u0440\u0440\u043e\u0437\u0438\u0438<\/p>\n<\/li>\n<li data-start=\"765\" data-end=\"811\">\n<p data-start=\"767\" data-end=\"811\">\u041f\u043e\u0434\u0445\u043e\u0434\u0438\u0442 \u0434\u043b\u044f \u0441\u043e\u0435\u0434\u0438\u043d\u0435\u043d\u0438\u044f \u043c\u0435\u0434\u043d\u044b\u0445 \u0438 \u043d\u0438\u043a\u0435\u043b\u0435\u0432\u044b\u0445 \u043a\u0430\u0431\u0435\u043b\u0435\u0439<\/p>\n<\/li>\n<li data-start=\"812\" data-end=\"881\">\n<p data-start=\"814\" data-end=\"881\">\u041f\u0440\u043e\u0441\u0442\u0430\u044f \u0443\u0441\u0442\u0430\u043d\u043e\u0432\u043a\u0430 &#8212; \u0432\u0438\u043d\u0442\u043e\u0432\u044b\u0435 \u0438\u043b\u0438 \u0432\u0441\u0442\u0430\u0432\u043d\u044b\u0435 \u0440\u0435\u0448\u0435\u043d\u0438\u044f<\/p>\n<\/li>\n<\/ul>\n<h4 data-start=\"883\" data-end=\"914\"><strong data-start=\"888\" data-end=\"914\">\u0422\u0438\u043f\u0438\u0447\u043d\u044b\u0435 \u043e\u0431\u043b\u0430\u0441\u0442\u0438 \u043f\u0440\u0438\u043c\u0435\u043d\u0435\u043d\u0438\u044f:<\/strong><\/h4>\n<ul data-start=\"915\" data-end=\"1079\">\n<li data-start=\"915\" data-end=\"956\">\n<p data-start=\"917\" data-end=\"956\">\u041f\u0440\u043e\u043c\u044b\u0448\u043b\u0435\u043d\u043d\u044b\u0435 \u043d\u0430\u0433\u0440\u0435\u0432\u0430\u0442\u0435\u043b\u0438 \u0438 \u043d\u0430\u0433\u0440\u0435\u0432\u0430\u0442\u0435\u043b\u044c\u043d\u044b\u0435 \u044d\u043b\u0435\u043c\u0435\u043d\u0442\u044b<\/p>\n<\/li>\n<li data-start=\"957\" data-end=\"998\">\n<p data-start=\"959\" data-end=\"998\">\u042d\u043b\u0435\u043a\u0442\u0440\u0438\u0447\u0435\u0441\u043a\u0438\u0435 \u043f\u0435\u0447\u0438, \u0441\u0443\u0448\u0438\u043b\u043a\u0438 \u0438 \u043b\u0430\u0431\u043e\u0440\u0430\u0442\u043e\u0440\u043d\u043e\u0435 \u043e\u0431\u043e\u0440\u0443\u0434\u043e\u0432\u0430\u043d\u0438\u0435<\/p>\n<\/li>\n<li data-start=\"999\" data-end=\"1035\">\n<p data-start=\"1001\" data-end=\"1035\">\u0412\u044b\u0441\u043e\u043a\u043e\u0442\u0435\u043c\u043f\u0435\u0440\u0430\u0442\u0443\u0440\u043d\u0430\u044f \u043f\u0440\u043e\u0432\u043e\u0434\u043a\u0430<\/p>\n<\/li>\n<li data-start=\"1036\" data-end=\"1079\">\n<p data-start=\"1038\" data-end=\"1079\">\u0422\u043e\u0447\u043a\u0438 \u043f\u043e\u0434\u043a\u043b\u044e\u0447\u0435\u043d\u0438\u044f \u044d\u043b\u0435\u043a\u0442\u0440\u0438\u0447\u0435\u0441\u043a\u0438\u0445 \u043d\u0430\u0433\u0440\u0435\u0432\u0430\u0442\u0435\u043b\u044c\u043d\u044b\u0445 \u043a\u0430\u0431\u0435\u043b\u0435\u0439<\/p>\n<\/li>\n<\/ul>\n<h4 data-start=\"1081\" data-end=\"1101\"><strong data-start=\"1086\" data-end=\"1101\">\u0410\u0441\u0441\u043e\u0440\u0442\u0438\u043c\u0435\u043d\u0442 \u043f\u0440\u043e\u0434\u0443\u043a\u0446\u0438\u0438:<\/strong><\/h4>\n<ul data-start=\"1102\" data-end=\"1255\">\n<li data-start=\"1102\" data-end=\"1138\">\n<p data-start=\"1104\" data-end=\"1138\">\u0412\u0430\u0440\u0438\u0430\u043d\u0442\u044b \u0441 1, 2 \u0438 3 \u043e\u043f\u043e\u0440\u0430\u043c\u0438<\/p>\n<\/li>\n<li data-start=\"1139\" data-end=\"1167\">\n<p data-start=\"1141\" data-end=\"1167\">\u0421 \u043a\u0440\u0435\u043f\u0435\u0436\u043d\u044b\u043c\u0438 \u043e\u0442\u0432\u0435\u0440\u0441\u0442\u0438\u044f\u043c\u0438 \u0438\u043b\u0438 \u0431\u0435\u0437 \u043d\u0438\u0445<\/p>\n<\/li>\n<li data-start=\"1168\" data-end=\"1204\">\n<p data-start=\"1170\" data-end=\"1204\">\u0422\u043e\u043a\u043e\u0432\u0430\u044f \u043d\u0430\u0433\u0440\u0443\u0437\u043a\u0430 \u043d\u0430 \u043a\u043b\u0435\u043c\u043c\u044b: \u0434\u043e 30 A<\/p>\n<\/li>\n<li data-start=\"1205\" data-end=\"1255\">\n<p data-start=\"1207\" data-end=\"1255\">\u0421\u0435\u0447\u0435\u043d\u0438\u0435 \u043a\u0430\u0431\u0435\u043b\u044f: 1,5-6 \u043c\u043c\u00b2 (\u0432 \u0437\u0430\u0432\u0438\u0441\u0438\u043c\u043e\u0441\u0442\u0438 \u043e\u0442 \u043c\u043e\u0434\u0435\u043b\u0438).<\/p>\n<\/li>\n<\/ul>\n","protected":false},"excerpt":{"rendered":"<p>\u041a\u0435\u0440\u0430\u043c\u0438\u0447\u0435\u0441\u043a\u0438\u0435 \u043a\u043b\u0435\u043c\u043c\u044b &#8212; \u0443\u0441\u0442\u043e\u0439\u0447\u0438\u0432\u043e\u0435 \u0440\u0435\u0448\u0435\u043d\u0438\u0435 \u0434\u043b\u044f \u0432\u044b\u0441\u043e\u043a\u0438\u0445 \u0442\u0435\u043c\u043f\u0435\u0440\u0430\u0442\u0443\u0440 \u041a\u0435\u0440\u0430\u043c\u0438\u0447\u0435\u0441\u043a\u0438\u0435 \u043a\u043b\u0435\u043c\u043c\u044b \u043f\u0440\u0435\u0434\u043d\u0430\u0437\u043d\u0430\u0447\u0435\u043d\u044b \u0434\u043b\u044f \u044d\u043b\u0435\u043a\u0442\u0440\u0438\u0447\u0435\u0441\u043a\u0438\u0445 \u0441\u043e\u0435\u0434\u0438\u043d\u0435\u043d\u0438\u0439 \u0432 \u0443\u0441\u043b\u043e\u0432\u0438\u044f\u0445, \u043a\u043e\u0433\u0434\u0430 \u043e\u0431\u044b\u0447\u043d\u044b\u0435 \u043f\u043b\u0430\u0441\u0442\u0438\u043a\u043e\u0432\u044b\u0435 \u043c\u0430\u0442\u0435\u0440\u0438\u0430\u043b\u044b \u043d\u0435 \u0432\u044b\u0434\u0435\u0440\u0436\u0438\u0432\u0430\u044e\u0442 \u043d\u0430\u0433\u0440\u0435\u0432\u0430\u043d\u0438\u044f \u0438\u043b\u0438 \u043c\u0435\u0445\u0430\u043d\u0438\u0447\u0435\u0441\u043a\u0438\u0445 \u043d\u0430\u0433\u0440\u0443\u0437\u043e\u043a. \u0412\u044b\u0441\u043e\u043a\u0430\u044f \u0442\u0435\u043f\u043b\u043e- \u0438 \u0445\u0438\u043c\u0438\u0447\u0435\u0441\u043a\u0430\u044f \u0441\u0442\u043e\u0439\u043a\u043e\u0441\u0442\u044c \u0434\u0435\u043b\u0430\u0435\u0442 \u0438\u0445 \u0438\u0434\u0435\u0430\u043b\u044c\u043d\u044b\u043c\u0438 \u0434\u043b\u044f \u043f\u0440\u043e\u043c\u044b\u0448\u043b\u0435\u043d\u043d\u044b\u0445 \u0441\u0438\u0441\u0442\u0435\u043c \u043e\u0442\u043e\u043f\u043b\u0435\u043d\u0438\u044f, \u043f\u0435\u0447\u0435\u0439, \u0441\u0443\u0448\u0438\u043b\u043e\u043a \u0438 \u0434\u0440\u0443\u0433\u0438\u0445 \u0433\u043e\u0440\u044f\u0447\u0438\u0445 \u0441\u0440\u0435\u0434. \u041a\u043b\u044e\u0447\u0435\u0432\u044b\u0435 \u043f\u0440\u0435\u0438\u043c\u0443\u0449\u0435\u0441\u0442\u0432\u0430: \u0418\u0437\u0433\u043e\u0442\u043e\u0432\u043b\u0435\u043d\u044b \u0438\u0437 \u0432\u044b\u0441\u043e\u043a\u043e\u043a\u0430\u0447\u0435\u0441\u0442\u0432\u0435\u043d\u043d\u043e\u0439 \u043a\u0435\u0440\u0430\u043c\u0438\u043a\u0438 (\u043d\u0430\u043f\u0440\u0438\u043c\u0435\u0440, \u0441\u0442\u0435\u0430\u0442\u0438\u0442\u0430 \u0438\u043b\u0438 \u0444\u0430\u0440\u0444\u043e\u0440\u0430) \u0412\u044b\u0434\u0435\u0440\u0436\u0438\u0432\u0430\u0435\u0442 [&hellip;]<\/p>\n","protected":false},"featured_media":6822,"comment_status":"closed","ping_status":"closed","template":"","meta":{"_acf_changed":false},"product_brand":[],"product_cat":[2327],"product_tag":[],"class_list":{"0":"post-6982","1":"product","2":"type-product","3":"status-publish","4":"has-post-thumbnail","6":"product_cat-aksessuary","8":"first","9":"instock","10":"taxable","11":"shipping-taxable","12":"product-type-simple"},"acf":[],"yoast_head":"<!-- This site is optimized with the Yoast SEO plugin v27.5 - https:\/\/yoast.com\/product\/yoast-seo-wordpress\/ -->\n<title>\u041a\u0435\u0440\u0430\u043c\u0438\u0447\u0435\u0441\u043a\u0438\u0435 \u043a\u043b\u0435\u043c\u043c\u044b - Heatex.ee k\u00fctteseadmed<\/title>\n<meta name=\"description\" content=\"\u041a\u0435\u0440\u0430\u043c\u0438\u0447\u0435\u0441\u043a\u0438\u0439 \u0438\u043d\u0444\u0440\u0430\u043a\u0440\u0430\u0441\u043d\u044b\u0439 \u043d\u0430\u0433\u0440\u0435\u0432\u0430\u0442\u0435\u043b\u044c \u0438\u0437\u043b\u0443\u0447\u0430\u0435\u0442 \u0434\u043b\u0438\u043d\u043d\u043e\u0432\u043e\u043b\u043d\u043e\u0432\u043e\u0435 \u0438\u043d\u0444\u0440\u0430\u043a\u0440\u0430\u0441\u043d\u043e\u0435 \u0438\u0437\u043b\u0443\u0447\u0435\u043d\u0438\u0435. \u041f\u043e\u0434\u0445\u043e\u0434\u0438\u0442 \u0434\u043b\u044f \u043f\u043b\u0430\u0432\u043b\u0435\u043d\u0438\u044f, \u0441\u0443\u0448\u043a\u0438, \u043e\u0442\u0432\u0435\u0440\u0436\u0434\u0435\u043d\u0438\u044f \u043a\u0440\u0430\u0441\u043a\u0438 \u0438 \u0434\u0440\u0443\u0433\u0438\u0445 \u0437\u0430\u0434\u0430\u0447.\" \/>\n<meta name=\"robots\" content=\"index, follow, max-snippet:-1, max-image-preview:large, max-video-preview:-1\" \/>\n<link rel=\"canonical\" href=\"https:\/\/heatex.ee\/ru\/toode\/keramicheskie-klemmy\/\" \/>\n<meta property=\"og:locale\" content=\"ru_RU\" \/>\n<meta property=\"og:type\" content=\"article\" \/>\n<meta property=\"og:title\" content=\"\u041a\u0435\u0440\u0430\u043c\u0438\u0447\u0435\u0441\u043a\u0438\u0435 \u043a\u043b\u0435\u043c\u043c\u044b - Heatex.ee k\u00fctteseadmed\" \/>\n<meta property=\"og:description\" content=\"\u041a\u0435\u0440\u0430\u043c\u0438\u0447\u0435\u0441\u043a\u0438\u0439 \u0438\u043d\u0444\u0440\u0430\u043a\u0440\u0430\u0441\u043d\u044b\u0439 \u043d\u0430\u0433\u0440\u0435\u0432\u0430\u0442\u0435\u043b\u044c \u0438\u0437\u043b\u0443\u0447\u0430\u0435\u0442 \u0434\u043b\u0438\u043d\u043d\u043e\u0432\u043e\u043b\u043d\u043e\u0432\u043e\u0435 \u0438\u043d\u0444\u0440\u0430\u043a\u0440\u0430\u0441\u043d\u043e\u0435 \u0438\u0437\u043b\u0443\u0447\u0435\u043d\u0438\u0435. \u041f\u043e\u0434\u0445\u043e\u0434\u0438\u0442 \u0434\u043b\u044f \u043f\u043b\u0430\u0432\u043b\u0435\u043d\u0438\u044f, \u0441\u0443\u0448\u043a\u0438, \u043e\u0442\u0432\u0435\u0440\u0436\u0434\u0435\u043d\u0438\u044f \u043a\u0440\u0430\u0441\u043a\u0438 \u0438 \u0434\u0440\u0443\u0433\u0438\u0445 \u0437\u0430\u0434\u0430\u0447.\" \/>\n<meta property=\"og:url\" content=\"https:\/\/heatex.ee\/ru\/toode\/keramicheskie-klemmy\/\" \/>\n<meta property=\"og:site_name\" content=\"Heatex.ee k\u00fctteseadmed\" \/>\n<meta property=\"article:modified_time\" content=\"2025-12-19T08:48:46+00:00\" \/>\n<meta property=\"og:image\" content=\"https:\/\/heatex.ee\/wp-content\/uploads\/2025\/04\/keram-klemmid.jpg\" \/>\n\t<meta property=\"og:image:width\" content=\"1754\" \/>\n\t<meta property=\"og:image:height\" content=\"1316\" \/>\n\t<meta property=\"og:image:type\" content=\"image\/jpeg\" \/>\n<meta name=\"twitter:card\" content=\"summary_large_image\" \/>\n<meta name=\"twitter:label1\" content=\"\u041f\u0440\u0438\u043c\u0435\u0440\u043d\u043e\u0435 \u0432\u0440\u0435\u043c\u044f \u0434\u043b\u044f \u0447\u0442\u0435\u043d\u0438\u044f\" \/>\n\t<meta name=\"twitter:data1\" content=\"1 \u043c\u0438\u043d\u0443\u0442\u0430\" \/>\n<script type=\"application\/ld+json\" class=\"yoast-schema-graph\">{\"@context\":\"https:\\\/\\\/schema.org\",\"@graph\":[{\"@type\":\"WebPage\",\"@id\":\"https:\\\/\\\/heatex.ee\\\/ru\\\/toode\\\/keramicheskie-klemmy\\\/\",\"url\":\"https:\\\/\\\/heatex.ee\\\/ru\\\/toode\\\/keramicheskie-klemmy\\\/\",\"name\":\"\u041a\u0435\u0440\u0430\u043c\u0438\u0447\u0435\u0441\u043a\u0438\u0435 \u043a\u043b\u0435\u043c\u043c\u044b - Heatex.ee k\u00fctteseadmed\",\"isPartOf\":{\"@id\":\"https:\\\/\\\/heatex.ee\\\/ru\\\/#website\"},\"primaryImageOfPage\":{\"@id\":\"https:\\\/\\\/heatex.ee\\\/ru\\\/toode\\\/keramicheskie-klemmy\\\/#primaryimage\"},\"image\":{\"@id\":\"https:\\\/\\\/heatex.ee\\\/ru\\\/toode\\\/keramicheskie-klemmy\\\/#primaryimage\"},\"thumbnailUrl\":\"https:\\\/\\\/heatex.ee\\\/wp-content\\\/uploads\\\/2025\\\/04\\\/keram-klemmid.jpg\",\"datePublished\":\"2025-03-28T15:10:40+00:00\",\"dateModified\":\"2025-12-19T08:48:46+00:00\",\"description\":\"\u041a\u0435\u0440\u0430\u043c\u0438\u0447\u0435\u0441\u043a\u0438\u0439 \u0438\u043d\u0444\u0440\u0430\u043a\u0440\u0430\u0441\u043d\u044b\u0439 \u043d\u0430\u0433\u0440\u0435\u0432\u0430\u0442\u0435\u043b\u044c \u0438\u0437\u043b\u0443\u0447\u0430\u0435\u0442 \u0434\u043b\u0438\u043d\u043d\u043e\u0432\u043e\u043b\u043d\u043e\u0432\u043e\u0435 \u0438\u043d\u0444\u0440\u0430\u043a\u0440\u0430\u0441\u043d\u043e\u0435 \u0438\u0437\u043b\u0443\u0447\u0435\u043d\u0438\u0435. \u041f\u043e\u0434\u0445\u043e\u0434\u0438\u0442 \u0434\u043b\u044f \u043f\u043b\u0430\u0432\u043b\u0435\u043d\u0438\u044f, \u0441\u0443\u0448\u043a\u0438, \u043e\u0442\u0432\u0435\u0440\u0436\u0434\u0435\u043d\u0438\u044f \u043a\u0440\u0430\u0441\u043a\u0438 \u0438 \u0434\u0440\u0443\u0433\u0438\u0445 \u0437\u0430\u0434\u0430\u0447.\",\"breadcrumb\":{\"@id\":\"https:\\\/\\\/heatex.ee\\\/ru\\\/toode\\\/keramicheskie-klemmy\\\/#breadcrumb\"},\"inLanguage\":\"ru-RU\",\"potentialAction\":[{\"@type\":\"ReadAction\",\"target\":[\"https:\\\/\\\/heatex.ee\\\/ru\\\/toode\\\/keramicheskie-klemmy\\\/\"]}]},{\"@type\":\"ImageObject\",\"inLanguage\":\"ru-RU\",\"@id\":\"https:\\\/\\\/heatex.ee\\\/ru\\\/toode\\\/keramicheskie-klemmy\\\/#primaryimage\",\"url\":\"https:\\\/\\\/heatex.ee\\\/wp-content\\\/uploads\\\/2025\\\/04\\\/keram-klemmid.jpg\",\"contentUrl\":\"https:\\\/\\\/heatex.ee\\\/wp-content\\\/uploads\\\/2025\\\/04\\\/keram-klemmid.jpg\",\"width\":1754,\"height\":1316},{\"@type\":\"BreadcrumbList\",\"@id\":\"https:\\\/\\\/heatex.ee\\\/ru\\\/toode\\\/keramicheskie-klemmy\\\/#breadcrumb\",\"itemListElement\":[{\"@type\":\"ListItem\",\"position\":1,\"name\":\"Home\",\"item\":\"https:\\\/\\\/heatex.ee\\\/ru\\\/\"},{\"@type\":\"ListItem\",\"position\":2,\"name\":\"\u041c\u0430\u0433\u0430\u0437\u0438\u043d\",\"item\":\"https:\\\/\\\/heatex.ee\\\/ru\\\/magazin\\\/\"},{\"@type\":\"ListItem\",\"position\":3,\"name\":\"\u041a\u0435\u0440\u0430\u043c\u0438\u0447\u0435\u0441\u043a\u0438\u0435 \u043a\u043b\u0435\u043c\u043c\u044b\"}]},{\"@type\":\"WebSite\",\"@id\":\"https:\\\/\\\/heatex.ee\\\/ru\\\/#website\",\"url\":\"https:\\\/\\\/heatex.ee\\\/ru\\\/\",\"name\":\"Heatex.ee k\u00fctteseadmed\",\"description\":\"\u0418\u043c\u043f\u043e\u0440\u0442\u0435\u0440 \u044d\u043b\u0435\u043a\u0442\u0440\u0438\u0447\u0435\u0441\u043a\u0438\u0445 \u043e\u0431\u043e\u0433\u0440\u0435\u0432\u0430\u0442\u0435\u043b\u0435\u0439 \u0432 \u042d\u0441\u0442\u043e\u043d\u0438\u0438\",\"publisher\":{\"@id\":\"https:\\\/\\\/heatex.ee\\\/ru\\\/#organization\"},\"alternateName\":\"T\u00f6\u00f6tstuslikud Elektroonilised K\u00fctteseadmed\",\"potentialAction\":[{\"@type\":\"SearchAction\",\"target\":{\"@type\":\"EntryPoint\",\"urlTemplate\":\"https:\\\/\\\/heatex.ee\\\/ru\\\/?s={search_term_string}\"},\"query-input\":{\"@type\":\"PropertyValueSpecification\",\"valueRequired\":true,\"valueName\":\"search_term_string\"}}],\"inLanguage\":\"ru-RU\"},{\"@type\":\"Organization\",\"@id\":\"https:\\\/\\\/heatex.ee\\\/ru\\\/#organization\",\"name\":\"Heatex.ee k\u00fctteseadmed\",\"alternateName\":\"T\u00f6\u00f6tstuslikud Elektroonilised K\u00fctteseadmed\",\"url\":\"https:\\\/\\\/heatex.ee\\\/ru\\\/\",\"logo\":{\"@type\":\"ImageObject\",\"inLanguage\":\"ru-RU\",\"@id\":\"https:\\\/\\\/heatex.ee\\\/ru\\\/#\\\/schema\\\/logo\\\/image\\\/\",\"url\":\"https:\\\/\\\/heatex.ee\\\/wp-content\\\/uploads\\\/2025\\\/03\\\/cropped-Heatex-Logo-2.png\",\"contentUrl\":\"https:\\\/\\\/heatex.ee\\\/wp-content\\\/uploads\\\/2025\\\/03\\\/cropped-Heatex-Logo-2.png\",\"width\":800,\"height\":228,\"caption\":\"Heatex.ee k\u00fctteseadmed\"},\"image\":{\"@id\":\"https:\\\/\\\/heatex.ee\\\/ru\\\/#\\\/schema\\\/logo\\\/image\\\/\"}}]}<\/script>\n<!-- \/ Yoast SEO plugin. -->","yoast_head_json":{"title":"\u041a\u0435\u0440\u0430\u043c\u0438\u0447\u0435\u0441\u043a\u0438\u0435 \u043a\u043b\u0435\u043c\u043c\u044b - Heatex.ee k\u00fctteseadmed","description":"\u041a\u0435\u0440\u0430\u043c\u0438\u0447\u0435\u0441\u043a\u0438\u0439 \u0438\u043d\u0444\u0440\u0430\u043a\u0440\u0430\u0441\u043d\u044b\u0439 \u043d\u0430\u0433\u0440\u0435\u0432\u0430\u0442\u0435\u043b\u044c \u0438\u0437\u043b\u0443\u0447\u0430\u0435\u0442 \u0434\u043b\u0438\u043d\u043d\u043e\u0432\u043e\u043b\u043d\u043e\u0432\u043e\u0435 \u0438\u043d\u0444\u0440\u0430\u043a\u0440\u0430\u0441\u043d\u043e\u0435 \u0438\u0437\u043b\u0443\u0447\u0435\u043d\u0438\u0435. \u041f\u043e\u0434\u0445\u043e\u0434\u0438\u0442 \u0434\u043b\u044f \u043f\u043b\u0430\u0432\u043b\u0435\u043d\u0438\u044f, \u0441\u0443\u0448\u043a\u0438, \u043e\u0442\u0432\u0435\u0440\u0436\u0434\u0435\u043d\u0438\u044f \u043a\u0440\u0430\u0441\u043a\u0438 \u0438 \u0434\u0440\u0443\u0433\u0438\u0445 \u0437\u0430\u0434\u0430\u0447.","robots":{"index":"index","follow":"follow","max-snippet":"max-snippet:-1","max-image-preview":"max-image-preview:large","max-video-preview":"max-video-preview:-1"},"canonical":"https:\/\/heatex.ee\/ru\/toode\/keramicheskie-klemmy\/","og_locale":"ru_RU","og_type":"article","og_title":"\u041a\u0435\u0440\u0430\u043c\u0438\u0447\u0435\u0441\u043a\u0438\u0435 \u043a\u043b\u0435\u043c\u043c\u044b - Heatex.ee k\u00fctteseadmed","og_description":"\u041a\u0435\u0440\u0430\u043c\u0438\u0447\u0435\u0441\u043a\u0438\u0439 \u0438\u043d\u0444\u0440\u0430\u043a\u0440\u0430\u0441\u043d\u044b\u0439 \u043d\u0430\u0433\u0440\u0435\u0432\u0430\u0442\u0435\u043b\u044c \u0438\u0437\u043b\u0443\u0447\u0430\u0435\u0442 \u0434\u043b\u0438\u043d\u043d\u043e\u0432\u043e\u043b\u043d\u043e\u0432\u043e\u0435 \u0438\u043d\u0444\u0440\u0430\u043a\u0440\u0430\u0441\u043d\u043e\u0435 \u0438\u0437\u043b\u0443\u0447\u0435\u043d\u0438\u0435. \u041f\u043e\u0434\u0445\u043e\u0434\u0438\u0442 \u0434\u043b\u044f \u043f\u043b\u0430\u0432\u043b\u0435\u043d\u0438\u044f, \u0441\u0443\u0448\u043a\u0438, \u043e\u0442\u0432\u0435\u0440\u0436\u0434\u0435\u043d\u0438\u044f \u043a\u0440\u0430\u0441\u043a\u0438 \u0438 \u0434\u0440\u0443\u0433\u0438\u0445 \u0437\u0430\u0434\u0430\u0447.","og_url":"https:\/\/heatex.ee\/ru\/toode\/keramicheskie-klemmy\/","og_site_name":"Heatex.ee k\u00fctteseadmed","article_modified_time":"2025-12-19T08:48:46+00:00","og_image":[{"width":1754,"height":1316,"url":"https:\/\/heatex.ee\/wp-content\/uploads\/2025\/04\/keram-klemmid.jpg","type":"image\/jpeg"}],"twitter_card":"summary_large_image","twitter_misc":{"\u041f\u0440\u0438\u043c\u0435\u0440\u043d\u043e\u0435 \u0432\u0440\u0435\u043c\u044f \u0434\u043b\u044f \u0447\u0442\u0435\u043d\u0438\u044f":"1 \u043c\u0438\u043d\u0443\u0442\u0430"},"schema":{"@context":"https:\/\/schema.org","@graph":[{"@type":"WebPage","@id":"https:\/\/heatex.ee\/ru\/toode\/keramicheskie-klemmy\/","url":"https:\/\/heatex.ee\/ru\/toode\/keramicheskie-klemmy\/","name":"\u041a\u0435\u0440\u0430\u043c\u0438\u0447\u0435\u0441\u043a\u0438\u0435 \u043a\u043b\u0435\u043c\u043c\u044b - Heatex.ee k\u00fctteseadmed","isPartOf":{"@id":"https:\/\/heatex.ee\/ru\/#website"},"primaryImageOfPage":{"@id":"https:\/\/heatex.ee\/ru\/toode\/keramicheskie-klemmy\/#primaryimage"},"image":{"@id":"https:\/\/heatex.ee\/ru\/toode\/keramicheskie-klemmy\/#primaryimage"},"thumbnailUrl":"https:\/\/heatex.ee\/wp-content\/uploads\/2025\/04\/keram-klemmid.jpg","datePublished":"2025-03-28T15:10:40+00:00","dateModified":"2025-12-19T08:48:46+00:00","description":"\u041a\u0435\u0440\u0430\u043c\u0438\u0447\u0435\u0441\u043a\u0438\u0439 \u0438\u043d\u0444\u0440\u0430\u043a\u0440\u0430\u0441\u043d\u044b\u0439 \u043d\u0430\u0433\u0440\u0435\u0432\u0430\u0442\u0435\u043b\u044c \u0438\u0437\u043b\u0443\u0447\u0430\u0435\u0442 \u0434\u043b\u0438\u043d\u043d\u043e\u0432\u043e\u043b\u043d\u043e\u0432\u043e\u0435 \u0438\u043d\u0444\u0440\u0430\u043a\u0440\u0430\u0441\u043d\u043e\u0435 \u0438\u0437\u043b\u0443\u0447\u0435\u043d\u0438\u0435. \u041f\u043e\u0434\u0445\u043e\u0434\u0438\u0442 \u0434\u043b\u044f \u043f\u043b\u0430\u0432\u043b\u0435\u043d\u0438\u044f, \u0441\u0443\u0448\u043a\u0438, \u043e\u0442\u0432\u0435\u0440\u0436\u0434\u0435\u043d\u0438\u044f \u043a\u0440\u0430\u0441\u043a\u0438 \u0438 \u0434\u0440\u0443\u0433\u0438\u0445 \u0437\u0430\u0434\u0430\u0447.","breadcrumb":{"@id":"https:\/\/heatex.ee\/ru\/toode\/keramicheskie-klemmy\/#breadcrumb"},"inLanguage":"ru-RU","potentialAction":[{"@type":"ReadAction","target":["https:\/\/heatex.ee\/ru\/toode\/keramicheskie-klemmy\/"]}]},{"@type":"ImageObject","inLanguage":"ru-RU","@id":"https:\/\/heatex.ee\/ru\/toode\/keramicheskie-klemmy\/#primaryimage","url":"https:\/\/heatex.ee\/wp-content\/uploads\/2025\/04\/keram-klemmid.jpg","contentUrl":"https:\/\/heatex.ee\/wp-content\/uploads\/2025\/04\/keram-klemmid.jpg","width":1754,"height":1316},{"@type":"BreadcrumbList","@id":"https:\/\/heatex.ee\/ru\/toode\/keramicheskie-klemmy\/#breadcrumb","itemListElement":[{"@type":"ListItem","position":1,"name":"Home","item":"https:\/\/heatex.ee\/ru\/"},{"@type":"ListItem","position":2,"name":"\u041c\u0430\u0433\u0430\u0437\u0438\u043d","item":"https:\/\/heatex.ee\/ru\/magazin\/"},{"@type":"ListItem","position":3,"name":"\u041a\u0435\u0440\u0430\u043c\u0438\u0447\u0435\u0441\u043a\u0438\u0435 \u043a\u043b\u0435\u043c\u043c\u044b"}]},{"@type":"WebSite","@id":"https:\/\/heatex.ee\/ru\/#website","url":"https:\/\/heatex.ee\/ru\/","name":"Heatex.ee k\u00fctteseadmed","description":"\u0418\u043c\u043f\u043e\u0440\u0442\u0435\u0440 \u044d\u043b\u0435\u043a\u0442\u0440\u0438\u0447\u0435\u0441\u043a\u0438\u0445 \u043e\u0431\u043e\u0433\u0440\u0435\u0432\u0430\u0442\u0435\u043b\u0435\u0439 \u0432 \u042d\u0441\u0442\u043e\u043d\u0438\u0438","publisher":{"@id":"https:\/\/heatex.ee\/ru\/#organization"},"alternateName":"T\u00f6\u00f6tstuslikud Elektroonilised K\u00fctteseadmed","potentialAction":[{"@type":"SearchAction","target":{"@type":"EntryPoint","urlTemplate":"https:\/\/heatex.ee\/ru\/?s={search_term_string}"},"query-input":{"@type":"PropertyValueSpecification","valueRequired":true,"valueName":"search_term_string"}}],"inLanguage":"ru-RU"},{"@type":"Organization","@id":"https:\/\/heatex.ee\/ru\/#organization","name":"Heatex.ee k\u00fctteseadmed","alternateName":"T\u00f6\u00f6tstuslikud Elektroonilised K\u00fctteseadmed","url":"https:\/\/heatex.ee\/ru\/","logo":{"@type":"ImageObject","inLanguage":"ru-RU","@id":"https:\/\/heatex.ee\/ru\/#\/schema\/logo\/image\/","url":"https:\/\/heatex.ee\/wp-content\/uploads\/2025\/03\/cropped-Heatex-Logo-2.png","contentUrl":"https:\/\/heatex.ee\/wp-content\/uploads\/2025\/03\/cropped-Heatex-Logo-2.png","width":800,"height":228,"caption":"Heatex.ee k\u00fctteseadmed"},"image":{"@id":"https:\/\/heatex.ee\/ru\/#\/schema\/logo\/image\/"}}]}},"_links":{"self":[{"href":"https:\/\/heatex.ee\/ru\/wp-json\/wp\/v2\/product\/6982","targetHints":{"allow":["GET"]}}],"collection":[{"href":"https:\/\/heatex.ee\/ru\/wp-json\/wp\/v2\/product"}],"about":[{"href":"https:\/\/heatex.ee\/ru\/wp-json\/wp\/v2\/types\/product"}],"replies":[{"embeddable":true,"href":"https:\/\/heatex.ee\/ru\/wp-json\/wp\/v2\/comments?post=6982"}],"wp:featuredmedia":[{"embeddable":true,"href":"https:\/\/heatex.ee\/ru\/wp-json\/wp\/v2\/media\/6822"}],"wp:attachment":[{"href":"https:\/\/heatex.ee\/ru\/wp-json\/wp\/v2\/media?parent=6982"}],"wp:term":[{"taxonomy":"product_brand","embeddable":true,"href":"https:\/\/heatex.ee\/ru\/wp-json\/wp\/v2\/product_brand?post=6982"},{"taxonomy":"product_cat","embeddable":true,"href":"https:\/\/heatex.ee\/ru\/wp-json\/wp\/v2\/product_cat?post=6982"},{"taxonomy":"product_tag","embeddable":true,"href":"https:\/\/heatex.ee\/ru\/wp-json\/wp\/v2\/product_tag?post=6982"}],"curies":[{"name":"wp","href":"https:\/\/api.w.org\/{rel}","templated":true}]}}