{"id":6971,"date":"2025-04-25T16:15:18","date_gmt":"2025-04-25T13:15:18","guid":{"rendered":"https:\/\/heatex.vdisain.dev\/toode\/%d0%b1%d0%b8%d0%bc%d0%b5%d1%82%d0%b0%d0%bb%d0%bb%d0%b8%d1%87%d0%b5%d1%81%d0%ba%d0%b8%d0%b5-%d1%82%d0%b5%d1%80%d0%bc%d0%be%d1%81%d1%82%d0%b0%d1%82%d1%8b\/"},"modified":"2025-12-19T10:30:49","modified_gmt":"2025-12-19T08:30:49","slug":"bimetallicheskie-termostaty","status":"publish","type":"product","link":"https:\/\/heatex.ee\/ru\/toode\/bimetallicheskie-termostaty\/","title":{"rendered":"\u0411\u0438\u043c\u0435\u0442\u0430\u043b\u043b\u0438\u0447\u0435\u0441\u043a\u0438\u0435 \u0442\u0435\u0440\u043c\u043e\u0441\u0442\u0430\u0442\u044b"},"content":{"rendered":"<p>\u0411\u0438\u043c\u0435\u0442\u0430\u043b\u043b\u0438\u0447\u0435\u0441\u043a\u0438\u0435 \u0442\u0435\u0440\u043c\u043e\u0441\u0442\u0430\u0442\u044b &#8212; \u044d\u0442\u043e \u044d\u043a\u043e\u043d\u043e\u043c\u0438\u0447\u043d\u043e\u0435 \u0440\u0435\u0448\u0435\u043d\u0438\u0435 \u0434\u043b\u044f \u043a\u043e\u043d\u0442\u0440\u043e\u043b\u044f \u0442\u0435\u043c\u043f\u0435\u0440\u0430\u0442\u0443\u0440\u044b \u0432\u043e\u0437\u0434\u0443\u0445\u0430.<\/p>\n<p>&nbsp;<\/p>\n<p>FGT 100 &#8212; \u0434\u043b\u044f \u043e\u0431\u043e\u0433\u0440\u0435\u0432\u0430 (-10\u00b0C&#8230;+50\u00b0C)<\/p>\n<p>FGT 200 &#8212; \u0434\u043b\u044f \u043e\u0445\u043b\u0430\u0436\u0434\u0435\u043d\u0438\u044f (0\u00b0C&#8230;+60\u00b0C)<\/p>\n<p>TBT-NC-60-B &#8212; \u0434\u043b\u044f \u043d\u0430\u0433\u0440\u0435\u0432\u0430 (0\u00b0C&#8230;+60\u00b0C)<\/p>\n<p>&nbsp;<\/p>\n<p dir=\"ltr\" data-placeholder=\"Translation\">\u0426\u0435\u043d\u0430 \u043e\u0442 13.30 EUR\/\u0448\u0442 + \u043a\u043c<\/p>\n<div class=\"fusion-fullwidth fullwidth-box fusion-builder-row-1 fusion-flex-container has-pattern-background has-mask-background nonhundred-percent-fullwidth non-hundred-percent-height-scrolling\">\n<div class=\"fusion-builder-row fusion-row fusion-flex-align-items-flex-start\">\n<div class=\"fusion-layout-column fusion_builder_column fusion-builder-column-0 fusion_builder_column_1_1 1_1 fusion-flex-column\">\n<div class=\"fusion-column-wrapper fusion-column-has-shadow fusion-flex-justify-content-flex-start fusion-content-layout-column\">\n<div class=\"fusion-text fusion-text-1\">\n<p>\u0411\u0438\u043c\u0435\u0442\u0430\u043b\u043b\u0438\u0447\u0435\u0441\u043a\u0438\u0435 \u0442\u0435\u0440\u043c\u043e\u0441\u0442\u0430\u0442\u044b &#8212; \u044d\u0442\u043e \u044d\u043a\u043e\u043d\u043e\u043c\u0438\u0447\u043d\u043e\u0435 \u0440\u0435\u0448\u0435\u043d\u0438\u0435 \u0434\u043b\u044f \u043a\u043e\u043d\u0442\u0440\u043e\u043b\u044f \u0442\u0435\u043c\u043f\u0435\u0440\u0430\u0442\u0443\u0440\u044b \u0432\u043e\u0437\u0434\u0443\u0445\u0430.<\/p>\n<p>\u041c\u043e\u0434\u0435\u043b\u044c FGT 100 &#8212; \u0434\u043b\u044f \u043e\u0431\u043e\u0433\u0440\u0435\u0432\u0430 (-10\u00b0C&#8230;+50\u00b0C)<\/p>\n<p>\u041c\u043e\u0434\u0435\u043b\u044c FGT 200 &#8212; \u0434\u043b\u044f \u043e\u0445\u043b\u0430\u0436\u0434\u0435\u043d\u0438\u044f (0\u00b0C&#8230;+60\u00b0C)<\/p>\n<p>\u041c\u043e\u0434\u0435\u043b\u044c TBT-NC-60-B &#8212; \u0434\u043b\u044f \u043d\u0430\u0433\u0440\u0435\u0432\u0430 (0\u00b0C&#8230;+60\u00b0C)<\/p>\n<p><span class=\"Y2IQFc\" lang=\"et\">\u041e\u0441\u043e\u0431\u0435\u043d\u043d\u043e\u0441\u0442\u0438:<\/span><br \/>\n<span class=\"Y2IQFc\" lang=\"et\">&#8212; \u0412\u0441\u0442\u0440\u043e\u0435\u043d\u043d\u0430\u044f \u0440\u043e\u0437\u0435\u0442\u043a\u0430 35 \u043c\u043c DIN (EN 50022)<\/span><br \/>\n<span class=\"Y2IQFc\" lang=\"et\">&#8212; \u0420\u0435\u0433\u0443\u043b\u0438\u0440\u0443\u0435\u043c\u044b\u0439 \u0440\u0435\u0433\u0443\u043b\u044f\u0442\u043e\u0440 \u0442\u0435\u043c\u043f\u0435\u0440\u0430\u0442\u0443\u0440\u044b<\/span><br \/>\n<span class=\"Y2IQFc\" lang=\"et\">&#8212; \u0428\u0438\u0440\u043e\u043a\u0438\u0439 \u0442\u0435\u043c\u043f\u0435\u0440\u0430\u0442\u0443\u0440\u043d\u044b\u0439 \u0434\u0438\u0430\u043f\u0430\u0437\u043e\u043d<\/span><br \/>\n<span class=\"Y2IQFc\" lang=\"et\">&#8212; 100 000 \u0446\u0438\u043a\u043b\u043e\u0432 \u043f\u0440\u0438 100-230 \u0412 \u043f\u0435\u0440\u0435\u043c\u0435\u043d\u043d\u043e\u0433\u043e \u0442\u043e\u043a\u0430<\/span><br \/>\n<span class=\"Y2IQFc\" lang=\"et\">&#8212; 12-230 \u0412 \u041f\u041e\u0421\u0422\u041e\u042f\u041d\u041d\u041e\u0413\u041e \u0422\u041e\u041a\u0410<\/span><br \/>\n&#8212; <span class=\"Y2IQFc\" lang=\"et\">IP <\/span>30<br \/>\n<span class=\"Y2IQFc\" lang=\"et\">&#8212; \u0420\u0430\u0437\u043b\u0438\u0447\u0430\u044e\u0442\u0441\u044f \u043f\u043e \u0446\u0432\u0435\u0442\u0443 \u043a\u043d\u043e\u043f\u043e\u043a &#8212; \u043a\u0440\u0430\u0441\u043d\u0430\u044f (\u043d\u0430\u0433\u0440\u0435\u0432), \u0441\u0438\u043d\u044f\u044f (\u043e\u0445\u043b\u0430\u0436\u0434\u0435\u043d\u0438\u0435).<\/span><br \/>\n<span class=\"Y2IQFc\" lang=\"et\">&#8212; \u041a\u043e\u043c\u043f\u0430\u043a\u0442\u043d\u044b\u0439 \u0438 \u043b\u0435\u0433\u043a\u0438\u0439 65x33x43 \u043c\u043c<\/span><\/p>\n<p>\u041f\u0440\u043e\u0438\u0437\u0432\u043e\u0434\u0438\u0442\u0435\u043b\u044c DBK Group.<\/p>\n<p>\u041c\u044b \u044f\u0432\u043b\u044f\u0435\u043c\u0441\u044f \u043e\u0444\u0438\u0446\u0438\u0430\u043b\u044c\u043d\u044b\u043c\u0438 \u0434\u0438\u0441\u0442\u0440\u0438\u0431\u044c\u044e\u0442\u043e\u0440\u0430\u043c\u0438 \u043f\u0440\u043e\u0434\u0443\u043a\u0446\u0438\u0438 DBK Group \u0432 \u042d\u0441\u0442\u043e\u043d\u0438\u0438, \u0431\u043e\u043b\u0435\u0435 \u043f\u043e\u0434\u0440\u043e\u0431\u043d\u0443\u044e \u0438\u043d\u0444\u043e\u0440\u043c\u0430\u0446\u0438\u044e \u0412\u044b \u043c\u043e\u0436\u0435\u0442\u0435 \u043d\u0430\u0439\u0442\u0438 \u043d\u0430 \u0441\u0430\u0439\u0442\u0435 \u043f\u0440\u043e\u0438\u0437\u0432\u043e\u0434\u0438\u0442\u0435\u043b\u044f <a href=\"https:\/\/www.industrial-eu.dbk-group.com\/\">DBK Group<\/a>.<\/p>\n<p>\u0423\u0434\u043e\u0431\u043d\u043e\u0435 \u0440\u0435\u0448\u0435\u043d\u0438\u0435 \u0434\u043b\u044f \u043a\u043e\u043d\u0442\u0440\u043e\u043b\u044f \u0442\u0435\u043c\u043f\u0435\u0440\u0430\u0442\u0443\u0440\u044b \u0432\u043e\u0437\u0434\u0443\u0445\u0430, \u0441\u0432\u044f\u0436\u0438\u0442\u0435\u0441\u044c \u0441 \u043d\u0430\u043c\u0438 \u0447\u0435\u0440\u0435\u0437 <a href=\"https:\/\/heatex.ee\/ru\/svyazhites-s\/\">\u043a\u043e\u043d\u0442\u0430\u043a\u0442<\/a>.<\/p>\n<\/div>\n<\/div>\n<\/div>\n<\/div>\n<\/div>\n<div class=\"fusion-fullwidth fullwidth-box fusion-builder-row-2 fusion-flex-container has-pattern-background has-mask-background nonhundred-percent-fullwidth non-hundred-percent-height-scrolling\">\n<div class=\"fusion-builder-row fusion-row fusion-flex-align-items-flex-start\">\n<div class=\"fusion-layout-column fusion_builder_column fusion-builder-column-1 fusion_builder_column_1_3 1_3 fusion-flex-column\">\n<div class=\"fusion-column-wrapper fusion-column-has-shadow fusion-flex-justify-content-flex-start fusion-content-layout-column\">\n<div class=\"fusion-image-element \"><\/div>\n<\/div>\n<\/div>\n<div class=\"fusion-layout-column fusion_builder_column fusion-builder-column-2 fusion_builder_column_1_3 1_3 fusion-flex-column\">\n<div class=\"fusion-column-wrapper fusion-column-has-shadow fusion-flex-justify-content-flex-start fusion-content-layout-column\">\n<div class=\"fusion-image-element \"><\/div>\n<\/div>\n<\/div>\n<div class=\"fusion-layout-column fusion_builder_column fusion-builder-column-3 fusion_builder_column_1_3 1_3 fusion-flex-column\">\n<div class=\"fusion-column-wrapper fusion-column-has-shadow fusion-flex-justify-content-flex-start fusion-content-layout-column\">\n<div class=\"fusion-image-element \"><\/div>\n<\/div>\n<\/div>\n<\/div>\n<\/div>\n","protected":false},"excerpt":{"rendered":"<p>\u0411\u0438\u043c\u0435\u0442\u0430\u043b\u043b\u0438\u0447\u0435\u0441\u043a\u0438\u0435 \u0442\u0435\u0440\u043c\u043e\u0441\u0442\u0430\u0442\u044b &#8212; \u044d\u0442\u043e \u044d\u043a\u043e\u043d\u043e\u043c\u0438\u0447\u043d\u043e\u0435 \u0440\u0435\u0448\u0435\u043d\u0438\u0435 \u0434\u043b\u044f \u043a\u043e\u043d\u0442\u0440\u043e\u043b\u044f \u0442\u0435\u043c\u043f\u0435\u0440\u0430\u0442\u0443\u0440\u044b \u0432\u043e\u0437\u0434\u0443\u0445\u0430. &nbsp; FGT 100 &#8212; \u0434\u043b\u044f \u043e\u0431\u043e\u0433\u0440\u0435\u0432\u0430 (-10\u00b0C&#8230;+50\u00b0C) FGT 200 &#8212; \u0434\u043b\u044f \u043e\u0445\u043b\u0430\u0436\u0434\u0435\u043d\u0438\u044f (0\u00b0C&#8230;+60\u00b0C) TBT-NC-60-B &#8212; \u0434\u043b\u044f \u043d\u0430\u0433\u0440\u0435\u0432\u0430 (0\u00b0C&#8230;+60\u00b0C) &nbsp; \u0426\u0435\u043d\u0430 \u043e\u0442 13.30 EUR\/\u0448\u0442 + \u043a\u043c \u0411\u0438\u043c\u0435\u0442\u0430\u043b\u043b\u0438\u0447\u0435\u0441\u043a\u0438\u0435 \u0442\u0435\u0440\u043c\u043e\u0441\u0442\u0430\u0442\u044b &#8212; \u044d\u0442\u043e \u044d\u043a\u043e\u043d\u043e\u043c\u0438\u0447\u043d\u043e\u0435 \u0440\u0435\u0448\u0435\u043d\u0438\u0435 \u0434\u043b\u044f \u043a\u043e\u043d\u0442\u0440\u043e\u043b\u044f \u0442\u0435\u043c\u043f\u0435\u0440\u0430\u0442\u0443\u0440\u044b \u0432\u043e\u0437\u0434\u0443\u0445\u0430. \u041c\u043e\u0434\u0435\u043b\u044c FGT 100 &#8212; \u0434\u043b\u044f \u043e\u0431\u043e\u0433\u0440\u0435\u0432\u0430 (-10\u00b0C&#8230;+50\u00b0C) \u041c\u043e\u0434\u0435\u043b\u044c FGT 200 [&hellip;]<\/p>\n","protected":false},"featured_media":6683,"comment_status":"closed","ping_status":"closed","template":"","meta":{"_acf_changed":false},"product_brand":[59],"product_cat":[2332],"product_tag":[],"class_list":{"0":"post-6971","1":"product","2":"type-product","3":"status-publish","4":"has-post-thumbnail","6":"product_brand-dbk","7":"product_cat-termostaty","8":"pa_pinge-12-24---","9":"pa_tuup---35--din-en-50022","10":"pa_variatsioon---10c-50c","11":"pa_variatsioon---0c-60c","14":"first","15":"instock","16":"taxable","17":"shipping-taxable","18":"purchasable","19":"product-type-variable"},"acf":[],"yoast_head":"<!-- This site is optimized with the Yoast SEO plugin v27.5 - https:\/\/yoast.com\/product\/yoast-seo-wordpress\/ -->\n<title>\u0411\u0438\u043c\u0435\u0442\u0430\u043b\u043b\u0438\u0447\u0435\u0441\u043a\u0438\u0435 \u0442\u0435\u0440\u043c\u043e\u0441\u0442\u0430\u0442\u044b - Heatex.ee k\u00fctteseadmed<\/title>\n<meta name=\"description\" content=\"\u0411\u0438\u043c\u0435\u0442\u0430\u043b\u043b\u0438\u0447\u0435\u0441\u043a\u0438\u0435 \u0442\u0435\u0440\u043c\u043e\u0441\u0442\u0430\u0442\u044b \u2014 \u044d\u0442\u043e \u0434\u043e\u0441\u0442\u0443\u043f\u043d\u043e\u0435 \u0440\u0435\u0448\u0435\u043d\u0438\u0435 \u0434\u043b\u044f \u043a\u043e\u043d\u0442\u0440\u043e\u043b\u044f \u0442\u0435\u043c\u043f\u0435\u0440\u0430\u0442\u0443\u0440\u044b \u0432\u043e\u0437\u0434\u0443\u0445\u0430. \u0420\u0435\u0433\u0443\u043b\u0438\u0440\u0443\u0435\u043c\u044b\u0439 \u0442\u0435\u043c\u043f\u0435\u0440\u0430\u0442\u0443\u0440\u043d\u044b\u0439 \u0440\u0435\u0433\u0443\u043b\u044f\u0442\u043e\u0440. \u0428\u0438\u0440\u043e\u043a\u0438\u0439 \u0434\u0438\u0430\u043f\u0430\u0437\u043e\u043d \u0442\u0435\u043c\u043f\u0435\u0440\u0430\u0442\u0443\u0440.\" \/>\n<meta name=\"robots\" content=\"index, follow, max-snippet:-1, max-image-preview:large, max-video-preview:-1\" \/>\n<link rel=\"canonical\" href=\"https:\/\/heatex.ee\/ru\/toode\/bimetallicheskie-termostaty\/\" \/>\n<meta property=\"og:locale\" content=\"ru_RU\" \/>\n<meta property=\"og:type\" content=\"article\" \/>\n<meta property=\"og:title\" content=\"\u0411\u0438\u043c\u0435\u0442\u0430\u043b\u043b\u0438\u0447\u0435\u0441\u043a\u0438\u0435 \u0442\u0435\u0440\u043c\u043e\u0441\u0442\u0430\u0442\u044b - Heatex.ee k\u00fctteseadmed\" \/>\n<meta property=\"og:description\" content=\"\u0411\u0438\u043c\u0435\u0442\u0430\u043b\u043b\u0438\u0447\u0435\u0441\u043a\u0438\u0435 \u0442\u0435\u0440\u043c\u043e\u0441\u0442\u0430\u0442\u044b \u2014 \u044d\u0442\u043e \u0434\u043e\u0441\u0442\u0443\u043f\u043d\u043e\u0435 \u0440\u0435\u0448\u0435\u043d\u0438\u0435 \u0434\u043b\u044f \u043a\u043e\u043d\u0442\u0440\u043e\u043b\u044f \u0442\u0435\u043c\u043f\u0435\u0440\u0430\u0442\u0443\u0440\u044b \u0432\u043e\u0437\u0434\u0443\u0445\u0430. \u0420\u0435\u0433\u0443\u043b\u0438\u0440\u0443\u0435\u043c\u044b\u0439 \u0442\u0435\u043c\u043f\u0435\u0440\u0430\u0442\u0443\u0440\u043d\u044b\u0439 \u0440\u0435\u0433\u0443\u043b\u044f\u0442\u043e\u0440. \u0428\u0438\u0440\u043e\u043a\u0438\u0439 \u0434\u0438\u0430\u043f\u0430\u0437\u043e\u043d \u0442\u0435\u043c\u043f\u0435\u0440\u0430\u0442\u0443\u0440.\" \/>\n<meta property=\"og:url\" content=\"https:\/\/heatex.ee\/ru\/toode\/bimetallicheskie-termostaty\/\" \/>\n<meta property=\"og:site_name\" content=\"Heatex.ee k\u00fctteseadmed\" \/>\n<meta property=\"article:modified_time\" content=\"2025-12-19T08:30:49+00:00\" \/>\n<meta property=\"og:image\" content=\"https:\/\/heatex.ee\/wp-content\/uploads\/2025\/03\/Bimetall-termostaat.jpg\" \/>\n\t<meta property=\"og:image:width\" content=\"640\" \/>\n\t<meta property=\"og:image:height\" content=\"495\" \/>\n\t<meta property=\"og:image:type\" content=\"image\/jpeg\" \/>\n<meta name=\"twitter:card\" content=\"summary_large_image\" \/>\n<meta name=\"twitter:label1\" content=\"\u041f\u0440\u0438\u043c\u0435\u0440\u043d\u043e\u0435 \u0432\u0440\u0435\u043c\u044f \u0434\u043b\u044f \u0447\u0442\u0435\u043d\u0438\u044f\" \/>\n\t<meta name=\"twitter:data1\" content=\"1 \u043c\u0438\u043d\u0443\u0442\u0430\" \/>\n<script type=\"application\/ld+json\" class=\"yoast-schema-graph\">{\"@context\":\"https:\\\/\\\/schema.org\",\"@graph\":[{\"@type\":\"WebPage\",\"@id\":\"https:\\\/\\\/heatex.ee\\\/ru\\\/toode\\\/bimetallicheskie-termostaty\\\/\",\"url\":\"https:\\\/\\\/heatex.ee\\\/ru\\\/toode\\\/bimetallicheskie-termostaty\\\/\",\"name\":\"\u0411\u0438\u043c\u0435\u0442\u0430\u043b\u043b\u0438\u0447\u0435\u0441\u043a\u0438\u0435 \u0442\u0435\u0440\u043c\u043e\u0441\u0442\u0430\u0442\u044b - Heatex.ee k\u00fctteseadmed\",\"isPartOf\":{\"@id\":\"https:\\\/\\\/heatex.ee\\\/ru\\\/#website\"},\"primaryImageOfPage\":{\"@id\":\"https:\\\/\\\/heatex.ee\\\/ru\\\/toode\\\/bimetallicheskie-termostaty\\\/#primaryimage\"},\"image\":{\"@id\":\"https:\\\/\\\/heatex.ee\\\/ru\\\/toode\\\/bimetallicheskie-termostaty\\\/#primaryimage\"},\"thumbnailUrl\":\"https:\\\/\\\/heatex.ee\\\/wp-content\\\/uploads\\\/2025\\\/03\\\/Bimetall-termostaat.jpg\",\"datePublished\":\"2025-04-25T13:15:18+00:00\",\"dateModified\":\"2025-12-19T08:30:49+00:00\",\"description\":\"\u0411\u0438\u043c\u0435\u0442\u0430\u043b\u043b\u0438\u0447\u0435\u0441\u043a\u0438\u0435 \u0442\u0435\u0440\u043c\u043e\u0441\u0442\u0430\u0442\u044b \u2014 \u044d\u0442\u043e \u0434\u043e\u0441\u0442\u0443\u043f\u043d\u043e\u0435 \u0440\u0435\u0448\u0435\u043d\u0438\u0435 \u0434\u043b\u044f \u043a\u043e\u043d\u0442\u0440\u043e\u043b\u044f \u0442\u0435\u043c\u043f\u0435\u0440\u0430\u0442\u0443\u0440\u044b \u0432\u043e\u0437\u0434\u0443\u0445\u0430. \u0420\u0435\u0433\u0443\u043b\u0438\u0440\u0443\u0435\u043c\u044b\u0439 \u0442\u0435\u043c\u043f\u0435\u0440\u0430\u0442\u0443\u0440\u043d\u044b\u0439 \u0440\u0435\u0433\u0443\u043b\u044f\u0442\u043e\u0440. \u0428\u0438\u0440\u043e\u043a\u0438\u0439 \u0434\u0438\u0430\u043f\u0430\u0437\u043e\u043d \u0442\u0435\u043c\u043f\u0435\u0440\u0430\u0442\u0443\u0440.\",\"breadcrumb\":{\"@id\":\"https:\\\/\\\/heatex.ee\\\/ru\\\/toode\\\/bimetallicheskie-termostaty\\\/#breadcrumb\"},\"inLanguage\":\"ru-RU\",\"potentialAction\":[{\"@type\":\"ReadAction\",\"target\":[\"https:\\\/\\\/heatex.ee\\\/ru\\\/toode\\\/bimetallicheskie-termostaty\\\/\"]}]},{\"@type\":\"ImageObject\",\"inLanguage\":\"ru-RU\",\"@id\":\"https:\\\/\\\/heatex.ee\\\/ru\\\/toode\\\/bimetallicheskie-termostaty\\\/#primaryimage\",\"url\":\"https:\\\/\\\/heatex.ee\\\/wp-content\\\/uploads\\\/2025\\\/03\\\/Bimetall-termostaat.jpg\",\"contentUrl\":\"https:\\\/\\\/heatex.ee\\\/wp-content\\\/uploads\\\/2025\\\/03\\\/Bimetall-termostaat.jpg\",\"width\":640,\"height\":495},{\"@type\":\"BreadcrumbList\",\"@id\":\"https:\\\/\\\/heatex.ee\\\/ru\\\/toode\\\/bimetallicheskie-termostaty\\\/#breadcrumb\",\"itemListElement\":[{\"@type\":\"ListItem\",\"position\":1,\"name\":\"Home\",\"item\":\"https:\\\/\\\/heatex.ee\\\/ru\\\/\"},{\"@type\":\"ListItem\",\"position\":2,\"name\":\"\u041c\u0430\u0433\u0430\u0437\u0438\u043d\",\"item\":\"https:\\\/\\\/heatex.ee\\\/ru\\\/magazin\\\/\"},{\"@type\":\"ListItem\",\"position\":3,\"name\":\"\u0411\u0438\u043c\u0435\u0442\u0430\u043b\u043b\u0438\u0447\u0435\u0441\u043a\u0438\u0435 \u0442\u0435\u0440\u043c\u043e\u0441\u0442\u0430\u0442\u044b\"}]},{\"@type\":\"WebSite\",\"@id\":\"https:\\\/\\\/heatex.ee\\\/ru\\\/#website\",\"url\":\"https:\\\/\\\/heatex.ee\\\/ru\\\/\",\"name\":\"Heatex.ee k\u00fctteseadmed\",\"description\":\"\u0418\u043c\u043f\u043e\u0440\u0442\u0435\u0440 \u044d\u043b\u0435\u043a\u0442\u0440\u0438\u0447\u0435\u0441\u043a\u0438\u0445 \u043e\u0431\u043e\u0433\u0440\u0435\u0432\u0430\u0442\u0435\u043b\u0435\u0439 \u0432 \u042d\u0441\u0442\u043e\u043d\u0438\u0438\",\"publisher\":{\"@id\":\"https:\\\/\\\/heatex.ee\\\/ru\\\/#organization\"},\"alternateName\":\"T\u00f6\u00f6tstuslikud Elektroonilised K\u00fctteseadmed\",\"potentialAction\":[{\"@type\":\"SearchAction\",\"target\":{\"@type\":\"EntryPoint\",\"urlTemplate\":\"https:\\\/\\\/heatex.ee\\\/ru\\\/?s={search_term_string}\"},\"query-input\":{\"@type\":\"PropertyValueSpecification\",\"valueRequired\":true,\"valueName\":\"search_term_string\"}}],\"inLanguage\":\"ru-RU\"},{\"@type\":\"Organization\",\"@id\":\"https:\\\/\\\/heatex.ee\\\/ru\\\/#organization\",\"name\":\"Heatex.ee k\u00fctteseadmed\",\"alternateName\":\"T\u00f6\u00f6tstuslikud Elektroonilised K\u00fctteseadmed\",\"url\":\"https:\\\/\\\/heatex.ee\\\/ru\\\/\",\"logo\":{\"@type\":\"ImageObject\",\"inLanguage\":\"ru-RU\",\"@id\":\"https:\\\/\\\/heatex.ee\\\/ru\\\/#\\\/schema\\\/logo\\\/image\\\/\",\"url\":\"https:\\\/\\\/heatex.ee\\\/wp-content\\\/uploads\\\/2025\\\/03\\\/cropped-Heatex-Logo-2.png\",\"contentUrl\":\"https:\\\/\\\/heatex.ee\\\/wp-content\\\/uploads\\\/2025\\\/03\\\/cropped-Heatex-Logo-2.png\",\"width\":800,\"height\":228,\"caption\":\"Heatex.ee k\u00fctteseadmed\"},\"image\":{\"@id\":\"https:\\\/\\\/heatex.ee\\\/ru\\\/#\\\/schema\\\/logo\\\/image\\\/\"}}]}<\/script>\n<!-- \/ Yoast SEO plugin. -->","yoast_head_json":{"title":"\u0411\u0438\u043c\u0435\u0442\u0430\u043b\u043b\u0438\u0447\u0435\u0441\u043a\u0438\u0435 \u0442\u0435\u0440\u043c\u043e\u0441\u0442\u0430\u0442\u044b - Heatex.ee k\u00fctteseadmed","description":"\u0411\u0438\u043c\u0435\u0442\u0430\u043b\u043b\u0438\u0447\u0435\u0441\u043a\u0438\u0435 \u0442\u0435\u0440\u043c\u043e\u0441\u0442\u0430\u0442\u044b \u2014 \u044d\u0442\u043e \u0434\u043e\u0441\u0442\u0443\u043f\u043d\u043e\u0435 \u0440\u0435\u0448\u0435\u043d\u0438\u0435 \u0434\u043b\u044f \u043a\u043e\u043d\u0442\u0440\u043e\u043b\u044f \u0442\u0435\u043c\u043f\u0435\u0440\u0430\u0442\u0443\u0440\u044b \u0432\u043e\u0437\u0434\u0443\u0445\u0430. \u0420\u0435\u0433\u0443\u043b\u0438\u0440\u0443\u0435\u043c\u044b\u0439 \u0442\u0435\u043c\u043f\u0435\u0440\u0430\u0442\u0443\u0440\u043d\u044b\u0439 \u0440\u0435\u0433\u0443\u043b\u044f\u0442\u043e\u0440. \u0428\u0438\u0440\u043e\u043a\u0438\u0439 \u0434\u0438\u0430\u043f\u0430\u0437\u043e\u043d \u0442\u0435\u043c\u043f\u0435\u0440\u0430\u0442\u0443\u0440.","robots":{"index":"index","follow":"follow","max-snippet":"max-snippet:-1","max-image-preview":"max-image-preview:large","max-video-preview":"max-video-preview:-1"},"canonical":"https:\/\/heatex.ee\/ru\/toode\/bimetallicheskie-termostaty\/","og_locale":"ru_RU","og_type":"article","og_title":"\u0411\u0438\u043c\u0435\u0442\u0430\u043b\u043b\u0438\u0447\u0435\u0441\u043a\u0438\u0435 \u0442\u0435\u0440\u043c\u043e\u0441\u0442\u0430\u0442\u044b - Heatex.ee k\u00fctteseadmed","og_description":"\u0411\u0438\u043c\u0435\u0442\u0430\u043b\u043b\u0438\u0447\u0435\u0441\u043a\u0438\u0435 \u0442\u0435\u0440\u043c\u043e\u0441\u0442\u0430\u0442\u044b \u2014 \u044d\u0442\u043e \u0434\u043e\u0441\u0442\u0443\u043f\u043d\u043e\u0435 \u0440\u0435\u0448\u0435\u043d\u0438\u0435 \u0434\u043b\u044f \u043a\u043e\u043d\u0442\u0440\u043e\u043b\u044f \u0442\u0435\u043c\u043f\u0435\u0440\u0430\u0442\u0443\u0440\u044b \u0432\u043e\u0437\u0434\u0443\u0445\u0430. \u0420\u0435\u0433\u0443\u043b\u0438\u0440\u0443\u0435\u043c\u044b\u0439 \u0442\u0435\u043c\u043f\u0435\u0440\u0430\u0442\u0443\u0440\u043d\u044b\u0439 \u0440\u0435\u0433\u0443\u043b\u044f\u0442\u043e\u0440. \u0428\u0438\u0440\u043e\u043a\u0438\u0439 \u0434\u0438\u0430\u043f\u0430\u0437\u043e\u043d \u0442\u0435\u043c\u043f\u0435\u0440\u0430\u0442\u0443\u0440.","og_url":"https:\/\/heatex.ee\/ru\/toode\/bimetallicheskie-termostaty\/","og_site_name":"Heatex.ee k\u00fctteseadmed","article_modified_time":"2025-12-19T08:30:49+00:00","og_image":[{"width":640,"height":495,"url":"https:\/\/heatex.ee\/wp-content\/uploads\/2025\/03\/Bimetall-termostaat.jpg","type":"image\/jpeg"}],"twitter_card":"summary_large_image","twitter_misc":{"\u041f\u0440\u0438\u043c\u0435\u0440\u043d\u043e\u0435 \u0432\u0440\u0435\u043c\u044f \u0434\u043b\u044f \u0447\u0442\u0435\u043d\u0438\u044f":"1 \u043c\u0438\u043d\u0443\u0442\u0430"},"schema":{"@context":"https:\/\/schema.org","@graph":[{"@type":"WebPage","@id":"https:\/\/heatex.ee\/ru\/toode\/bimetallicheskie-termostaty\/","url":"https:\/\/heatex.ee\/ru\/toode\/bimetallicheskie-termostaty\/","name":"\u0411\u0438\u043c\u0435\u0442\u0430\u043b\u043b\u0438\u0447\u0435\u0441\u043a\u0438\u0435 \u0442\u0435\u0440\u043c\u043e\u0441\u0442\u0430\u0442\u044b - Heatex.ee k\u00fctteseadmed","isPartOf":{"@id":"https:\/\/heatex.ee\/ru\/#website"},"primaryImageOfPage":{"@id":"https:\/\/heatex.ee\/ru\/toode\/bimetallicheskie-termostaty\/#primaryimage"},"image":{"@id":"https:\/\/heatex.ee\/ru\/toode\/bimetallicheskie-termostaty\/#primaryimage"},"thumbnailUrl":"https:\/\/heatex.ee\/wp-content\/uploads\/2025\/03\/Bimetall-termostaat.jpg","datePublished":"2025-04-25T13:15:18+00:00","dateModified":"2025-12-19T08:30:49+00:00","description":"\u0411\u0438\u043c\u0435\u0442\u0430\u043b\u043b\u0438\u0447\u0435\u0441\u043a\u0438\u0435 \u0442\u0435\u0440\u043c\u043e\u0441\u0442\u0430\u0442\u044b \u2014 \u044d\u0442\u043e \u0434\u043e\u0441\u0442\u0443\u043f\u043d\u043e\u0435 \u0440\u0435\u0448\u0435\u043d\u0438\u0435 \u0434\u043b\u044f \u043a\u043e\u043d\u0442\u0440\u043e\u043b\u044f \u0442\u0435\u043c\u043f\u0435\u0440\u0430\u0442\u0443\u0440\u044b \u0432\u043e\u0437\u0434\u0443\u0445\u0430. \u0420\u0435\u0433\u0443\u043b\u0438\u0440\u0443\u0435\u043c\u044b\u0439 \u0442\u0435\u043c\u043f\u0435\u0440\u0430\u0442\u0443\u0440\u043d\u044b\u0439 \u0440\u0435\u0433\u0443\u043b\u044f\u0442\u043e\u0440. \u0428\u0438\u0440\u043e\u043a\u0438\u0439 \u0434\u0438\u0430\u043f\u0430\u0437\u043e\u043d \u0442\u0435\u043c\u043f\u0435\u0440\u0430\u0442\u0443\u0440.","breadcrumb":{"@id":"https:\/\/heatex.ee\/ru\/toode\/bimetallicheskie-termostaty\/#breadcrumb"},"inLanguage":"ru-RU","potentialAction":[{"@type":"ReadAction","target":["https:\/\/heatex.ee\/ru\/toode\/bimetallicheskie-termostaty\/"]}]},{"@type":"ImageObject","inLanguage":"ru-RU","@id":"https:\/\/heatex.ee\/ru\/toode\/bimetallicheskie-termostaty\/#primaryimage","url":"https:\/\/heatex.ee\/wp-content\/uploads\/2025\/03\/Bimetall-termostaat.jpg","contentUrl":"https:\/\/heatex.ee\/wp-content\/uploads\/2025\/03\/Bimetall-termostaat.jpg","width":640,"height":495},{"@type":"BreadcrumbList","@id":"https:\/\/heatex.ee\/ru\/toode\/bimetallicheskie-termostaty\/#breadcrumb","itemListElement":[{"@type":"ListItem","position":1,"name":"Home","item":"https:\/\/heatex.ee\/ru\/"},{"@type":"ListItem","position":2,"name":"\u041c\u0430\u0433\u0430\u0437\u0438\u043d","item":"https:\/\/heatex.ee\/ru\/magazin\/"},{"@type":"ListItem","position":3,"name":"\u0411\u0438\u043c\u0435\u0442\u0430\u043b\u043b\u0438\u0447\u0435\u0441\u043a\u0438\u0435 \u0442\u0435\u0440\u043c\u043e\u0441\u0442\u0430\u0442\u044b"}]},{"@type":"WebSite","@id":"https:\/\/heatex.ee\/ru\/#website","url":"https:\/\/heatex.ee\/ru\/","name":"Heatex.ee k\u00fctteseadmed","description":"\u0418\u043c\u043f\u043e\u0440\u0442\u0435\u0440 \u044d\u043b\u0435\u043a\u0442\u0440\u0438\u0447\u0435\u0441\u043a\u0438\u0445 \u043e\u0431\u043e\u0433\u0440\u0435\u0432\u0430\u0442\u0435\u043b\u0435\u0439 \u0432 \u042d\u0441\u0442\u043e\u043d\u0438\u0438","publisher":{"@id":"https:\/\/heatex.ee\/ru\/#organization"},"alternateName":"T\u00f6\u00f6tstuslikud Elektroonilised K\u00fctteseadmed","potentialAction":[{"@type":"SearchAction","target":{"@type":"EntryPoint","urlTemplate":"https:\/\/heatex.ee\/ru\/?s={search_term_string}"},"query-input":{"@type":"PropertyValueSpecification","valueRequired":true,"valueName":"search_term_string"}}],"inLanguage":"ru-RU"},{"@type":"Organization","@id":"https:\/\/heatex.ee\/ru\/#organization","name":"Heatex.ee k\u00fctteseadmed","alternateName":"T\u00f6\u00f6tstuslikud Elektroonilised K\u00fctteseadmed","url":"https:\/\/heatex.ee\/ru\/","logo":{"@type":"ImageObject","inLanguage":"ru-RU","@id":"https:\/\/heatex.ee\/ru\/#\/schema\/logo\/image\/","url":"https:\/\/heatex.ee\/wp-content\/uploads\/2025\/03\/cropped-Heatex-Logo-2.png","contentUrl":"https:\/\/heatex.ee\/wp-content\/uploads\/2025\/03\/cropped-Heatex-Logo-2.png","width":800,"height":228,"caption":"Heatex.ee k\u00fctteseadmed"},"image":{"@id":"https:\/\/heatex.ee\/ru\/#\/schema\/logo\/image\/"}}]}},"_links":{"self":[{"href":"https:\/\/heatex.ee\/ru\/wp-json\/wp\/v2\/product\/6971","targetHints":{"allow":["GET"]}}],"collection":[{"href":"https:\/\/heatex.ee\/ru\/wp-json\/wp\/v2\/product"}],"about":[{"href":"https:\/\/heatex.ee\/ru\/wp-json\/wp\/v2\/types\/product"}],"replies":[{"embeddable":true,"href":"https:\/\/heatex.ee\/ru\/wp-json\/wp\/v2\/comments?post=6971"}],"wp:featuredmedia":[{"embeddable":true,"href":"https:\/\/heatex.ee\/ru\/wp-json\/wp\/v2\/media\/6683"}],"wp:attachment":[{"href":"https:\/\/heatex.ee\/ru\/wp-json\/wp\/v2\/media?parent=6971"}],"wp:term":[{"taxonomy":"product_brand","embeddable":true,"href":"https:\/\/heatex.ee\/ru\/wp-json\/wp\/v2\/product_brand?post=6971"},{"taxonomy":"product_cat","embeddable":true,"href":"https:\/\/heatex.ee\/ru\/wp-json\/wp\/v2\/product_cat?post=6971"},{"taxonomy":"product_tag","embeddable":true,"href":"https:\/\/heatex.ee\/ru\/wp-json\/wp\/v2\/product_tag?post=6971"}],"curies":[{"name":"wp","href":"https:\/\/api.w.org\/{rel}","templated":true}]}}