{"id":10046,"date":"2025-10-01T12:11:36","date_gmt":"2025-10-01T09:11:36","guid":{"rendered":"https:\/\/heatex.ee\/?post_type=product&#038;p=10046"},"modified":"2025-12-19T10:18:55","modified_gmt":"2025-12-19T08:18:55","slug":"kvartslambid","status":"publish","type":"product","link":"https:\/\/heatex.ee\/ru\/toode\/kvartslambid\/","title":{"rendered":"Kvartslambid"},"content":{"rendered":"<p>K\u00f5rge intensiivsusega kvartslambid tagavad l\u00fchilainelised kvartshalogeen- ja keskmise lainega kvarts-volframgaasi k\u00f5rgeima temperatuuri, mis on vajalik mis tahes kiire protsessi jaoks, sealhulgas autot\u00f6\u00f6stuses v\u00e4rvi k\u00f5venemisel ja isegi \u00e4\u00e4rmusliku kuumuse katsetamisel.<\/p>\n<p>Need kiire reaktsiooniga v\u00f5imsad elemendid soojenevad sekunditega ning sisendv\u00f5imsus muundatakse kohe t\u00f5husaks kiirgussoojuseks.\u00a0Nende t\u00e4ppisjuhitav v\u00e4ljund sobib eriti h\u00e4sti plastide vormimiseks ja k\u00f5vendamiseks ning l\u00fchikese ts\u00fckliajaga suundk\u00fcttes\u00fcsteemide jaoks.<\/p>\n<p>Kvartsvolframi ja kvartshalogeeni elementide t\u00e4ielik valik on CE-sertifikaadiga t\u00e4ieliku kvaliteedi tagamise ja vastavuse tagamiseks.<\/p>\n<p>Kvartslambid on saadaval l\u00fchikestes, keskmistes ja suurtes suurustes. Need infrapuna kiirgurid t\u00f6\u00f6tavad temperatuuril kuni +1500 \u00b0C. Kiirgurite maksimaalne lainepikkus on umbes 1,6 mikronit, maksimaalse v\u00e4ljundv\u00f5imsusega 2000W juures.<\/p>\n<p>Kvartslamp on varustatud \u00fchendusklemmidega R7. Kvartslambi m\u00f5lemas otsas asuvad R7-klemmid, neid kasutatakse k\u00fctteseadmesse kinnitamiseks ja 240V elektri\u00fchenduse tagamiseks. Kvarstlampide infrapuna elementide jaoks on olemas ka eraldi reflektorid.<\/p>\n<p><a href=\"https:\/\/vana.heatex.ee\/wp-content\/uploads\/2023\/02\/Kvartslambid.jpg\" data-caption=\"\"><img fetchpriority=\"high\" decoding=\"async\" class=\"alignnone size-full wp-image-20761\" src=\"https:\/\/vana.heatex.ee\/wp-content\/uploads\/2023\/02\/Kvartslambid.jpg\" sizes=\"(max-width: 1053px) 100vw, 1053px\" srcset=\"https:\/\/vana.heatex.ee\/wp-content\/uploads\/2023\/02\/Kvartslambid-200x75.jpg 200w, https:\/\/vana.heatex.ee\/wp-content\/uploads\/2023\/02\/Kvartslambid-300x112.jpg 300w, https:\/\/vana.heatex.ee\/wp-content\/uploads\/2023\/02\/Kvartslambid-400x150.jpg 400w, https:\/\/vana.heatex.ee\/wp-content\/uploads\/2023\/02\/Kvartslambid-500x187.jpg 500w, https:\/\/vana.heatex.ee\/wp-content\/uploads\/2023\/02\/Kvartslambid-600x225.jpg 600w, https:\/\/vana.heatex.ee\/wp-content\/uploads\/2023\/02\/Kvartslambid-768x287.jpg 768w, https:\/\/vana.heatex.ee\/wp-content\/uploads\/2023\/02\/Kvartslambid-800x299.jpg 800w, https:\/\/vana.heatex.ee\/wp-content\/uploads\/2023\/02\/Kvartslambid-1024x383.jpg 1024w, https:\/\/vana.heatex.ee\/wp-content\/uploads\/2023\/02\/Kvartslambid.jpg 1053w\" alt=\"\" width=\"1053\" height=\"394\" \/><\/a><\/p>\n<table width=\"1047\">\n<tbody>\n<tr>\n<td width=\"257\"><strong>QUARTZ TUNGSTEN<\/strong><\/td>\n<td width=\"151\"><strong>M\u00d5\u00d5T<\/strong><\/td>\n<td width=\"183\"><strong>V\u00d5IMSUS<\/strong><\/td>\n<\/tr>\n<tr>\n<td>QTS Quartz Tungsten Short<\/td>\n<td>\u00d810 x 224 mm<\/td>\n<td>750W<\/td>\n<\/tr>\n<tr>\n<td>QTM Quartz Tungsten Medium<\/td>\n<td>\u00d810 x 277 mm<\/td>\n<td>1000W<\/td>\n<\/tr>\n<tr>\n<td>QTL Quartz Tungsten Long<\/td>\n<td>\u00d810 x 473 mm<\/td>\n<td>1500W 1750W 2000W<\/td>\n<\/tr>\n<tr>\n<td><\/td>\n<td><\/td>\n<td><\/td>\n<\/tr>\n<tr>\n<td><strong>QUARTZ HALOGEN<\/strong><\/td>\n<td><strong>M\u00d5\u00d5T<\/strong><\/td>\n<td><strong>V\u00d5IMSUS<\/strong><\/td>\n<\/tr>\n<tr>\n<td>QHS Quartz Halogen Short<\/td>\n<td>\u00d810 x 224 mm<\/td>\n<td>750W<\/td>\n<\/tr>\n<tr>\n<td>QHM Quartz Halogen Medium<\/td>\n<td>\u00d810 x 277 mm<\/td>\n<td>1000W<\/td>\n<\/tr>\n<tr>\n<td>QHL Quartz Halogen Long<\/td>\n<td>\u00d810 x 473 mm<\/td>\n<td>1500W 1750W 2000W<\/td>\n<\/tr>\n<\/tbody>\n<\/table>\n<h2 class=\"fusion-responsive-typography-calculated\" data-fontsize=\"26\" data-lineheight=\"39px\"><strong>Kvartsist erikujulise toruga kvartslambid<\/strong><\/h2>\n<p>\u00dche- ja kahetorusoojenditega samal temperatuuril toimivad\u00a0 infrapuna-volframi- ja kvartshalogeentorusoojendid pakuvad \u00fchtlast soojust k\u00f5verate v\u00f5i ebakorrap\u00e4rase kujuga materjalide jaoks.<\/p>\n<p>Need t\u00e4ppiselemendid sobivad materjalidele, mida ei saa tavalise lineaarse k\u00fctteelemendiga soojendada.\u00a0Kasutades unikaalset k\u00fcttekeha geomeetriat, mis sobib detaili v\u00f5i materjali profiiliga, tagab see \u00fchtlase kuumuse igas kohas.<\/p>\n<p>Iga k\u00fcttekeha kiirgab infrapunasoojust 360\u00b0 ulatuses, kuid kohandatud kujuga k\u00fcttekehad on saadaval keraamilise v\u00f5i kuldse peegeldava kattega.\u00a0Pinnast 180\u00b0 kattev kate peegeldab soojust ebakorrap\u00e4rase kujuga materjalidele k\u00f5ikjal, kus seda vajatakse, andes suurep\u00e4raseid tulemusi kohtades, kus tavalist reflektorit on raske paigaldada.<\/p>\n<p>Kiire reageeringuga ja ekstrat\u00f5husa soojusega\u00a0 protsesside jaoks on kvartslambid saadaval mitmesugustes mittestandardsetes suurustes, v\u00e4ljundv\u00f5imsustes, pingetega ja l\u00f5ppt\u00fc\u00fcpides. Torud valmistatakse vastavalt kliendi spetsifikatsioonidele.<\/p>\n<p><a href=\"https:\/\/vana.heatex.ee\/wp-content\/uploads\/2023\/02\/Erikujuline-kvartspirn.jpg\" data-caption=\"\"><img decoding=\"async\" class=\"alignnone size-full wp-image-20762\" src=\"https:\/\/vana.heatex.ee\/wp-content\/uploads\/2023\/02\/Erikujuline-kvartspirn.jpg\" sizes=\"(max-width: 1440px) 100vw, 1440px\" srcset=\"https:\/\/vana.heatex.ee\/wp-content\/uploads\/2023\/02\/Erikujuline-kvartspirn-200x92.jpg 200w, https:\/\/vana.heatex.ee\/wp-content\/uploads\/2023\/02\/Erikujuline-kvartspirn-300x138.jpg 300w, https:\/\/vana.heatex.ee\/wp-content\/uploads\/2023\/02\/Erikujuline-kvartspirn-400x184.jpg 400w, https:\/\/vana.heatex.ee\/wp-content\/uploads\/2023\/02\/Erikujuline-kvartspirn-500x231.jpg 500w, https:\/\/vana.heatex.ee\/wp-content\/uploads\/2023\/02\/Erikujuline-kvartspirn-600x277.jpg 600w, https:\/\/vana.heatex.ee\/wp-content\/uploads\/2023\/02\/Erikujuline-kvartspirn-768x354.jpg 768w, https:\/\/vana.heatex.ee\/wp-content\/uploads\/2023\/02\/Erikujuline-kvartspirn-800x369.jpg 800w, https:\/\/vana.heatex.ee\/wp-content\/uploads\/2023\/02\/Erikujuline-kvartspirn-1024x472.jpg 1024w, https:\/\/vana.heatex.ee\/wp-content\/uploads\/2023\/02\/Erikujuline-kvartspirn-1200x553.jpg 1200w, https:\/\/vana.heatex.ee\/wp-content\/uploads\/2023\/02\/Erikujuline-kvartspirn.jpg 1440w\" alt=\"\" width=\"1440\" height=\"664\" \/><\/a><\/p>\n<h2 class=\"fusion-responsive-typography-calculated\" data-fontsize=\"26\" data-lineheight=\"39px\">Torujas kvarstlamp<\/h2>\n<p><a href=\"https:\/\/vana.heatex.ee\/wp-content\/uploads\/2023\/02\/Ruudukujuline-kvarslamp.jpg\" data-caption=\"\"><img decoding=\"async\" class=\"alignnone wp-image-20763 size-full\" src=\"https:\/\/vana.heatex.ee\/wp-content\/uploads\/2023\/02\/Ruudukujuline-kvarslamp.jpg\" sizes=\"(max-width: 1526px) 100vw, 1526px\" srcset=\"https:\/\/vana.heatex.ee\/wp-content\/uploads\/2023\/02\/Ruudukujuline-kvarslamp-200x75.jpg 200w, https:\/\/vana.heatex.ee\/wp-content\/uploads\/2023\/02\/Ruudukujuline-kvarslamp-300x113.jpg 300w, https:\/\/vana.heatex.ee\/wp-content\/uploads\/2023\/02\/Ruudukujuline-kvarslamp-400x151.jpg 400w, https:\/\/vana.heatex.ee\/wp-content\/uploads\/2023\/02\/Ruudukujuline-kvarslamp-500x189.jpg 500w, https:\/\/vana.heatex.ee\/wp-content\/uploads\/2023\/02\/Ruudukujuline-kvarslamp-600x226.jpg 600w, https:\/\/vana.heatex.ee\/wp-content\/uploads\/2023\/02\/Ruudukujuline-kvarslamp-768x290.jpg 768w, https:\/\/vana.heatex.ee\/wp-content\/uploads\/2023\/02\/Ruudukujuline-kvarslamp-800x302.jpg 800w, https:\/\/vana.heatex.ee\/wp-content\/uploads\/2023\/02\/Ruudukujuline-kvarslamp-1024x387.jpg 1024w, https:\/\/vana.heatex.ee\/wp-content\/uploads\/2023\/02\/Ruudukujuline-kvarslamp-1200x453.jpg 1200w, https:\/\/vana.heatex.ee\/wp-content\/uploads\/2023\/02\/Ruudukujuline-kvarslamp.jpg 1526w\" alt=\"Kvartslamp\" width=\"1526\" height=\"576\" \/><\/a><\/p>\n<table width=\"1301\">\n<tbody>\n<tr>\n<td width=\"257\"><strong>STQH Single Tube Quartz Heater<\/strong><\/td>\n<td width=\"151\"><strong>M\u00d5\u00d5T<\/strong><\/td>\n<td width=\"183\"><strong>V\u00d5IMSUS<\/strong><\/td>\n<\/tr>\n<tr>\n<td>STQH100<\/td>\n<td>100 x 100 mm<\/td>\n<td>250W 400W<\/td>\n<\/tr>\n<tr>\n<td>STQH112<\/td>\n<td>112 x 112 mm<\/td>\n<td>250W 400W<\/td>\n<\/tr>\n<tr>\n<td>STQH140<\/td>\n<td>140 x 140 mm<\/td>\n<td>400W 500W<\/td>\n<\/tr>\n<tr>\n<td>STQH150<\/td>\n<td>150 x 150 mm<\/td>\n<td>400W 500W<\/td>\n<\/tr>\n<\/tbody>\n<\/table>\n","protected":false},"excerpt":{"rendered":"<p>K\u00f5rge intensiivsusega kvartslambid tagavad l\u00fchilainelised kvartshalogeen- ja keskmise lainega kvarts-volframgaasi k\u00f5rgeima temperatuuri, mis on vajalik mis tahes kiire protsessi jaoks, sealhulgas autot\u00f6\u00f6stuses v\u00e4rvi k\u00f5venemisel ja isegi \u00e4\u00e4rmusliku kuumuse katsetamisel. Need kiire reaktsiooniga v\u00f5imsad elemendid soojenevad sekunditega ning sisendv\u00f5imsus muundatakse kohe t\u00f5husaks kiirgussoojuseks.\u00a0Nende t\u00e4ppisjuhitav v\u00e4ljund sobib eriti h\u00e4sti plastide vormimiseks ja k\u00f5vendamiseks ning l\u00fchikese ts\u00fckliajaga suundk\u00fcttes\u00fcsteemide [&hellip;]<\/p>\n","protected":false},"featured_media":10047,"comment_status":"closed","ping_status":"closed","template":"","meta":{"_acf_changed":false},"product_brand":[],"product_cat":[169],"product_tag":[],"class_list":{"0":"post-10046","1":"product","2":"type-product","3":"status-publish","4":"has-post-thumbnail","6":"product_cat-kutteelemendid","8":"first","9":"instock","10":"taxable","11":"shipping-taxable","12":"product-type-simple"},"acf":[],"yoast_head":"<!-- This site is optimized with the Yoast SEO plugin v27.5 - https:\/\/yoast.com\/product\/yoast-seo-wordpress\/ -->\n<title>Kvartslambid - Heatex.ee k\u00fctteseadmed<\/title>\n<meta name=\"description\" content=\"Kvartslambid on saadaval l\u00fchikestes, keskmistes ja suurtes suurustes. Need infrapuna kiirgurid t\u00f6\u00f6tavad temperatuuril kuni +1500 \u00b0C.\" \/>\n<meta name=\"robots\" content=\"index, follow, max-snippet:-1, max-image-preview:large, max-video-preview:-1\" \/>\n<link rel=\"canonical\" href=\"https:\/\/heatex.ee\/ru\/toode\/kvartslambid\/\" \/>\n<meta property=\"og:locale\" content=\"ru_RU\" \/>\n<meta property=\"og:type\" content=\"article\" \/>\n<meta property=\"og:title\" content=\"Kvartslambid - Heatex.ee k\u00fctteseadmed\" \/>\n<meta property=\"og:description\" content=\"Kvartslambid on saadaval l\u00fchikestes, keskmistes ja suurtes suurustes. Need infrapuna kiirgurid t\u00f6\u00f6tavad temperatuuril kuni +1500 \u00b0C.\" \/>\n<meta property=\"og:url\" content=\"https:\/\/heatex.ee\/ru\/toode\/kvartslambid\/\" \/>\n<meta property=\"og:site_name\" content=\"Heatex.ee k\u00fctteseadmed\" \/>\n<meta property=\"article:modified_time\" content=\"2025-12-19T08:18:55+00:00\" \/>\n<meta property=\"og:image\" content=\"https:\/\/heatex.ee\/wp-content\/uploads\/2025\/10\/kvarspirn-suur.jpg\" \/>\n\t<meta property=\"og:image:width\" content=\"670\" \/>\n\t<meta property=\"og:image:height\" content=\"586\" \/>\n\t<meta property=\"og:image:type\" content=\"image\/jpeg\" \/>\n<meta name=\"twitter:card\" content=\"summary_large_image\" \/>\n<meta name=\"twitter:label1\" content=\"\u041f\u0440\u0438\u043c\u0435\u0440\u043d\u043e\u0435 \u0432\u0440\u0435\u043c\u044f \u0434\u043b\u044f \u0447\u0442\u0435\u043d\u0438\u044f\" \/>\n\t<meta name=\"twitter:data1\" content=\"3 \u043c\u0438\u043d\u0443\u0442\u044b\" \/>\n<script type=\"application\/ld+json\" class=\"yoast-schema-graph\">{\"@context\":\"https:\\\/\\\/schema.org\",\"@graph\":[{\"@type\":\"WebPage\",\"@id\":\"https:\\\/\\\/heatex.ee\\\/ru\\\/toode\\\/kvartslambid\\\/\",\"url\":\"https:\\\/\\\/heatex.ee\\\/ru\\\/toode\\\/kvartslambid\\\/\",\"name\":\"Kvartslambid - Heatex.ee k\u00fctteseadmed\",\"isPartOf\":{\"@id\":\"https:\\\/\\\/heatex.ee\\\/ru\\\/#website\"},\"primaryImageOfPage\":{\"@id\":\"https:\\\/\\\/heatex.ee\\\/ru\\\/toode\\\/kvartslambid\\\/#primaryimage\"},\"image\":{\"@id\":\"https:\\\/\\\/heatex.ee\\\/ru\\\/toode\\\/kvartslambid\\\/#primaryimage\"},\"thumbnailUrl\":\"https:\\\/\\\/heatex.ee\\\/wp-content\\\/uploads\\\/2025\\\/10\\\/kvarspirn-suur.jpg\",\"datePublished\":\"2025-10-01T09:11:36+00:00\",\"dateModified\":\"2025-12-19T08:18:55+00:00\",\"description\":\"Kvartslambid on saadaval l\u00fchikestes, keskmistes ja suurtes suurustes. Need infrapuna kiirgurid t\u00f6\u00f6tavad temperatuuril kuni +1500 \u00b0C.\",\"breadcrumb\":{\"@id\":\"https:\\\/\\\/heatex.ee\\\/ru\\\/toode\\\/kvartslambid\\\/#breadcrumb\"},\"inLanguage\":\"ru-RU\",\"potentialAction\":[{\"@type\":\"ReadAction\",\"target\":[\"https:\\\/\\\/heatex.ee\\\/ru\\\/toode\\\/kvartslambid\\\/\"]}]},{\"@type\":\"ImageObject\",\"inLanguage\":\"ru-RU\",\"@id\":\"https:\\\/\\\/heatex.ee\\\/ru\\\/toode\\\/kvartslambid\\\/#primaryimage\",\"url\":\"https:\\\/\\\/heatex.ee\\\/wp-content\\\/uploads\\\/2025\\\/10\\\/kvarspirn-suur.jpg\",\"contentUrl\":\"https:\\\/\\\/heatex.ee\\\/wp-content\\\/uploads\\\/2025\\\/10\\\/kvarspirn-suur.jpg\",\"width\":670,\"height\":586},{\"@type\":\"BreadcrumbList\",\"@id\":\"https:\\\/\\\/heatex.ee\\\/ru\\\/toode\\\/kvartslambid\\\/#breadcrumb\",\"itemListElement\":[{\"@type\":\"ListItem\",\"position\":1,\"name\":\"Home\",\"item\":\"https:\\\/\\\/heatex.ee\\\/ru\\\/\"},{\"@type\":\"ListItem\",\"position\":2,\"name\":\"\u041c\u0430\u0433\u0430\u0437\u0438\u043d\",\"item\":\"https:\\\/\\\/heatex.ee\\\/ru\\\/magazin\\\/\"},{\"@type\":\"ListItem\",\"position\":3,\"name\":\"Kvartslambid\"}]},{\"@type\":\"WebSite\",\"@id\":\"https:\\\/\\\/heatex.ee\\\/ru\\\/#website\",\"url\":\"https:\\\/\\\/heatex.ee\\\/ru\\\/\",\"name\":\"Heatex.ee k\u00fctteseadmed\",\"description\":\"\u0418\u043c\u043f\u043e\u0440\u0442\u0435\u0440 \u044d\u043b\u0435\u043a\u0442\u0440\u0438\u0447\u0435\u0441\u043a\u0438\u0445 \u043e\u0431\u043e\u0433\u0440\u0435\u0432\u0430\u0442\u0435\u043b\u0435\u0439 \u0432 \u042d\u0441\u0442\u043e\u043d\u0438\u0438\",\"publisher\":{\"@id\":\"https:\\\/\\\/heatex.ee\\\/ru\\\/#organization\"},\"alternateName\":\"T\u00f6\u00f6tstuslikud Elektroonilised K\u00fctteseadmed\",\"potentialAction\":[{\"@type\":\"SearchAction\",\"target\":{\"@type\":\"EntryPoint\",\"urlTemplate\":\"https:\\\/\\\/heatex.ee\\\/ru\\\/?s={search_term_string}\"},\"query-input\":{\"@type\":\"PropertyValueSpecification\",\"valueRequired\":true,\"valueName\":\"search_term_string\"}}],\"inLanguage\":\"ru-RU\"},{\"@type\":\"Organization\",\"@id\":\"https:\\\/\\\/heatex.ee\\\/ru\\\/#organization\",\"name\":\"Heatex.ee k\u00fctteseadmed\",\"alternateName\":\"T\u00f6\u00f6tstuslikud Elektroonilised K\u00fctteseadmed\",\"url\":\"https:\\\/\\\/heatex.ee\\\/ru\\\/\",\"logo\":{\"@type\":\"ImageObject\",\"inLanguage\":\"ru-RU\",\"@id\":\"https:\\\/\\\/heatex.ee\\\/ru\\\/#\\\/schema\\\/logo\\\/image\\\/\",\"url\":\"https:\\\/\\\/heatex.ee\\\/wp-content\\\/uploads\\\/2025\\\/03\\\/cropped-Heatex-Logo-2.png\",\"contentUrl\":\"https:\\\/\\\/heatex.ee\\\/wp-content\\\/uploads\\\/2025\\\/03\\\/cropped-Heatex-Logo-2.png\",\"width\":800,\"height\":228,\"caption\":\"Heatex.ee k\u00fctteseadmed\"},\"image\":{\"@id\":\"https:\\\/\\\/heatex.ee\\\/ru\\\/#\\\/schema\\\/logo\\\/image\\\/\"}}]}<\/script>\n<!-- \/ Yoast SEO plugin. -->","yoast_head_json":{"title":"Kvartslambid - Heatex.ee k\u00fctteseadmed","description":"Kvartslambid on saadaval l\u00fchikestes, keskmistes ja suurtes suurustes. Need infrapuna kiirgurid t\u00f6\u00f6tavad temperatuuril kuni +1500 \u00b0C.","robots":{"index":"index","follow":"follow","max-snippet":"max-snippet:-1","max-image-preview":"max-image-preview:large","max-video-preview":"max-video-preview:-1"},"canonical":"https:\/\/heatex.ee\/ru\/toode\/kvartslambid\/","og_locale":"ru_RU","og_type":"article","og_title":"Kvartslambid - Heatex.ee k\u00fctteseadmed","og_description":"Kvartslambid on saadaval l\u00fchikestes, keskmistes ja suurtes suurustes. Need infrapuna kiirgurid t\u00f6\u00f6tavad temperatuuril kuni +1500 \u00b0C.","og_url":"https:\/\/heatex.ee\/ru\/toode\/kvartslambid\/","og_site_name":"Heatex.ee k\u00fctteseadmed","article_modified_time":"2025-12-19T08:18:55+00:00","og_image":[{"width":670,"height":586,"url":"https:\/\/heatex.ee\/wp-content\/uploads\/2025\/10\/kvarspirn-suur.jpg","type":"image\/jpeg"}],"twitter_card":"summary_large_image","twitter_misc":{"\u041f\u0440\u0438\u043c\u0435\u0440\u043d\u043e\u0435 \u0432\u0440\u0435\u043c\u044f \u0434\u043b\u044f \u0447\u0442\u0435\u043d\u0438\u044f":"3 \u043c\u0438\u043d\u0443\u0442\u044b"},"schema":{"@context":"https:\/\/schema.org","@graph":[{"@type":"WebPage","@id":"https:\/\/heatex.ee\/ru\/toode\/kvartslambid\/","url":"https:\/\/heatex.ee\/ru\/toode\/kvartslambid\/","name":"Kvartslambid - Heatex.ee k\u00fctteseadmed","isPartOf":{"@id":"https:\/\/heatex.ee\/ru\/#website"},"primaryImageOfPage":{"@id":"https:\/\/heatex.ee\/ru\/toode\/kvartslambid\/#primaryimage"},"image":{"@id":"https:\/\/heatex.ee\/ru\/toode\/kvartslambid\/#primaryimage"},"thumbnailUrl":"https:\/\/heatex.ee\/wp-content\/uploads\/2025\/10\/kvarspirn-suur.jpg","datePublished":"2025-10-01T09:11:36+00:00","dateModified":"2025-12-19T08:18:55+00:00","description":"Kvartslambid on saadaval l\u00fchikestes, keskmistes ja suurtes suurustes. Need infrapuna kiirgurid t\u00f6\u00f6tavad temperatuuril kuni +1500 \u00b0C.","breadcrumb":{"@id":"https:\/\/heatex.ee\/ru\/toode\/kvartslambid\/#breadcrumb"},"inLanguage":"ru-RU","potentialAction":[{"@type":"ReadAction","target":["https:\/\/heatex.ee\/ru\/toode\/kvartslambid\/"]}]},{"@type":"ImageObject","inLanguage":"ru-RU","@id":"https:\/\/heatex.ee\/ru\/toode\/kvartslambid\/#primaryimage","url":"https:\/\/heatex.ee\/wp-content\/uploads\/2025\/10\/kvarspirn-suur.jpg","contentUrl":"https:\/\/heatex.ee\/wp-content\/uploads\/2025\/10\/kvarspirn-suur.jpg","width":670,"height":586},{"@type":"BreadcrumbList","@id":"https:\/\/heatex.ee\/ru\/toode\/kvartslambid\/#breadcrumb","itemListElement":[{"@type":"ListItem","position":1,"name":"Home","item":"https:\/\/heatex.ee\/ru\/"},{"@type":"ListItem","position":2,"name":"\u041c\u0430\u0433\u0430\u0437\u0438\u043d","item":"https:\/\/heatex.ee\/ru\/magazin\/"},{"@type":"ListItem","position":3,"name":"Kvartslambid"}]},{"@type":"WebSite","@id":"https:\/\/heatex.ee\/ru\/#website","url":"https:\/\/heatex.ee\/ru\/","name":"Heatex.ee k\u00fctteseadmed","description":"\u0418\u043c\u043f\u043e\u0440\u0442\u0435\u0440 \u044d\u043b\u0435\u043a\u0442\u0440\u0438\u0447\u0435\u0441\u043a\u0438\u0445 \u043e\u0431\u043e\u0433\u0440\u0435\u0432\u0430\u0442\u0435\u043b\u0435\u0439 \u0432 \u042d\u0441\u0442\u043e\u043d\u0438\u0438","publisher":{"@id":"https:\/\/heatex.ee\/ru\/#organization"},"alternateName":"T\u00f6\u00f6tstuslikud Elektroonilised K\u00fctteseadmed","potentialAction":[{"@type":"SearchAction","target":{"@type":"EntryPoint","urlTemplate":"https:\/\/heatex.ee\/ru\/?s={search_term_string}"},"query-input":{"@type":"PropertyValueSpecification","valueRequired":true,"valueName":"search_term_string"}}],"inLanguage":"ru-RU"},{"@type":"Organization","@id":"https:\/\/heatex.ee\/ru\/#organization","name":"Heatex.ee k\u00fctteseadmed","alternateName":"T\u00f6\u00f6tstuslikud Elektroonilised K\u00fctteseadmed","url":"https:\/\/heatex.ee\/ru\/","logo":{"@type":"ImageObject","inLanguage":"ru-RU","@id":"https:\/\/heatex.ee\/ru\/#\/schema\/logo\/image\/","url":"https:\/\/heatex.ee\/wp-content\/uploads\/2025\/03\/cropped-Heatex-Logo-2.png","contentUrl":"https:\/\/heatex.ee\/wp-content\/uploads\/2025\/03\/cropped-Heatex-Logo-2.png","width":800,"height":228,"caption":"Heatex.ee k\u00fctteseadmed"},"image":{"@id":"https:\/\/heatex.ee\/ru\/#\/schema\/logo\/image\/"}}]}},"_links":{"self":[{"href":"https:\/\/heatex.ee\/ru\/wp-json\/wp\/v2\/product\/10046","targetHints":{"allow":["GET"]}}],"collection":[{"href":"https:\/\/heatex.ee\/ru\/wp-json\/wp\/v2\/product"}],"about":[{"href":"https:\/\/heatex.ee\/ru\/wp-json\/wp\/v2\/types\/product"}],"replies":[{"embeddable":true,"href":"https:\/\/heatex.ee\/ru\/wp-json\/wp\/v2\/comments?post=10046"}],"wp:featuredmedia":[{"embeddable":true,"href":"https:\/\/heatex.ee\/ru\/wp-json\/wp\/v2\/media\/10047"}],"wp:attachment":[{"href":"https:\/\/heatex.ee\/ru\/wp-json\/wp\/v2\/media?parent=10046"}],"wp:term":[{"taxonomy":"product_brand","embeddable":true,"href":"https:\/\/heatex.ee\/ru\/wp-json\/wp\/v2\/product_brand?post=10046"},{"taxonomy":"product_cat","embeddable":true,"href":"https:\/\/heatex.ee\/ru\/wp-json\/wp\/v2\/product_cat?post=10046"},{"taxonomy":"product_tag","embeddable":true,"href":"https:\/\/heatex.ee\/ru\/wp-json\/wp\/v2\/product_tag?post=10046"}],"curies":[{"name":"wp","href":"https:\/\/api.w.org\/{rel}","templated":true}]}}