{"id":10036,"date":"2025-10-01T12:10:02","date_gmt":"2025-10-01T09:10:02","guid":{"rendered":"https:\/\/heatex.ee\/?post_type=product&#038;p=10036"},"modified":"2025-12-19T10:12:05","modified_gmt":"2025-12-19T08:12:05","slug":"keraamiline-kuttekeha","status":"publish","type":"product","link":"https:\/\/heatex.ee\/ru\/toode\/keraamiline-kuttekeha\/","title":{"rendered":"Keraamiline k\u00fcttekeha"},"content":{"rendered":"<p><strong>Keraamiline k\u00fcttekeha<\/strong>\u00a0on enimkasutatavad k\u00fcttekehad tootmises, mis vajavad kohest otsest kuumust.<\/p>\n<h2 class=\"fusion-responsive-typography-calculated\" data-fontsize=\"26\" data-lineheight=\"39px\">P\u00f5hilised kasutuskohad keraamilistel k\u00fcttekehadel on:<\/h2>\n<ul>\n<li>pakkimisseadmed<\/li>\n<li>l\u00f5\u00f5mutamine<\/li>\n<li>termovormimine<\/li>\n<li>v\u00e4rvi k\u00f5vendamine<\/li>\n<li>kuivatamine<\/li>\n<li>sulatamine<\/li>\n<\/ul>\n<p>Keraamilised k\u00fcttekehad eraldavad\u00a0 pikalainelist infrapunakiirgust, seet\u00f5ttu on nad ka eriti efektiivsed.<\/p>\n<p id=\"tw-target-text\" class=\"tw-data-text tw-text-large XcVN5d tw-ta\" dir=\"ltr\" data-placeholder=\"Translation\"><span lang=\"et\">Keraamiline infrapuna k\u00fcttekeha t\u00f6\u00f6tab temperatuuril kuni 750 \u00b0 C (1382 \u00b0 F), tekitades infrapuna lainepikkusi vahemikus 2-10 mikronit. Standardpinge on 230V ja standardv\u00f5imsus j\u00e4\u00e4b vahemikku 100W kuni 1500W.<\/span><\/p>\n<p dir=\"ltr\" data-placeholder=\"Translation\">Iga k\u00fcttekeha koosneb vastupidavast sulamist, mis on p\u00f5imitud vastupidavasse keraamilisesse vormi. Iga FFE, HFE ja QFE muundab oma sisendv\u00f5imsusest 96% soojuseks, tekitades t\u00f6\u00f6temperatuuri kuni +750C, maksimaalse v\u00e4ljundv\u00f5imsusega 1500W.<\/p>\n<p dir=\"ltr\" data-placeholder=\"Translation\">Lamedad keraamilised k\u00fcttekehad annavad \u00fchtlast soojuskiirgust, samas kaarja kujuga k\u00fcttekehad annavad rohkem kontsentreeritud soojuskiirgust, mis hajub kaugusega.<\/p>\n<p dir=\"ltr\" data-placeholder=\"Translation\">K\u00f5ik pikalainelised keraamilised k\u00fcttekehad on CE- m\u00e4rgistusega ja UL sertifikaadiga. K\u00fcttekehad on v\u00f5imalik varustada ka\u00a0<a href=\"https:\/\/en.wikipedia.org\/wiki\/Thermocouple\">termopaariga TC-J<\/a>, mis tagab mugava k\u00fcttekeha temperatuuri reguleerimise.<\/p>\n<p dir=\"ltr\" data-placeholder=\"Translation\">Vaata l\u00e4hemalt ka\u00a0<a href=\"https:\/\/vana.heatex.ee\/toode\/keraamilised-kuttekehad\/\">\u00fcmaraid keraamilisi k\u00fcttekehi<\/a>.<\/p>\n<h2 class=\"fusion-responsive-typography-calculated\" dir=\"ltr\" data-placeholder=\"Translation\" data-fontsize=\"26\" data-lineheight=\"39px\"><strong>Keraamiline k\u00fcttekeha tootevalik \u2013 LAMEDAD:<\/strong><\/h2>\n<table width=\"595\">\n<tbody>\n<tr>\n<td width=\"64\"><strong>T\u00fc\u00fcp<\/strong><\/td>\n<td width=\"96\"><strong>M\u00f5\u00f5t<\/strong><\/td>\n<td width=\"84\"><strong>Pinge<\/strong><\/td>\n<td width=\"351\"><strong>V\u00f5imsus (W)<\/strong><\/td>\n<\/tr>\n<tr>\n<td>FFE<\/td>\n<td>245x60mm<\/td>\n<td>230V<\/td>\n<td>150, 250, 300, 400, 500, 650, 750, 1000<\/td>\n<\/tr>\n<tr>\n<td>HFE<\/td>\n<td>122x60mm<\/td>\n<td>230V<\/td>\n<td>125, 150, 200, 250, 325, 500<\/td>\n<\/tr>\n<tr>\n<td>QFE<\/td>\n<td>60x60mm<\/td>\n<td>230V<\/td>\n<td>125, 200<\/td>\n<\/tr>\n<tr>\n<td>SFSE<\/td>\n<td>122X122mm<\/td>\n<td>230V<\/td>\n<td>150, 250, 300, 350, 400, 500, 650, 750<\/td>\n<\/tr>\n<tr>\n<td>LFFE<\/td>\n<td>245x95mm<\/td>\n<td>230V<\/td>\n<td>150, 750, 1400<\/td>\n<\/tr>\n<\/tbody>\n<\/table>\n<h2 class=\"fusion-responsive-typography-calculated\" data-fontsize=\"26\" data-lineheight=\"39px\"><strong>Keraamiline k\u00fcttekeha tootevalik \u2013 KAARJAD:<\/strong><\/h2>\n<table width=\"595\">\n<tbody>\n<tr>\n<td width=\"64\"><strong>T\u00fc\u00fcp<\/strong><\/td>\n<td width=\"96\"><strong>M\u00f5\u00f5t<\/strong><\/td>\n<td width=\"84\"><strong>Pinge<\/strong><\/td>\n<td width=\"351\"><strong>V\u00f5imsus (W)<\/strong><\/td>\n<\/tr>\n<tr>\n<td>FTE<\/td>\n<td>245x60mm<\/td>\n<td>230V<\/td>\n<td>150, 250, 300, 400, 500, 600, 650, 750, 800, 1000<\/td>\n<\/tr>\n<tr>\n<td>HTE<\/td>\n<td>122x60mm<\/td>\n<td>230V<\/td>\n<td>125, 150, 200, 250, 325, 400, 500<\/td>\n<\/tr>\n<tr>\n<td>QTE<\/td>\n<td>60x60mm<\/td>\n<td>230V<\/td>\n<td>125, 200<\/td>\n<\/tr>\n<tr>\n<td>QCE<\/td>\n<td>60x55mm<\/td>\n<td>230V<\/td>\n<td>150, 250<\/td>\n<\/tr>\n<tr>\n<td>LFTE<\/td>\n<td>245x110mm<\/td>\n<td>230V<\/td>\n<td>1000, 1200, 1300, 1400, 1500<\/td>\n<\/tr>\n<tr>\n<td>FTLE-LN<\/td>\n<td>285x60mm<\/td>\n<td>230V<\/td>\n<td>1000<\/td>\n<\/tr>\n<\/tbody>\n<\/table>\n","protected":false},"excerpt":{"rendered":"<div class=\"post-content woocommerce-product-details__short-description\">\n<p><span lang=\"et\">Keraamiline infrapuna k\u00fcttekeha t\u00f6\u00f6tab temperatuuril kuni 750 \u00b0 C (1382 \u00b0 F), tekitades infrapuna lainepikkusi vahemikus 2-10 mikronit. Standardpinge on 230V ja standardv\u00f5imsus j\u00e4\u00e4b vahemikku 100W kuni 1500W.<\/span><\/p>\n<\/div>\n","protected":false},"featured_media":10039,"comment_status":"closed","ping_status":"closed","template":"","meta":{"_acf_changed":false},"product_brand":[],"product_cat":[169],"product_tag":[],"class_list":{"0":"post-10036","1":"product","2":"type-product","3":"status-publish","4":"has-post-thumbnail","6":"product_cat-kutteelemendid","8":"first","9":"instock","10":"taxable","11":"shipping-taxable","12":"product-type-simple"},"acf":[],"yoast_head":"<!-- This site is optimized with the Yoast SEO plugin v27.5 - https:\/\/yoast.com\/product\/yoast-seo-wordpress\/ -->\n<title>Keraamiline k\u00fcttekeha - Heatex.ee k\u00fctteseadmed<\/title>\n<meta name=\"description\" content=\"Kvaliteetne keraamiline infrapuna k\u00fcttekeha eraldab pikalainelist infrapunakiirgust. Sulata, kuivata, k\u00f5venda v\u00e4rvi jpm. Uuri toodet l\u00e4hemalt!\" \/>\n<meta name=\"robots\" content=\"index, follow, max-snippet:-1, max-image-preview:large, max-video-preview:-1\" \/>\n<link rel=\"canonical\" href=\"https:\/\/heatex.ee\/ru\/toode\/keraamiline-kuttekeha\/\" \/>\n<meta property=\"og:locale\" content=\"ru_RU\" \/>\n<meta property=\"og:type\" content=\"article\" \/>\n<meta property=\"og:title\" content=\"Keraamiline k\u00fcttekeha - Heatex.ee k\u00fctteseadmed\" \/>\n<meta property=\"og:description\" content=\"Kvaliteetne keraamiline infrapuna k\u00fcttekeha eraldab pikalainelist infrapunakiirgust. Sulata, kuivata, k\u00f5venda v\u00e4rvi jpm. Uuri toodet l\u00e4hemalt!\" \/>\n<meta property=\"og:url\" content=\"https:\/\/heatex.ee\/ru\/toode\/keraamiline-kuttekeha\/\" \/>\n<meta property=\"og:site_name\" content=\"Heatex.ee k\u00fctteseadmed\" \/>\n<meta property=\"article:modified_time\" content=\"2025-12-19T08:12:05+00:00\" \/>\n<meta property=\"og:image\" content=\"https:\/\/heatex.ee\/wp-content\/uploads\/2025\/10\/ceramic_group_sp-1.jpg\" \/>\n\t<meta property=\"og:image:width\" content=\"2288\" \/>\n\t<meta property=\"og:image:height\" content=\"1716\" \/>\n\t<meta property=\"og:image:type\" content=\"image\/jpeg\" \/>\n<meta name=\"twitter:card\" content=\"summary_large_image\" \/>\n<meta name=\"twitter:label1\" content=\"\u041f\u0440\u0438\u043c\u0435\u0440\u043d\u043e\u0435 \u0432\u0440\u0435\u043c\u044f \u0434\u043b\u044f \u0447\u0442\u0435\u043d\u0438\u044f\" \/>\n\t<meta name=\"twitter:data1\" content=\"2 \u043c\u0438\u043d\u0443\u0442\u044b\" \/>\n<script type=\"application\/ld+json\" class=\"yoast-schema-graph\">{\"@context\":\"https:\\\/\\\/schema.org\",\"@graph\":[{\"@type\":\"WebPage\",\"@id\":\"https:\\\/\\\/heatex.ee\\\/ru\\\/toode\\\/keraamiline-kuttekeha\\\/\",\"url\":\"https:\\\/\\\/heatex.ee\\\/ru\\\/toode\\\/keraamiline-kuttekeha\\\/\",\"name\":\"Keraamiline k\u00fcttekeha - Heatex.ee k\u00fctteseadmed\",\"isPartOf\":{\"@id\":\"https:\\\/\\\/heatex.ee\\\/ru\\\/#website\"},\"primaryImageOfPage\":{\"@id\":\"https:\\\/\\\/heatex.ee\\\/ru\\\/toode\\\/keraamiline-kuttekeha\\\/#primaryimage\"},\"image\":{\"@id\":\"https:\\\/\\\/heatex.ee\\\/ru\\\/toode\\\/keraamiline-kuttekeha\\\/#primaryimage\"},\"thumbnailUrl\":\"https:\\\/\\\/heatex.ee\\\/wp-content\\\/uploads\\\/2025\\\/10\\\/ceramic_group_sp-1.jpg\",\"datePublished\":\"2025-10-01T09:10:02+00:00\",\"dateModified\":\"2025-12-19T08:12:05+00:00\",\"description\":\"Kvaliteetne keraamiline infrapuna k\u00fcttekeha eraldab pikalainelist infrapunakiirgust. Sulata, kuivata, k\u00f5venda v\u00e4rvi jpm. Uuri toodet l\u00e4hemalt!\",\"breadcrumb\":{\"@id\":\"https:\\\/\\\/heatex.ee\\\/ru\\\/toode\\\/keraamiline-kuttekeha\\\/#breadcrumb\"},\"inLanguage\":\"ru-RU\",\"potentialAction\":[{\"@type\":\"ReadAction\",\"target\":[\"https:\\\/\\\/heatex.ee\\\/ru\\\/toode\\\/keraamiline-kuttekeha\\\/\"]}]},{\"@type\":\"ImageObject\",\"inLanguage\":\"ru-RU\",\"@id\":\"https:\\\/\\\/heatex.ee\\\/ru\\\/toode\\\/keraamiline-kuttekeha\\\/#primaryimage\",\"url\":\"https:\\\/\\\/heatex.ee\\\/wp-content\\\/uploads\\\/2025\\\/10\\\/ceramic_group_sp-1.jpg\",\"contentUrl\":\"https:\\\/\\\/heatex.ee\\\/wp-content\\\/uploads\\\/2025\\\/10\\\/ceramic_group_sp-1.jpg\",\"width\":2288,\"height\":1716},{\"@type\":\"BreadcrumbList\",\"@id\":\"https:\\\/\\\/heatex.ee\\\/ru\\\/toode\\\/keraamiline-kuttekeha\\\/#breadcrumb\",\"itemListElement\":[{\"@type\":\"ListItem\",\"position\":1,\"name\":\"Home\",\"item\":\"https:\\\/\\\/heatex.ee\\\/ru\\\/\"},{\"@type\":\"ListItem\",\"position\":2,\"name\":\"\u041c\u0430\u0433\u0430\u0437\u0438\u043d\",\"item\":\"https:\\\/\\\/heatex.ee\\\/ru\\\/magazin\\\/\"},{\"@type\":\"ListItem\",\"position\":3,\"name\":\"Keraamiline k\u00fcttekeha\"}]},{\"@type\":\"WebSite\",\"@id\":\"https:\\\/\\\/heatex.ee\\\/ru\\\/#website\",\"url\":\"https:\\\/\\\/heatex.ee\\\/ru\\\/\",\"name\":\"Heatex.ee k\u00fctteseadmed\",\"description\":\"\u0418\u043c\u043f\u043e\u0440\u0442\u0435\u0440 \u044d\u043b\u0435\u043a\u0442\u0440\u0438\u0447\u0435\u0441\u043a\u0438\u0445 \u043e\u0431\u043e\u0433\u0440\u0435\u0432\u0430\u0442\u0435\u043b\u0435\u0439 \u0432 \u042d\u0441\u0442\u043e\u043d\u0438\u0438\",\"publisher\":{\"@id\":\"https:\\\/\\\/heatex.ee\\\/ru\\\/#organization\"},\"alternateName\":\"T\u00f6\u00f6tstuslikud Elektroonilised K\u00fctteseadmed\",\"potentialAction\":[{\"@type\":\"SearchAction\",\"target\":{\"@type\":\"EntryPoint\",\"urlTemplate\":\"https:\\\/\\\/heatex.ee\\\/ru\\\/?s={search_term_string}\"},\"query-input\":{\"@type\":\"PropertyValueSpecification\",\"valueRequired\":true,\"valueName\":\"search_term_string\"}}],\"inLanguage\":\"ru-RU\"},{\"@type\":\"Organization\",\"@id\":\"https:\\\/\\\/heatex.ee\\\/ru\\\/#organization\",\"name\":\"Heatex.ee k\u00fctteseadmed\",\"alternateName\":\"T\u00f6\u00f6tstuslikud Elektroonilised K\u00fctteseadmed\",\"url\":\"https:\\\/\\\/heatex.ee\\\/ru\\\/\",\"logo\":{\"@type\":\"ImageObject\",\"inLanguage\":\"ru-RU\",\"@id\":\"https:\\\/\\\/heatex.ee\\\/ru\\\/#\\\/schema\\\/logo\\\/image\\\/\",\"url\":\"https:\\\/\\\/heatex.ee\\\/wp-content\\\/uploads\\\/2025\\\/03\\\/cropped-Heatex-Logo-2.png\",\"contentUrl\":\"https:\\\/\\\/heatex.ee\\\/wp-content\\\/uploads\\\/2025\\\/03\\\/cropped-Heatex-Logo-2.png\",\"width\":800,\"height\":228,\"caption\":\"Heatex.ee k\u00fctteseadmed\"},\"image\":{\"@id\":\"https:\\\/\\\/heatex.ee\\\/ru\\\/#\\\/schema\\\/logo\\\/image\\\/\"}}]}<\/script>\n<!-- \/ Yoast SEO plugin. -->","yoast_head_json":{"title":"Keraamiline k\u00fcttekeha - Heatex.ee k\u00fctteseadmed","description":"Kvaliteetne keraamiline infrapuna k\u00fcttekeha eraldab pikalainelist infrapunakiirgust. Sulata, kuivata, k\u00f5venda v\u00e4rvi jpm. Uuri toodet l\u00e4hemalt!","robots":{"index":"index","follow":"follow","max-snippet":"max-snippet:-1","max-image-preview":"max-image-preview:large","max-video-preview":"max-video-preview:-1"},"canonical":"https:\/\/heatex.ee\/ru\/toode\/keraamiline-kuttekeha\/","og_locale":"ru_RU","og_type":"article","og_title":"Keraamiline k\u00fcttekeha - Heatex.ee k\u00fctteseadmed","og_description":"Kvaliteetne keraamiline infrapuna k\u00fcttekeha eraldab pikalainelist infrapunakiirgust. Sulata, kuivata, k\u00f5venda v\u00e4rvi jpm. Uuri toodet l\u00e4hemalt!","og_url":"https:\/\/heatex.ee\/ru\/toode\/keraamiline-kuttekeha\/","og_site_name":"Heatex.ee k\u00fctteseadmed","article_modified_time":"2025-12-19T08:12:05+00:00","og_image":[{"width":2288,"height":1716,"url":"https:\/\/heatex.ee\/wp-content\/uploads\/2025\/10\/ceramic_group_sp-1.jpg","type":"image\/jpeg"}],"twitter_card":"summary_large_image","twitter_misc":{"\u041f\u0440\u0438\u043c\u0435\u0440\u043d\u043e\u0435 \u0432\u0440\u0435\u043c\u044f \u0434\u043b\u044f \u0447\u0442\u0435\u043d\u0438\u044f":"2 \u043c\u0438\u043d\u0443\u0442\u044b"},"schema":{"@context":"https:\/\/schema.org","@graph":[{"@type":"WebPage","@id":"https:\/\/heatex.ee\/ru\/toode\/keraamiline-kuttekeha\/","url":"https:\/\/heatex.ee\/ru\/toode\/keraamiline-kuttekeha\/","name":"Keraamiline k\u00fcttekeha - Heatex.ee k\u00fctteseadmed","isPartOf":{"@id":"https:\/\/heatex.ee\/ru\/#website"},"primaryImageOfPage":{"@id":"https:\/\/heatex.ee\/ru\/toode\/keraamiline-kuttekeha\/#primaryimage"},"image":{"@id":"https:\/\/heatex.ee\/ru\/toode\/keraamiline-kuttekeha\/#primaryimage"},"thumbnailUrl":"https:\/\/heatex.ee\/wp-content\/uploads\/2025\/10\/ceramic_group_sp-1.jpg","datePublished":"2025-10-01T09:10:02+00:00","dateModified":"2025-12-19T08:12:05+00:00","description":"Kvaliteetne keraamiline infrapuna k\u00fcttekeha eraldab pikalainelist infrapunakiirgust. Sulata, kuivata, k\u00f5venda v\u00e4rvi jpm. Uuri toodet l\u00e4hemalt!","breadcrumb":{"@id":"https:\/\/heatex.ee\/ru\/toode\/keraamiline-kuttekeha\/#breadcrumb"},"inLanguage":"ru-RU","potentialAction":[{"@type":"ReadAction","target":["https:\/\/heatex.ee\/ru\/toode\/keraamiline-kuttekeha\/"]}]},{"@type":"ImageObject","inLanguage":"ru-RU","@id":"https:\/\/heatex.ee\/ru\/toode\/keraamiline-kuttekeha\/#primaryimage","url":"https:\/\/heatex.ee\/wp-content\/uploads\/2025\/10\/ceramic_group_sp-1.jpg","contentUrl":"https:\/\/heatex.ee\/wp-content\/uploads\/2025\/10\/ceramic_group_sp-1.jpg","width":2288,"height":1716},{"@type":"BreadcrumbList","@id":"https:\/\/heatex.ee\/ru\/toode\/keraamiline-kuttekeha\/#breadcrumb","itemListElement":[{"@type":"ListItem","position":1,"name":"Home","item":"https:\/\/heatex.ee\/ru\/"},{"@type":"ListItem","position":2,"name":"\u041c\u0430\u0433\u0430\u0437\u0438\u043d","item":"https:\/\/heatex.ee\/ru\/magazin\/"},{"@type":"ListItem","position":3,"name":"Keraamiline k\u00fcttekeha"}]},{"@type":"WebSite","@id":"https:\/\/heatex.ee\/ru\/#website","url":"https:\/\/heatex.ee\/ru\/","name":"Heatex.ee k\u00fctteseadmed","description":"\u0418\u043c\u043f\u043e\u0440\u0442\u0435\u0440 \u044d\u043b\u0435\u043a\u0442\u0440\u0438\u0447\u0435\u0441\u043a\u0438\u0445 \u043e\u0431\u043e\u0433\u0440\u0435\u0432\u0430\u0442\u0435\u043b\u0435\u0439 \u0432 \u042d\u0441\u0442\u043e\u043d\u0438\u0438","publisher":{"@id":"https:\/\/heatex.ee\/ru\/#organization"},"alternateName":"T\u00f6\u00f6tstuslikud Elektroonilised K\u00fctteseadmed","potentialAction":[{"@type":"SearchAction","target":{"@type":"EntryPoint","urlTemplate":"https:\/\/heatex.ee\/ru\/?s={search_term_string}"},"query-input":{"@type":"PropertyValueSpecification","valueRequired":true,"valueName":"search_term_string"}}],"inLanguage":"ru-RU"},{"@type":"Organization","@id":"https:\/\/heatex.ee\/ru\/#organization","name":"Heatex.ee k\u00fctteseadmed","alternateName":"T\u00f6\u00f6tstuslikud Elektroonilised K\u00fctteseadmed","url":"https:\/\/heatex.ee\/ru\/","logo":{"@type":"ImageObject","inLanguage":"ru-RU","@id":"https:\/\/heatex.ee\/ru\/#\/schema\/logo\/image\/","url":"https:\/\/heatex.ee\/wp-content\/uploads\/2025\/03\/cropped-Heatex-Logo-2.png","contentUrl":"https:\/\/heatex.ee\/wp-content\/uploads\/2025\/03\/cropped-Heatex-Logo-2.png","width":800,"height":228,"caption":"Heatex.ee k\u00fctteseadmed"},"image":{"@id":"https:\/\/heatex.ee\/ru\/#\/schema\/logo\/image\/"}}]}},"_links":{"self":[{"href":"https:\/\/heatex.ee\/ru\/wp-json\/wp\/v2\/product\/10036","targetHints":{"allow":["GET"]}}],"collection":[{"href":"https:\/\/heatex.ee\/ru\/wp-json\/wp\/v2\/product"}],"about":[{"href":"https:\/\/heatex.ee\/ru\/wp-json\/wp\/v2\/types\/product"}],"replies":[{"embeddable":true,"href":"https:\/\/heatex.ee\/ru\/wp-json\/wp\/v2\/comments?post=10036"}],"wp:featuredmedia":[{"embeddable":true,"href":"https:\/\/heatex.ee\/ru\/wp-json\/wp\/v2\/media\/10039"}],"wp:attachment":[{"href":"https:\/\/heatex.ee\/ru\/wp-json\/wp\/v2\/media?parent=10036"}],"wp:term":[{"taxonomy":"product_brand","embeddable":true,"href":"https:\/\/heatex.ee\/ru\/wp-json\/wp\/v2\/product_brand?post=10036"},{"taxonomy":"product_cat","embeddable":true,"href":"https:\/\/heatex.ee\/ru\/wp-json\/wp\/v2\/product_cat?post=10036"},{"taxonomy":"product_tag","embeddable":true,"href":"https:\/\/heatex.ee\/ru\/wp-json\/wp\/v2\/product_tag?post=10036"}],"curies":[{"name":"wp","href":"https:\/\/api.w.org\/{rel}","templated":true}]}}